{"id":6238,"date":"2022-09-29T07:03:31","date_gmt":"2022-09-29T07:03:31","guid":{"rendered":"https:\/\/popasulursilor.ro\/startseite\/"},"modified":"2024-12-07T10:48:20","modified_gmt":"2024-12-07T10:48:20","slug":"startseite","status":"publish","type":"page","link":"https:\/\/popasulursilor.ro\/de\/","title":{"rendered":"Startseite"},"content":{"rendered":"\n<div class=\"wp-block-media-text alignfull is-stacked-on-mobile has-contrast-color has-global-color-9-background-color has-text-color has-background\"><figure class=\"wp-block-media-text__media\"><img loading=\"lazy\" decoding=\"async\" width=\"1024\" height=\"858\" src=\"https:\/\/popasulursilor.ro\/wp-content\/uploads\/2022\/09\/pensiune-cazare-apuseni-1024x858.jpg\" alt=\"Popasul Ursilor Pension, eine wunderbare Pension, die hervorragende Unterkunftsbedingungen im Apuseni-Gebirge bietet\" class=\"wp-image-5418 size-full\" srcset=\"https:\/\/popasulursilor.ro\/wp-content\/uploads\/2022\/09\/pensiune-cazare-apuseni-1024x858.jpg 1024w, https:\/\/popasulursilor.ro\/wp-content\/uploads\/2022\/09\/pensiune-cazare-apuseni-300x251.jpg 300w, https:\/\/popasulursilor.ro\/wp-content\/uploads\/2022\/09\/pensiune-cazare-apuseni-768x643.jpg 768w, https:\/\/popasulursilor.ro\/wp-content\/uploads\/2022\/09\/pensiune-cazare-apuseni-1536x1286.jpg 1536w, https:\/\/popasulursilor.ro\/wp-content\/uploads\/2022\/09\/pensiune-cazare-apuseni-200x168.jpg 200w, https:\/\/popasulursilor.ro\/wp-content\/uploads\/2022\/09\/pensiune-cazare-apuseni.jpg 1920w\" sizes=\"auto, (max-width: 1024px) 100vw, 1024px\" \/><\/figure><div class=\"wp-block-media-text__content\">\n<div style=\"height:30px\" aria-hidden=\"true\" class=\"wp-block-spacer\"><\/div>\n\n\n\n<h1 class=\"gb-headline gb-headline-d38ab841 gb-headline-text\">Unterkunft im Apuseni-Gebirge im POPASUL URSILOR gasthaus<\/h1>\n\n\n\n<h3 class=\"wp-block-heading\">Verbringen Sie einen m\u00e4rchenhaften Aufenthalt weniger Minuten entfernt von der B\u00e4renh\u00f6hle<\/h3>\n\n\n\n<p class=\"has-small-font-size\">Sie denken vielleicht, dass wir scherzen, aber Sie werden sehen, dass es genau so ist! Hier im Apuseni-Gebirge wird nicht gescherzt, wenn es um G\u00e4ste, Gastfreundschaft, Sauberkeit, Essen und&#8230;Palinca geht!<\/p>\n\n\n\n<p class=\"has-small-font-size\">Kommen Sie zu uns und \u00dcberzeugen Sie sich selbst!<\/p>\n\n\n\n<p class=\"has-small-font-size\">Erkunden Sie die wilde, aufregende, sch\u00f6ne Landschaft. Entdecken Sie die gesch\u00fctzte Gebiete vom <strong>Apuseni-Naturpark<\/strong>. Besichtigen Sie die <strong>B\u00e4renh\u00f6hle<\/strong>, Ponor Burg, Radesei Burg, Motului Kirche, der Lebendige Feuergletscher, <strong>die <a href=\"https:\/\/popasulursilor.ro\/de\/attraktionen\/\">Gletscherh\u00f6hle<\/a> von Scarisoara<\/strong> , Ethnographisches Museum &#8211; Horea und Aurel Flutur, sowie viele, viele andere<a href=\"https:\/\/popasulursilor.ro\/de\/attraktionen\/\">  lokale Attraktionen<\/a>.<\/p>\n\n\n\n<div style=\"height:30px\" aria-hidden=\"true\" class=\"wp-block-spacer\"><\/div>\n<\/div><\/div>\n\n\n<div class=\"gb-container gb-container-f642de2b\" id=\"listings\"><div class=\"gb-inside-container\">\n\n<h3 class=\"gb-headline gb-headline-f2a2a107 gb-headline-text\">Sie haben allen Grund, bei uns zu bleiben!<\/h3>\n\n\n\n<p class=\"has-text-align-center\">&#8230;und wir geben euch noch mehr, also bringen Sie n\u00e4chstes Mal Ihre Freunde mit!<\/p>\n\n\n<div class=\"gb-grid-wrapper gb-grid-wrapper-5e220f2d\">\n<div class=\"gb-grid-column gb-grid-column-7dfe351b\"><div class=\"gb-container gb-container-7dfe351b\"><div class=\"gb-inside-container\">\n\n<figure class=\"wp-block-image size-full\"><img loading=\"lazy\" decoding=\"async\" width=\"1500\" height=\"1001\" src=\"https:\/\/popasulursilor.ro\/wp-content\/uploads\/2022\/09\/cazare-arieseni.jpg\" alt=\"\" class=\"wp-image-5541\" srcset=\"https:\/\/popasulursilor.ro\/wp-content\/uploads\/2022\/09\/cazare-arieseni.jpg 1500w, https:\/\/popasulursilor.ro\/wp-content\/uploads\/2022\/09\/cazare-arieseni-300x200.jpg 300w, https:\/\/popasulursilor.ro\/wp-content\/uploads\/2022\/09\/cazare-arieseni-1024x683.jpg 1024w, https:\/\/popasulursilor.ro\/wp-content\/uploads\/2022\/09\/cazare-arieseni-768x513.jpg 768w, https:\/\/popasulursilor.ro\/wp-content\/uploads\/2022\/09\/cazare-arieseni-200x133.jpg 200w\" sizes=\"auto, (max-width: 1500px) 100vw, 1500px\" \/><\/figure>\n\n\n\n<h4 class=\"gb-headline gb-headline-fe1d47b3 gb-headline-text\">24 ger\u00e4umige, saubere Zimmer mit eigenem Bad<\/h4>\n\n<\/div><\/div><\/div>\n\n<div class=\"gb-grid-column gb-grid-column-24671cb1\"><div class=\"gb-container gb-container-24671cb1\"><div class=\"gb-inside-container\">\n\n<figure class=\"wp-block-image size-large\"><img loading=\"lazy\" decoding=\"async\" width=\"1024\" height=\"683\" src=\"https:\/\/popasulursilor.ro\/wp-content\/uploads\/2022\/09\/cazare-pensiuni-arieseni-popasul-ursilor-1024x683.jpg\" alt=\"Unterkunft Pension Popasul Ursilor Arieseni, in der N\u00e4he der B\u00e4renh\u00f6hle, Apuseni-Gebirge\" class=\"wp-image-5516\" srcset=\"https:\/\/popasulursilor.ro\/wp-content\/uploads\/2022\/09\/cazare-pensiuni-arieseni-popasul-ursilor-1024x683.jpg 1024w, https:\/\/popasulursilor.ro\/wp-content\/uploads\/2022\/09\/cazare-pensiuni-arieseni-popasul-ursilor-300x200.jpg 300w, https:\/\/popasulursilor.ro\/wp-content\/uploads\/2022\/09\/cazare-pensiuni-arieseni-popasul-ursilor-768x512.jpg 768w, https:\/\/popasulursilor.ro\/wp-content\/uploads\/2022\/09\/cazare-pensiuni-arieseni-popasul-ursilor-1536x1024.jpg 1536w, https:\/\/popasulursilor.ro\/wp-content\/uploads\/2022\/09\/cazare-pensiuni-arieseni-popasul-ursilor-200x133.jpg 200w, https:\/\/popasulursilor.ro\/wp-content\/uploads\/2022\/09\/cazare-pensiuni-arieseni-popasul-ursilor.jpg 1920w\" sizes=\"auto, (max-width: 1024px) 100vw, 1024px\" \/><\/figure>\n\n\n\n<p class=\"gb-headline gb-headline-d7d1c745 gb-headline-text\"><meta charset=\"utf-8\">Wundersch\u00f6ne Naturlandschaften k\u00f6nnen direkt von der Terrasse aus bewundert werden<\/p>\n\n<\/div><\/div><\/div>\n\n<div class=\"gb-grid-column gb-grid-column-1395e122\"><div class=\"gb-container gb-container-1395e122\"><div class=\"gb-inside-container\">\n\n<figure class=\"wp-block-image size-large\"><img loading=\"lazy\" decoding=\"async\" width=\"1024\" height=\"683\" src=\"https:\/\/popasulursilor.ro\/wp-content\/uploads\/2022\/09\/pensiune-cu-restaurant-arieseni-1024x683.jpg\" alt=\"Pension mit Restaurant und Veranstaltungsraum in Arieseni, Apuseni-Gebirge\" class=\"wp-image-5568\" srcset=\"https:\/\/popasulursilor.ro\/wp-content\/uploads\/2022\/09\/pensiune-cu-restaurant-arieseni-1024x683.jpg 1024w, https:\/\/popasulursilor.ro\/wp-content\/uploads\/2022\/09\/pensiune-cu-restaurant-arieseni-300x200.jpg 300w, https:\/\/popasulursilor.ro\/wp-content\/uploads\/2022\/09\/pensiune-cu-restaurant-arieseni-768x512.jpg 768w, https:\/\/popasulursilor.ro\/wp-content\/uploads\/2022\/09\/pensiune-cu-restaurant-arieseni-200x133.jpg 200w, https:\/\/popasulursilor.ro\/wp-content\/uploads\/2022\/09\/pensiune-cu-restaurant-arieseni.jpg 1500w\" sizes=\"auto, (max-width: 1024px) 100vw, 1024px\" \/><\/figure>\n\n\n\n<h4 class=\"gb-headline gb-headline-1acaee83 gb-headline-text\">Veranstaltungssaal mit 200 Pl\u00e4tzen. Wir k\u00f6nnen um weitere 150 Pl\u00e4tze erweitern<\/h4>\n\n\n\n<p class=\"gb-headline gb-headline-67a62c4c gb-headline-text\"><meta charset=\"utf-8\">Organisieren Sie Ihre Veranstaltung mitten im Herzen des Apuseni-Gebirges<\/p>\n\n<\/div><\/div><\/div>\n\n<div class=\"gb-grid-column gb-grid-column-c4b9d987\"><div class=\"gb-container gb-container-c4b9d987\"><div class=\"gb-inside-container\">\n\n<figure class=\"wp-block-image size-large\"><img loading=\"lazy\" decoding=\"async\" width=\"1024\" height=\"692\" src=\"https:\/\/popasulursilor.ro\/wp-content\/uploads\/2022\/09\/cazare-popasul-ursilor-apuseni-1024x692.jpg\" alt=\"Unterkunft Popasul Ursilor, Arieseni\" class=\"wp-image-5546\" srcset=\"https:\/\/popasulursilor.ro\/wp-content\/uploads\/2022\/09\/cazare-popasul-ursilor-apuseni-1024x692.jpg 1024w, https:\/\/popasulursilor.ro\/wp-content\/uploads\/2022\/09\/cazare-popasul-ursilor-apuseni-300x203.jpg 300w, https:\/\/popasulursilor.ro\/wp-content\/uploads\/2022\/09\/cazare-popasul-ursilor-apuseni-768x519.jpg 768w, https:\/\/popasulursilor.ro\/wp-content\/uploads\/2022\/09\/cazare-popasul-ursilor-apuseni-200x135.jpg 200w, https:\/\/popasulursilor.ro\/wp-content\/uploads\/2022\/09\/cazare-popasul-ursilor-apuseni.jpg 1500w\" sizes=\"auto, (max-width: 1024px) 100vw, 1024px\" \/><\/figure>\n\n\n\n<h4 class=\"gb-headline gb-headline-59cb2f5a gb-headline-text\">Saubere, ger\u00e4umige und einladende B\u00e4der<\/h4>\n\n\n\n<p class=\"gb-headline gb-headline-c42ba1a5 gb-headline-text\"><meta charset=\"utf-8\">Wir bem\u00fchen uns, unseren G\u00e4sten besondere Unterkunftsbedingungen zu bieten<\/p>\n\n<\/div><\/div><\/div>\n\n<div class=\"gb-grid-column gb-grid-column-6bf32184\"><div class=\"gb-container gb-container-6bf32184\"><div class=\"gb-inside-container\">\n\n<figure class=\"wp-block-image size-large\"><img loading=\"lazy\" decoding=\"async\" width=\"1024\" height=\"692\" src=\"https:\/\/popasulursilor.ro\/wp-content\/uploads\/2022\/09\/loc-de-joaca-copii-arieseni-1024x692.jpg\" alt=\"\" class=\"wp-image-5580\" srcset=\"https:\/\/popasulursilor.ro\/wp-content\/uploads\/2022\/09\/loc-de-joaca-copii-arieseni-1024x692.jpg 1024w, https:\/\/popasulursilor.ro\/wp-content\/uploads\/2022\/09\/loc-de-joaca-copii-arieseni-300x203.jpg 300w, https:\/\/popasulursilor.ro\/wp-content\/uploads\/2022\/09\/loc-de-joaca-copii-arieseni-768x519.jpg 768w, https:\/\/popasulursilor.ro\/wp-content\/uploads\/2022\/09\/loc-de-joaca-copii-arieseni-200x135.jpg 200w, https:\/\/popasulursilor.ro\/wp-content\/uploads\/2022\/09\/loc-de-joaca-copii-arieseni.jpg 1500w\" sizes=\"auto, (max-width: 1024px) 100vw, 1024px\" \/><\/figure>\n\n\n\n<h4 class=\"gb-headline gb-headline-934821d4 gb-headline-text\">Spielplatz f\u00fcr Kinder<\/h4>\n\n\n\n<p class=\"gb-headline gb-headline-5dee6ec6 gb-headline-text\"><meta charset=\"utf-8\">Kinder spielen in der Natur und Eltern entspannen sich. Eine f\u00fcr beide Seiten vorteilhafte Situation \ud83d\ude09<\/p>\n\n<\/div><\/div><\/div>\n\n<div class=\"gb-grid-column gb-grid-column-b74973d2\"><div class=\"gb-container gb-container-b74973d2\"><div class=\"gb-inside-container\">\n\n<figure class=\"wp-block-image size-large\"><img loading=\"lazy\" decoding=\"async\" width=\"1024\" height=\"683\" src=\"https:\/\/popasulursilor.ro\/wp-content\/uploads\/2022\/09\/IMG_0252-1024x683.jpg\" alt=\"\" class=\"wp-image-5585\" srcset=\"https:\/\/popasulursilor.ro\/wp-content\/uploads\/2022\/09\/IMG_0252-1024x683.jpg 1024w, https:\/\/popasulursilor.ro\/wp-content\/uploads\/2022\/09\/IMG_0252-300x200.jpg 300w, https:\/\/popasulursilor.ro\/wp-content\/uploads\/2022\/09\/IMG_0252-768x512.jpg 768w, https:\/\/popasulursilor.ro\/wp-content\/uploads\/2022\/09\/IMG_0252-200x133.jpg 200w, https:\/\/popasulursilor.ro\/wp-content\/uploads\/2022\/09\/IMG_0252.jpg 1500w\" sizes=\"auto, (max-width: 1024px) 100vw, 1024px\" \/><\/figure>\n\n\n\n<h4 class=\"gb-headline gb-headline-2271b7c1 gb-headline-text\">Unser Garten in der Natur<\/h4>\n\n\n\n<p class=\"gb-headline gb-headline-f19f3857 gb-headline-text\"><meta charset=\"utf-8\">Wenn man aus dem Zimmer tritt, ist man praktisch mitten in der Natur. Was k\u00f6nnte es Sch\u00f6neres geben?<\/p>\n\n<\/div><\/div><\/div>\n<\/div>\n\n\n<div class=\"wp-block-buttons is-content-justification-center is-layout-flex wp-container-core-buttons-is-layout-16018d1d wp-block-buttons-is-layout-flex\">\n<div class=\"wp-block-button\"><a class=\"wp-block-button__link wp-element-button\" href=\"https:\/\/popasulursilor.ro\/de\/attraktionen\/\">Siehe lokale Attraktionen<\/a><\/div>\n<\/div>\n\n<\/div><div class=\"gb-shapes\"><div class=\"gb-shape gb-shape-1\"><svg xmlns=\"http:\/\/www.w3.org\/2000\/svg\" viewBox=\"0 0 1200 360\" preserveAspectRatio=\"none\"><path d=\"M1200 360H0V0l1200 348z\"\/><\/svg><\/div><\/div><\/div>\n\n<div class=\"gb-container gb-container-ea6bcfcc\"><div class=\"gb-inside-container\">\n\n<h3 class=\"gb-headline gb-headline-36fc67ac gb-headline-text\">Suchen Sie eine Unterkunft im Herzen des Apuseni-Gebirges?<\/h3>\n\n\n\n<p>Verbringen Sie eine unvergessliche Zeit im Herzen des Apuseni-Gebirges, in der N\u00e4he der B\u00e4renh\u00f6hle, einem besonders malerischen Ort, an dem Traditionen zu Hause sind!<\/p>\n\n\n<div class=\"gb-container gb-container-003ba905\"><div class=\"gb-inside-container\">\n<div class=\"gb-grid-wrapper gb-grid-wrapper-3bfbdaa1\">\n<div class=\"gb-grid-column gb-grid-column-65ac58a2\"><div class=\"gb-container gb-container-65ac58a2\"><div class=\"gb-inside-container\">\n\n<h4 class=\"gb-headline gb-headline-f8165eb4 gb-headline-text\">Empfang im Dorf der B\u00e4ren<\/h4>\n\n\n\n<h5 class=\"gb-headline gb-headline-65eb39a1\"><span class=\"gb-icon\"><svg xmlns=\"http:\/\/www.w3.org\/2000\/svg\" aria-hidden=\"true\" role=\"img\" height=\"1em\" width=\"1em\" viewbox=\"0 0 512 512\"><path fill=\"currentColor\" d=\"M493.4 24.6l-104-24c-11.3-2.6-22.9 3.3-27.5 13.9l-48 112c-4.2 9.8-1.4 21.3 6.9 28l60.6 49.6c-36 76.7-98.9 140.5-177.2 177.2l-49.6-60.6c-6.8-8.3-18.2-11.1-28-6.9l-112 48C3.9 366.5-2 378.1.6 389.4l24 104C27.1 504.2 36.7 512 48 512c256.1 0 464-207.5 464-464 0-11.2-7.7-20.9-18.6-23.4z\"><\/path><\/svg><\/span><span class=\"gb-headline-text\"><a href=\"tel:0040746772417\">0746.772.417<\/a><\/span><\/h5>\n\n\n\n<p>F\u00fcr Reservierungen oder Informationen stehen wir Ihnen gerne zur Verf\u00fcgung, beantworten Ihre Fragen und freuen uns darauf, dass Sie ein paar unvergessliche Tage an einem wundersch\u00f6nen Ort voller Geschichte und Traditionen im Herzen des Apuseni-Gebirges verbringen!<\/p>\n\n\n<div class=\"gb-button-wrapper gb-button-wrapper-f9f60df4\">\n\n<a class=\"gb-button gb-button-bbf7fd78 gb-button-text button smooth-scroll\" href=\"tel:0040746772417\">Jetzt anrufen<\/a>\n\n\n\n<a class=\"gb-button gb-button-4e91cace gb-button-text button smooth-scroll\" href=\"https:\/\/popasulursilor.ro\/de\/reservierungen\/\">Eine Reservierung vornehmen<\/a>\n\n<\/div>\n<\/div><\/div><\/div>\n<\/div>\n<\/div><\/div>\n<\/div><\/div>","protected":false},"excerpt":{"rendered":"<p>Sie haben allen Grund, bei uns zu bleiben! &#8230;und wir geben euch noch mehr, also bringen Sie n\u00e4chstes Mal Ihre Freunde mit!<\/p>\n","protected":false},"author":1,"featured_media":0,"parent":0,"menu_order":0,"comment_status":"closed","ping_status":"closed","template":"","meta":{"footnotes":""},"class_list":{"0":"post-6238","1":"page","2":"type-page","3":"status-publish","5":"no-featured-image-padding"},"yoast_head":"<!-- This site is optimized with the Yoast SEO plugin v27.1.1 - https:\/\/yoast.com\/product\/yoast-seo-wordpress\/ -->\n<title>Unterkunft Apuseni Mountains Pestera Ursilor in der Pension Popasul Ursilor<\/title>\n<meta name=\"description\" content=\"Suchen Sie eine Unterkunft in Arieseni, in der N\u00e4he von Bear Cave? Kommen Sie ins G\u00e4stehaus Popasul Ursilor, in die H\u00f6hle und erkunden Sie das Apuseni-Gebirge\" \/>\n<meta name=\"robots\" content=\"index, follow, max-snippet:-1, max-image-preview:large, max-video-preview:-1\" \/>\n<link rel=\"canonical\" href=\"https:\/\/popasulursilor.ro\/de\/\" \/>\n<meta property=\"og:locale\" content=\"de_DE\" \/>\n<meta property=\"og:type\" content=\"article\" \/>\n<meta property=\"og:title\" content=\"Unterkunft Apuseni Mountains Pestera Ursilor in der Pension Popasul Ursilor\" \/>\n<meta property=\"og:description\" content=\"Suchen Sie eine Unterkunft in Arieseni, in der N\u00e4he von Bear Cave? Kommen Sie ins G\u00e4stehaus Popasul Ursilor, in die H\u00f6hle und erkunden Sie das Apuseni-Gebirge\" \/>\n<meta property=\"og:url\" content=\"https:\/\/popasulursilor.ro\/de\/\" \/>\n<meta property=\"og:site_name\" content=\"Pensiunea Popasul Ursilor\" \/>\n<meta property=\"article:modified_time\" content=\"2024-12-07T10:48:20+00:00\" \/>\n<meta property=\"og:image\" content=\"https:\/\/popasulursilor.ro\/wp-content\/uploads\/2022\/09\/pensiune-cazare-apuseni.jpg\" \/>\n\t<meta property=\"og:image:width\" content=\"1920\" \/>\n\t<meta property=\"og:image:height\" content=\"1608\" \/>\n\t<meta property=\"og:image:type\" content=\"image\/jpeg\" \/>\n<meta name=\"twitter:card\" content=\"summary_large_image\" \/>\n<meta name=\"twitter:label1\" content=\"Gesch\u00e4tzte Lesezeit\" \/>\n\t<meta name=\"twitter:data1\" content=\"4\u00a0Minuten\" \/>\n<script type=\"application\/ld+json\" class=\"yoast-schema-graph\">{\"@context\":\"https:\/\/schema.org\",\"@graph\":[{\"@type\":\"WebPage\",\"@id\":\"https:\/\/popasulursilor.ro\/de\/\",\"url\":\"https:\/\/popasulursilor.ro\/de\/\",\"name\":\"Unterkunft Apuseni Mountains Pestera Ursilor in der Pension Popasul Ursilor\",\"isPartOf\":{\"@id\":\"https:\/\/popasulursilor.ro\/de\/#website\"},\"primaryImageOfPage\":{\"@id\":\"https:\/\/popasulursilor.ro\/de\/#primaryimage\"},\"image\":{\"@id\":\"https:\/\/popasulursilor.ro\/de\/#primaryimage\"},\"thumbnailUrl\":\"https:\/\/popasulursilor.ro\/wp-content\/uploads\/2022\/09\/pensiune-cazare-apuseni-1024x858.jpg\",\"datePublished\":\"2022-09-29T07:03:31+00:00\",\"dateModified\":\"2024-12-07T10:48:20+00:00\",\"description\":\"Suchen Sie eine Unterkunft in Arieseni, in der N\u00e4he von Bear Cave? Kommen Sie ins G\u00e4stehaus Popasul Ursilor, in die H\u00f6hle und erkunden Sie das Apuseni-Gebirge\",\"breadcrumb\":{\"@id\":\"https:\/\/popasulursilor.ro\/de\/#breadcrumb\"},\"inLanguage\":\"de\",\"potentialAction\":[{\"@type\":\"ReadAction\",\"target\":[\"https:\/\/popasulursilor.ro\/de\/\"]}]},{\"@type\":\"ImageObject\",\"inLanguage\":\"de\",\"@id\":\"https:\/\/popasulursilor.ro\/de\/#primaryimage\",\"url\":\"https:\/\/popasulursilor.ro\/wp-content\/uploads\/2022\/09\/pensiune-cazare-apuseni-1024x858.jpg\",\"contentUrl\":\"https:\/\/popasulursilor.ro\/wp-content\/uploads\/2022\/09\/pensiune-cazare-apuseni-1024x858.jpg\"},{\"@type\":\"BreadcrumbList\",\"@id\":\"https:\/\/popasulursilor.ro\/de\/#breadcrumb\",\"itemListElement\":[{\"@type\":\"ListItem\",\"position\":1,\"name\":\"Prima pagin\u0103\",\"item\":\"https:\/\/popasulursilor.ro\/de\/\"},{\"@type\":\"ListItem\",\"position\":2,\"name\":\"Startseite\"}]},{\"@type\":\"WebSite\",\"@id\":\"https:\/\/popasulursilor.ro\/de\/#website\",\"url\":\"https:\/\/popasulursilor.ro\/de\/\",\"name\":\"Pensiunea Popasul Ursilor\",\"description\":\"Cazare langa Pestera Ursilor Muntii Apuseni\",\"potentialAction\":[{\"@type\":\"SearchAction\",\"target\":{\"@type\":\"EntryPoint\",\"urlTemplate\":\"https:\/\/popasulursilor.ro\/de\/?s={search_term_string}\"},\"query-input\":{\"@type\":\"PropertyValueSpecification\",\"valueRequired\":true,\"valueName\":\"search_term_string\"}}],\"inLanguage\":\"de\"}]}<\/script>\n<!-- \/ Yoast SEO plugin. -->","yoast_head_json":{"title":"Unterkunft Apuseni Mountains Pestera Ursilor in der Pension Popasul Ursilor","description":"Suchen Sie eine Unterkunft in Arieseni, in der N\u00e4he von Bear Cave? Kommen Sie ins G\u00e4stehaus Popasul Ursilor, in die H\u00f6hle und erkunden Sie das Apuseni-Gebirge","robots":{"index":"index","follow":"follow","max-snippet":"max-snippet:-1","max-image-preview":"max-image-preview:large","max-video-preview":"max-video-preview:-1"},"canonical":"https:\/\/popasulursilor.ro\/de\/","og_locale":"de_DE","og_type":"article","og_title":"Unterkunft Apuseni Mountains Pestera Ursilor in der Pension Popasul Ursilor","og_description":"Suchen Sie eine Unterkunft in Arieseni, in der N\u00e4he von Bear Cave? Kommen Sie ins G\u00e4stehaus Popasul Ursilor, in die H\u00f6hle und erkunden Sie das Apuseni-Gebirge","og_url":"https:\/\/popasulursilor.ro\/de\/","og_site_name":"Pensiunea Popasul Ursilor","article_modified_time":"2024-12-07T10:48:20+00:00","og_image":[{"width":1920,"height":1608,"url":"https:\/\/popasulursilor.ro\/wp-content\/uploads\/2022\/09\/pensiune-cazare-apuseni.jpg","type":"image\/jpeg"}],"twitter_card":"summary_large_image","twitter_misc":{"Gesch\u00e4tzte Lesezeit":"4\u00a0Minuten"},"schema":{"@context":"https:\/\/schema.org","@graph":[{"@type":"WebPage","@id":"https:\/\/popasulursilor.ro\/de\/","url":"https:\/\/popasulursilor.ro\/de\/","name":"Unterkunft Apuseni Mountains Pestera Ursilor in der Pension Popasul Ursilor","isPartOf":{"@id":"https:\/\/popasulursilor.ro\/de\/#website"},"primaryImageOfPage":{"@id":"https:\/\/popasulursilor.ro\/de\/#primaryimage"},"image":{"@id":"https:\/\/popasulursilor.ro\/de\/#primaryimage"},"thumbnailUrl":"https:\/\/popasulursilor.ro\/wp-content\/uploads\/2022\/09\/pensiune-cazare-apuseni-1024x858.jpg","datePublished":"2022-09-29T07:03:31+00:00","dateModified":"2024-12-07T10:48:20+00:00","description":"Suchen Sie eine Unterkunft in Arieseni, in der N\u00e4he von Bear Cave? Kommen Sie ins G\u00e4stehaus Popasul Ursilor, in die H\u00f6hle und erkunden Sie das Apuseni-Gebirge","breadcrumb":{"@id":"https:\/\/popasulursilor.ro\/de\/#breadcrumb"},"inLanguage":"de","potentialAction":[{"@type":"ReadAction","target":["https:\/\/popasulursilor.ro\/de\/"]}]},{"@type":"ImageObject","inLanguage":"de","@id":"https:\/\/popasulursilor.ro\/de\/#primaryimage","url":"https:\/\/popasulursilor.ro\/wp-content\/uploads\/2022\/09\/pensiune-cazare-apuseni-1024x858.jpg","contentUrl":"https:\/\/popasulursilor.ro\/wp-content\/uploads\/2022\/09\/pensiune-cazare-apuseni-1024x858.jpg"},{"@type":"BreadcrumbList","@id":"https:\/\/popasulursilor.ro\/de\/#breadcrumb","itemListElement":[{"@type":"ListItem","position":1,"name":"Prima pagin\u0103","item":"https:\/\/popasulursilor.ro\/de\/"},{"@type":"ListItem","position":2,"name":"Startseite"}]},{"@type":"WebSite","@id":"https:\/\/popasulursilor.ro\/de\/#website","url":"https:\/\/popasulursilor.ro\/de\/","name":"Pensiunea Popasul Ursilor","description":"Cazare langa Pestera Ursilor Muntii Apuseni","potentialAction":[{"@type":"SearchAction","target":{"@type":"EntryPoint","urlTemplate":"https:\/\/popasulursilor.ro\/de\/?s={search_term_string}"},"query-input":{"@type":"PropertyValueSpecification","valueRequired":true,"valueName":"search_term_string"}}],"inLanguage":"de"}]}},"_links":{"self":[{"href":"https:\/\/popasulursilor.ro\/de\/wp-json\/wp\/v2\/pages\/6238","targetHints":{"allow":["GET"]}}],"collection":[{"href":"https:\/\/popasulursilor.ro\/de\/wp-json\/wp\/v2\/pages"}],"about":[{"href":"https:\/\/popasulursilor.ro\/de\/wp-json\/wp\/v2\/types\/page"}],"author":[{"embeddable":true,"href":"https:\/\/popasulursilor.ro\/de\/wp-json\/wp\/v2\/users\/1"}],"replies":[{"embeddable":true,"href":"https:\/\/popasulursilor.ro\/de\/wp-json\/wp\/v2\/comments?post=6238"}],"version-history":[{"count":10,"href":"https:\/\/popasulursilor.ro\/de\/wp-json\/wp\/v2\/pages\/6238\/revisions"}],"predecessor-version":[{"id":6702,"href":"https:\/\/popasulursilor.ro\/de\/wp-json\/wp\/v2\/pages\/6238\/revisions\/6702"}],"wp:attachment":[{"href":"https:\/\/popasulursilor.ro\/de\/wp-json\/wp\/v2\/media?parent=6238"}],"curies":[{"name":"wp","href":"https:\/\/api.w.org\/{rel}","templated":true}]}}