{"id":6240,"date":"2022-09-29T07:03:35","date_gmt":"2022-09-29T07:03:35","guid":{"rendered":"https:\/\/popasulursilor.ro\/datenschutzbestimmungen\/"},"modified":"2022-09-29T07:03:35","modified_gmt":"2022-09-29T07:03:35","slug":"datenschutzbestimmungen","status":"publish","type":"page","link":"https:\/\/popasulursilor.ro\/de\/datenschutzbestimmungen\/","title":{"rendered":"Datenschutzbestimmungen"},"content":{"rendered":"\n<p>SC FIRMA AICI srl, CUI <strong>\n  <em>\n    <strong>, eingetragen im Handelsregister des Bezirks _<\/strong>\n  <\/em>\n<\/strong>als Verantwortlicher f\u00fcr die Verarbeitung personenbezogener Daten erhebt und verarbeitet Daten gem\u00e4\u00df den Bestimmungen des Gesetzes Nr. 677 vom 21.11.2001 und seit dem 25.05.2018 sowie gem\u00e4\u00df den Bestimmungen der Verordnung Nr. 679 vom 27.04.2016 zum Schutz nat\u00fcrlicher Personen bei der Verarbeitung personenbezogener Daten und zum freien Datenverkehr.<\/p>\n\n<p>Zweck dieses Dokuments ist es, Sie genau, spezifisch und unmissverst\u00e4ndlich dar\u00fcber zu informieren, wie und zu welchem Zweck diese Daten erhoben und verarbeitet werden, wie lange diese Daten aufbewahrt werden, wie Sie Ihre individuellen Rechte aus\u00fcben k\u00f6nnen und welche Nebenzwecke mit der Verarbeitung verfolgt werden, wenn die Daten zu einem anderen Zweck als dem, f\u00fcr den sie von den f\u00fcr die Verarbeitung Verantwortlichen erhoben wurden, verarbeitet werden.<\/p>\n\n<p>Bei der Verarbeitung dieser Daten ber\u00fccksichtigen wir die geltenden Gesetze \u00fcber den Schutz und die Verarbeitung personenbezogener Daten. Zu diesem Zweck haben wir ein internes Audit \u00fcber die Erhebung, Verarbeitung und \u00dcbermittlung personenbezogener Daten durchgef\u00fchrt, geeignete technische Ma\u00dfnahmen ergriffen und eine Reihe interner technischer und administrativer Verfahren eingef\u00fchrt sowie Schulungen innerhalb des Teams durchgef\u00fchrt, um das Bewusstsein zu sch\u00e4rfen und die Teammitglieder zu st\u00e4rken.<\/p>\n\n<p>Pers\u00f6nliche Daten, die von unserem Unternehmen \u00fcber die Website oder durch direkte Kommunikation zum Zwecke der Durchf\u00fchrung von Arbeiten erhoben werden<br\/>Wenn Sie unser Kunde sind, erheben und verarbeiten wir die folgenden Daten zu dem legitimen Zweck, Rechnungen zu erstellen und Bestellungen zu optimalen Bedingungen auszuliefern:<\/p>\n\n<ul class=\"wp-block-list\"><li>Name, Vorname, Adresse, Stadt, Landkreis, Postleitzahl, E-Mail und Telefonnummer, Bank und Bankkonto, um die Steuerrechnung und den Dienstleistungsvertrag ausstellen zu k\u00f6nnen.<\/li><li>Wenn Sie sich f\u00fcr den Newsletter des Unternehmens entscheiden, ohne Kunde zu sein, erfassen wir Ihre E-Mail-Adresse f\u00fcr Marketingmitteilungen, Ihren Namen und das Datum Ihrer Registrierung in der Datenbank, um einen Nachweis f\u00fcr Ihr Abonnement des Newsletters des Unternehmens zu erhalten.<\/li><li>andere Informationen, die der Kunde unserem Unternehmen im Rahmen und zum Zweck der Erbringung der Dienstleistungen \u00fcbermittelt<\/li><\/ul>\n\n<p>Wenn Sie ein Besucher sind, werden nur die Daten gespeichert, die von den Cookies erfasst werden, die der Besucher beim ersten Besuch der Website \u00fcber das Benachrichtigungsfenster der Cookie-Richtlinie akzeptiert und die auf der Seite Cookie-Richtlinie beschrieben sind.<\/p>\n\n<h3 class=\"wp-block-heading\">Dauer der Verarbeitung von personenbezogenen Daten<\/h3>\n\n<p>Die Dauer der Speicherung und Verarbeitung personenbezogener Daten ist eng mit der Arbeitsbeziehung zwischen unserem Unternehmen und Ihnen als Kunde oder potenziellem Kunden verbunden. Die Daten k\u00f6nnen auf ausdr\u00fccklichen Wunsch des Kontoinhabers oder in dem Ma\u00dfe gel\u00f6scht werden, wie es zur Erreichung der auf dieser Seite genannten Zwecke erforderlich ist.<\/p>\n\n<p>Die f\u00fcr die Erstellung von Steuerrechnungen und Vertr\u00e4gen erforderlichen Daten werden so lange aufbewahrt, wie es f\u00fcr die Erf\u00fcllung der gesetzlichen Verpflichtungen (Steuern, Archivierung) nach rum\u00e4nischem Recht erforderlich ist.<\/p>\n\n<h3 class=\"wp-block-heading\">Empf\u00e4nger von personenbezogenen Daten<\/h3>\n\n<p>Personenbezogene Daten k\u00f6nnen im Rahmen des t\u00e4glichen Arbeitsprozesses an die folgenden Personen oder Einrichtungen weitergegeben oder von diesen eingesehen werden:<\/p>\n\n<ul class=\"wp-block-list\"><li>Mitarbeiter unseres Unternehmens, um unsere T\u00e4tigkeiten ordnungsgem\u00e4\u00df auszuf\u00fchren<\/li><li>an die begrenzten Mitarbeiter des Unternehmens, um die T\u00e4tigkeit des Unternehmens unter guten Bedingungen aus\u00fcben zu k\u00f6nnen (an die Buchhaltungsdienstleister, an den Hosting-Dienstleister durch \u00dcbersendung von Formularen, an den Rechnungsdienstleister)<\/li><li>wenn eine solche Mitteilung f\u00fcr die Verleihung von Preisen oder anderen Verg\u00fcnstigungen an betroffene Personen erforderlich ist, die diese aufgrund ihrer Teilnahme an verschiedenen Werbekampagnen erhalten haben, die von der HERE FIRM \u00fcber die Website oder damit verbundene Werbekan\u00e4le, z. B. Facebook-Seite, Instagram usw., organisiert werden.<\/li><li>f\u00fcr die Messung von Besuchen, die Durchf\u00fchrung von Datenanalysen, Tests und Untersuchungen, die \u00dcberwachung von Nutzungstrends und Aktivit\u00e4ten, die Entwicklung von Sicherheitsfunktionen und die Nutzerauthentifizierung, f\u00fcr spezifische Module wie Google Analytics oder \u00e4hnliche;<\/li><li>wenn die Weitergabe von personenbezogenen Daten gesetzlich vorgeschrieben ist<\/li><li>an Anbieter von automatisierten und LIMITIERTEN (\u00fcber Cookies) Marketing- und Werbediensten, wie z. B.<ul><li>Google.com<\/li><li>Facebook.com<\/li><li>Pinterest.com<\/li><li>YouTube.com<\/li><li>Instagram.com<\/li><li>Tawk.to<\/li><li>WordPress.com<\/li><li>PushEngage.com<\/li><li>Mailchimp.de<\/li><\/ul><\/li><\/ul>\n\n<h3 class=\"wp-block-heading\">Informationen \u00fcber die Art der Datenerhebung und die Zustimmung zur Erhebung<\/h3>\n\n<p>Jedem Nutzer unserer Website wird beim ersten Besuch der Website eine Liste der Cookies vorgelegt, die auf die eine oder andere Weise, explizit oder implizit, Daten sammeln, die in die Kategorie der personenbezogenen Daten fallen k\u00f6nnen. Dies geschieht durch einen Hinweis am unteren Rand der Website, durch den der Besucher die M\u00f6glichkeit hat, die Datenschutzpolitik zu akzeptieren.<\/p>\n\n<p>Die Formulare werden nur dann \u00fcbermittelt, wenn die Politik der Datenerfassung und des Datenschutzes gelesen und akzeptiert wurde, was durch das obligatorische Ankreuzen am Ende jedes Formulars best\u00e4tigt wird, das dies erfordert, wie z. B. das Formular der Kontaktseite und das Reservierungsformular.<\/p>\n\n<h3 class=\"wp-block-heading\">Rechte der Personen, deren Daten erfasst werden<\/h3>\n\n<p>a) Recht auf Zugang zu den Daten und auf Auskunft Personen, deren Daten erfasst wurden, haben das Recht, \u00fcber die erfassten Daten, den Zweck und die Dauer der Erfassung dieser Daten informiert zu werden.<\/p>\n\n<p>b) Recht auf Einsichtnahme in die Daten Personen, deren Daten erfasst wurden, haben das Recht, auf Anfrage die erfassten Daten zu erhalten und die Berichtigung, Aktualisierung, Erg\u00e4nzung oder L\u00f6schung dieser Daten zu verlangen, insbesondere von unrichtigen Daten.<\/p>\n\n<p>Der Antrag auf \u00c4nderung, Aktualisierung oder L\u00f6schung von Daten ist schriftlich oder an die E-Mail-Adresse dpo@popasulursilor.ro zu richten und muss Informationen \u00fcber die M\u00f6glichkeit der \u00dcbermittlung der Antwort enthalten, d. h. in physischer oder elektronischer Form. Die Antwort auf solche Anfragen wird innerhalb von 30 Tagen nach Eingang der Anfrage \u00fcbermittelt.<\/p>\n\n<p>c) Widerspruchsrecht Personen, deren Daten erhoben wurden, k\u00f6nnen jederzeit gegen die Verarbeitung der sie betreffenden personenbezogenen Daten Widerspruch einlegen, es sei denn, dies steht im Widerspruch zu den geltenden Rechtsvorschriften (Steuern, Archivierung).<\/p>\n\n<p>Zu diesem Zweck sowie zu jedem anderen Zweck, der personenbezogene Daten betrifft, m\u00fcssen sich die betroffenen Personen schriftlich an die Adresse des Unternehmens wenden oder eine E-Mail an dpo@popasulursilor.ro senden, und die Antwort muss innerhalb von 30 Tagen nach Eingang des Antrags erfolgen.<\/p>\n\n<p>Bei Fragen \u00fcber die Art und Weise, wie die Daten der betroffenen Personen verwendet werden, oder bei weiterem Kl\u00e4rungsbedarf in Bezug auf irgendeinen Aspekt der Datenverarbeitung k\u00f6nnen sie sich an den Datenschutzbeauftragten des Unternehmens wenden, indem sie eine E-Mail an dpo@popasulursilor.ro senden oder eine pers\u00f6nlich unterzeichnete Mitteilung an unsere Arbeitsstelle unter der Adresse Localitatea Chiscau, nr.81c, Punct Turistic Pe\u0219tera Ur\u0219ilor 3633 Comuna Pietroasa, Bihor, schicken.<\/p>\n","protected":false},"excerpt":{"rendered":"<p>SC FIRMA AICI srl, CUI , eingetragen im Handelsregister des Bezirks _ als Verantwortlicher f\u00fcr die Verarbeitung personenbezogener Daten erhebt und verarbeitet Daten gem\u00e4\u00df den Bestimmungen des Gesetzes Nr. 677 vom 21.11.2001 und seit dem 25.05.2018 sowie gem\u00e4\u00df den Bestimmungen der Verordnung Nr. 679 vom 27.04.2016 zum Schutz nat\u00fcrlicher Personen bei der Verarbeitung personenbezogener Daten &#8230; <a title=\"Datenschutzbestimmungen\" class=\"read-more\" href=\"https:\/\/popasulursilor.ro\/de\/datenschutzbestimmungen\/\" aria-label=\"Mehr Informationen \u00fcber Datenschutzbestimmungen\">Weiterlesen &#8230;<\/a><\/p>\n","protected":false},"author":1,"featured_media":0,"parent":0,"menu_order":0,"comment_status":"closed","ping_status":"closed","template":"","meta":{"footnotes":""},"class_list":{"0":"post-6240","1":"page","2":"type-page","3":"status-publish","5":"no-featured-image-padding"},"yoast_head":"<!-- This site is optimized with the Yoast SEO plugin v27.1.1 - https:\/\/yoast.com\/product\/yoast-seo-wordpress\/ -->\n<title>Datenschutzbestimmungen - Pensiunea Popasul Ursilor<\/title>\n<meta name=\"robots\" content=\"index, follow, max-snippet:-1, max-image-preview:large, max-video-preview:-1\" \/>\n<link rel=\"canonical\" href=\"https:\/\/popasulursilor.ro\/de\/datenschutzbestimmungen\/\" \/>\n<meta property=\"og:locale\" content=\"de_DE\" \/>\n<meta property=\"og:type\" content=\"article\" \/>\n<meta property=\"og:title\" content=\"Datenschutzbestimmungen - Pensiunea Popasul Ursilor\" \/>\n<meta property=\"og:description\" content=\"SC FIRMA AICI srl, CUI , eingetragen im Handelsregister des Bezirks _ als Verantwortlicher f\u00fcr die Verarbeitung personenbezogener Daten erhebt und verarbeitet Daten gem\u00e4\u00df den Bestimmungen des Gesetzes Nr. 677 vom 21.11.2001 und seit dem 25.05.2018 sowie gem\u00e4\u00df den Bestimmungen der Verordnung Nr. 679 vom 27.04.2016 zum Schutz nat\u00fcrlicher Personen bei der Verarbeitung personenbezogener Daten ... Weiterlesen ...\" \/>\n<meta property=\"og:url\" content=\"https:\/\/popasulursilor.ro\/de\/datenschutzbestimmungen\/\" \/>\n<meta property=\"og:site_name\" content=\"Pensiunea Popasul Ursilor\" \/>\n<meta name=\"twitter:card\" content=\"summary_large_image\" \/>\n<meta name=\"twitter:label1\" content=\"Gesch\u00e4tzte Lesezeit\" \/>\n\t<meta name=\"twitter:data1\" content=\"5\u00a0Minuten\" \/>\n<script type=\"application\/ld+json\" class=\"yoast-schema-graph\">{\"@context\":\"https:\/\/schema.org\",\"@graph\":[{\"@type\":\"WebPage\",\"@id\":\"https:\/\/popasulursilor.ro\/de\/datenschutzbestimmungen\/\",\"url\":\"https:\/\/popasulursilor.ro\/de\/datenschutzbestimmungen\/\",\"name\":\"Datenschutzbestimmungen - Pensiunea Popasul Ursilor\",\"isPartOf\":{\"@id\":\"https:\/\/popasulursilor.ro\/de\/#website\"},\"datePublished\":\"2022-09-29T07:03:35+00:00\",\"breadcrumb\":{\"@id\":\"https:\/\/popasulursilor.ro\/de\/datenschutzbestimmungen\/#breadcrumb\"},\"inLanguage\":\"de\",\"potentialAction\":[{\"@type\":\"ReadAction\",\"target\":[\"https:\/\/popasulursilor.ro\/de\/datenschutzbestimmungen\/\"]}]},{\"@type\":\"BreadcrumbList\",\"@id\":\"https:\/\/popasulursilor.ro\/de\/datenschutzbestimmungen\/#breadcrumb\",\"itemListElement\":[{\"@type\":\"ListItem\",\"position\":1,\"name\":\"Prima pagin\u0103\",\"item\":\"https:\/\/popasulursilor.ro\/de\/\"},{\"@type\":\"ListItem\",\"position\":2,\"name\":\"Datenschutzbestimmungen\"}]},{\"@type\":\"WebSite\",\"@id\":\"https:\/\/popasulursilor.ro\/de\/#website\",\"url\":\"https:\/\/popasulursilor.ro\/de\/\",\"name\":\"Pensiunea Popasul Ursilor\",\"description\":\"Cazare langa Pestera Ursilor Muntii Apuseni\",\"potentialAction\":[{\"@type\":\"SearchAction\",\"target\":{\"@type\":\"EntryPoint\",\"urlTemplate\":\"https:\/\/popasulursilor.ro\/de\/?s={search_term_string}\"},\"query-input\":{\"@type\":\"PropertyValueSpecification\",\"valueRequired\":true,\"valueName\":\"search_term_string\"}}],\"inLanguage\":\"de\"}]}<\/script>\n<!-- \/ Yoast SEO plugin. -->","yoast_head_json":{"title":"Datenschutzbestimmungen - Pensiunea Popasul Ursilor","robots":{"index":"index","follow":"follow","max-snippet":"max-snippet:-1","max-image-preview":"max-image-preview:large","max-video-preview":"max-video-preview:-1"},"canonical":"https:\/\/popasulursilor.ro\/de\/datenschutzbestimmungen\/","og_locale":"de_DE","og_type":"article","og_title":"Datenschutzbestimmungen - Pensiunea Popasul Ursilor","og_description":"SC FIRMA AICI srl, CUI , eingetragen im Handelsregister des Bezirks _ als Verantwortlicher f\u00fcr die Verarbeitung personenbezogener Daten erhebt und verarbeitet Daten gem\u00e4\u00df den Bestimmungen des Gesetzes Nr. 677 vom 21.11.2001 und seit dem 25.05.2018 sowie gem\u00e4\u00df den Bestimmungen der Verordnung Nr. 679 vom 27.04.2016 zum Schutz nat\u00fcrlicher Personen bei der Verarbeitung personenbezogener Daten ... Weiterlesen ...","og_url":"https:\/\/popasulursilor.ro\/de\/datenschutzbestimmungen\/","og_site_name":"Pensiunea Popasul Ursilor","twitter_card":"summary_large_image","twitter_misc":{"Gesch\u00e4tzte Lesezeit":"5\u00a0Minuten"},"schema":{"@context":"https:\/\/schema.org","@graph":[{"@type":"WebPage","@id":"https:\/\/popasulursilor.ro\/de\/datenschutzbestimmungen\/","url":"https:\/\/popasulursilor.ro\/de\/datenschutzbestimmungen\/","name":"Datenschutzbestimmungen - Pensiunea Popasul Ursilor","isPartOf":{"@id":"https:\/\/popasulursilor.ro\/de\/#website"},"datePublished":"2022-09-29T07:03:35+00:00","breadcrumb":{"@id":"https:\/\/popasulursilor.ro\/de\/datenschutzbestimmungen\/#breadcrumb"},"inLanguage":"de","potentialAction":[{"@type":"ReadAction","target":["https:\/\/popasulursilor.ro\/de\/datenschutzbestimmungen\/"]}]},{"@type":"BreadcrumbList","@id":"https:\/\/popasulursilor.ro\/de\/datenschutzbestimmungen\/#breadcrumb","itemListElement":[{"@type":"ListItem","position":1,"name":"Prima pagin\u0103","item":"https:\/\/popasulursilor.ro\/de\/"},{"@type":"ListItem","position":2,"name":"Datenschutzbestimmungen"}]},{"@type":"WebSite","@id":"https:\/\/popasulursilor.ro\/de\/#website","url":"https:\/\/popasulursilor.ro\/de\/","name":"Pensiunea Popasul Ursilor","description":"Cazare langa Pestera Ursilor Muntii Apuseni","potentialAction":[{"@type":"SearchAction","target":{"@type":"EntryPoint","urlTemplate":"https:\/\/popasulursilor.ro\/de\/?s={search_term_string}"},"query-input":{"@type":"PropertyValueSpecification","valueRequired":true,"valueName":"search_term_string"}}],"inLanguage":"de"}]}},"_links":{"self":[{"href":"https:\/\/popasulursilor.ro\/de\/wp-json\/wp\/v2\/pages\/6240","targetHints":{"allow":["GET"]}}],"collection":[{"href":"https:\/\/popasulursilor.ro\/de\/wp-json\/wp\/v2\/pages"}],"about":[{"href":"https:\/\/popasulursilor.ro\/de\/wp-json\/wp\/v2\/types\/page"}],"author":[{"embeddable":true,"href":"https:\/\/popasulursilor.ro\/de\/wp-json\/wp\/v2\/users\/1"}],"replies":[{"embeddable":true,"href":"https:\/\/popasulursilor.ro\/de\/wp-json\/wp\/v2\/comments?post=6240"}],"version-history":[{"count":1,"href":"https:\/\/popasulursilor.ro\/de\/wp-json\/wp\/v2\/pages\/6240\/revisions"}],"predecessor-version":[{"id":6241,"href":"https:\/\/popasulursilor.ro\/de\/wp-json\/wp\/v2\/pages\/6240\/revisions\/6241"}],"wp:attachment":[{"href":"https:\/\/popasulursilor.ro\/de\/wp-json\/wp\/v2\/media?parent=6240"}],"curies":[{"name":"wp","href":"https:\/\/api.w.org\/{rel}","templated":true}]}}