{"id":6255,"date":"2022-09-29T07:14:51","date_gmt":"2022-09-29T07:14:51","guid":{"rendered":"https:\/\/popasulursilor.ro\/zimmer\/"},"modified":"2024-12-07T11:46:45","modified_gmt":"2024-12-07T11:46:45","slug":"zimmer","status":"publish","type":"page","link":"https:\/\/popasulursilor.ro\/de\/zimmer\/","title":{"rendered":"Zimmer"},"content":{"rendered":"<div class=\"gb-container gb-container-4640721d\"><div class=\"gb-inside-container\">\n<div class=\"gb-grid-wrapper gb-grid-wrapper-a7be8698\">\n<div class=\"gb-grid-column gb-grid-column-cad9a7ea\"><div class=\"gb-container gb-container-cad9a7ea\"><div class=\"gb-inside-container\">\n\n<h1 class=\"gb-headline gb-headline-fd04d962 gb-headline-text\">24 einladende Zimmer<\/h1>\n\n\n\n<p class=\"gb-headline gb-headline-2856fb39 gb-headline-text\">1 Zimmer f\u00fcr 5 Personen, 2 Zimmer f\u00fcr 6 Personen, 17 Zimmer f\u00fcr 3 Personen und 4 Doppelzimmer<\/p>\n\n<\/div><\/div><\/div>\n<\/div>\n<\/div><\/div>\n\n\n<div class=\"wp-block-media-text alignfull is-stacked-on-mobile has-base-3-color has-accent-background-color has-text-color has-background\"><figure class=\"wp-block-media-text__media\"><img loading=\"lazy\" decoding=\"async\" width=\"1024\" height=\"682\" src=\"https:\/\/popasulursilor.ro\/wp-content\/uploads\/2022\/09\/camerecazareinmuntiiapuseniarieseni-1024x682.jpg\" alt=\"\" class=\"wp-image-5544 size-full\" srcset=\"https:\/\/popasulursilor.ro\/wp-content\/uploads\/2022\/09\/camerecazareinmuntiiapuseniarieseni-1024x682.jpg 1024w, https:\/\/popasulursilor.ro\/wp-content\/uploads\/2022\/09\/camerecazareinmuntiiapuseniarieseni-300x200.jpg 300w, https:\/\/popasulursilor.ro\/wp-content\/uploads\/2022\/09\/camerecazareinmuntiiapuseniarieseni-768x511.jpg 768w, https:\/\/popasulursilor.ro\/wp-content\/uploads\/2022\/09\/camerecazareinmuntiiapuseniarieseni-200x133.jpg 200w, https:\/\/popasulursilor.ro\/wp-content\/uploads\/2022\/09\/camerecazareinmuntiiapuseniarieseni.jpg 1500w\" sizes=\"auto, (max-width: 1024px) 100vw, 1024px\" \/><\/figure><div class=\"wp-block-media-text__content\">\n<h2 class=\"gb-headline gb-headline-2e2ff343 gb-headline-text\">Mit offenen Armen empfangen wir unsere G\u00e4ste in 24 saubere und gepflegte Zimmer<\/h2>\n\n\n\n<p>Das Gasthaus Popasul Ursilor bietet Ihnen 24 gem\u00fctliche, vor kurzem renovierte Zimmer mit eigenem Bad, die einen unvergesslichen Ausblick auf die Umgebung der B\u00e4renh\u00f6hle bieten. <\/p>\n\n\n\n<ul class=\"wp-block-list\">\n<li>1 Zimmer f\u00fcr 5 Personen<\/li>\n\n\n\n<li>2 Zimmer f\u00fcr 6 Personen<\/li>\n\n\n\n<li>17 Zimmer f\u00fcr 3 Personen<\/li>\n\n\n\n<li>4 Zweibettzimmer<\/li>\n<\/ul>\n<\/div><\/div>\n\n\n\n<div style=\"height:80px\" aria-hidden=\"true\" class=\"wp-block-spacer\"><\/div>\n\n\n\n<h3 class=\"gb-headline gb-headline-e7913c21 gb-headline-text\">Ein wunderbares Gasthaus mit wunderbaren Menschen<\/h3>\n\n\n\n<p class=\"gb-headline gb-headline-9e16b633 gb-headline-text\">Was wir machen, machen wir mit Herz und wir behandeln unsere G\u00e4ste so, wie wir selbst behandelt werden m\u00f6chten. Wir bem\u00fchen uns, unsere Zimmer stets sauber und einladend zu halten, um unsere lieben G\u00e4ste willkommen zu hei\u00dfen!<\/p>\n\n\n<div class=\"gb-container gb-container-7019e424\"><div class=\"gb-inside-container\">\n\n<figure class=\"wp-block-gallery alignfull has-nested-images columns-3 is-cropped wp-block-gallery-1 is-layout-flex wp-block-gallery-is-layout-flex\">\n<figure class=\"wp-block-image size-full\"><a href=\"https:\/\/popasulursilor.ro\/wp-content\/uploads\/2022\/09\/camerecazareinmuntiiapuseniarieseni.jpg\"><img loading=\"lazy\" decoding=\"async\" width=\"1024\" height=\"682\" data-id=\"5544\" src=\"https:\/\/popasulursilor.ro\/wp-content\/uploads\/2022\/09\/camerecazareinmuntiiapuseniarieseni-1024x682.jpg\" alt=\"\" class=\"wp-image-5544\" srcset=\"https:\/\/popasulursilor.ro\/wp-content\/uploads\/2022\/09\/camerecazareinmuntiiapuseniarieseni-1024x682.jpg 1024w, https:\/\/popasulursilor.ro\/wp-content\/uploads\/2022\/09\/camerecazareinmuntiiapuseniarieseni-300x200.jpg 300w, https:\/\/popasulursilor.ro\/wp-content\/uploads\/2022\/09\/camerecazareinmuntiiapuseniarieseni-768x511.jpg 768w, https:\/\/popasulursilor.ro\/wp-content\/uploads\/2022\/09\/camerecazareinmuntiiapuseniarieseni-200x133.jpg 200w, https:\/\/popasulursilor.ro\/wp-content\/uploads\/2022\/09\/camerecazareinmuntiiapuseniarieseni.jpg 1500w\" sizes=\"auto, (max-width: 1024px) 100vw, 1024px\" \/><\/a><\/figure>\n\n\n\n<figure class=\"wp-block-image size-full\"><a href=\"https:\/\/popasulursilor.ro\/wp-content\/uploads\/2022\/09\/cazare-arieseni.jpg\"><img loading=\"lazy\" decoding=\"async\" width=\"1024\" height=\"683\" data-id=\"5541\" src=\"https:\/\/popasulursilor.ro\/wp-content\/uploads\/2022\/09\/cazare-arieseni-1024x683.jpg\" alt=\"\" class=\"wp-image-5541\" srcset=\"https:\/\/popasulursilor.ro\/wp-content\/uploads\/2022\/09\/cazare-arieseni-1024x683.jpg 1024w, https:\/\/popasulursilor.ro\/wp-content\/uploads\/2022\/09\/cazare-arieseni-300x200.jpg 300w, https:\/\/popasulursilor.ro\/wp-content\/uploads\/2022\/09\/cazare-arieseni-768x513.jpg 768w, https:\/\/popasulursilor.ro\/wp-content\/uploads\/2022\/09\/cazare-arieseni-200x133.jpg 200w, https:\/\/popasulursilor.ro\/wp-content\/uploads\/2022\/09\/cazare-arieseni.jpg 1500w\" sizes=\"auto, (max-width: 1024px) 100vw, 1024px\" \/><\/a><\/figure>\n\n\n\n<figure class=\"wp-block-image size-full\"><a href=\"https:\/\/popasulursilor.ro\/wp-content\/uploads\/2022\/09\/cazare-camere-arieseni-1.jpg\"><img loading=\"lazy\" decoding=\"async\" width=\"1024\" height=\"683\" data-id=\"5547\" src=\"https:\/\/popasulursilor.ro\/wp-content\/uploads\/2022\/09\/cazare-camere-arieseni-1-1024x683.jpg\" alt=\"\" class=\"wp-image-5547\" srcset=\"https:\/\/popasulursilor.ro\/wp-content\/uploads\/2022\/09\/cazare-camere-arieseni-1-1024x683.jpg 1024w, https:\/\/popasulursilor.ro\/wp-content\/uploads\/2022\/09\/cazare-camere-arieseni-1-300x200.jpg 300w, https:\/\/popasulursilor.ro\/wp-content\/uploads\/2022\/09\/cazare-camere-arieseni-1-768x512.jpg 768w, https:\/\/popasulursilor.ro\/wp-content\/uploads\/2022\/09\/cazare-camere-arieseni-1-200x133.jpg 200w, https:\/\/popasulursilor.ro\/wp-content\/uploads\/2022\/09\/cazare-camere-arieseni-1.jpg 1500w\" sizes=\"auto, (max-width: 1024px) 100vw, 1024px\" \/><\/a><\/figure>\n\n\n\n<figure class=\"wp-block-image size-full\"><a href=\"https:\/\/popasulursilor.ro\/wp-content\/uploads\/2022\/09\/cazareinapuseni.jpg\"><img loading=\"lazy\" decoding=\"async\" width=\"1024\" height=\"683\" data-id=\"5545\" src=\"https:\/\/popasulursilor.ro\/wp-content\/uploads\/2022\/09\/cazareinapuseni-1024x683.jpg\" alt=\"\" class=\"wp-image-5545\" srcset=\"https:\/\/popasulursilor.ro\/wp-content\/uploads\/2022\/09\/cazareinapuseni-1024x683.jpg 1024w, https:\/\/popasulursilor.ro\/wp-content\/uploads\/2022\/09\/cazareinapuseni-300x200.jpg 300w, https:\/\/popasulursilor.ro\/wp-content\/uploads\/2022\/09\/cazareinapuseni-768x513.jpg 768w, https:\/\/popasulursilor.ro\/wp-content\/uploads\/2022\/09\/cazareinapuseni-200x133.jpg 200w, https:\/\/popasulursilor.ro\/wp-content\/uploads\/2022\/09\/cazareinapuseni.jpg 1500w\" sizes=\"auto, (max-width: 1024px) 100vw, 1024px\" \/><\/a><\/figure>\n\n\n\n<figure class=\"wp-block-image size-full\"><a href=\"https:\/\/popasulursilor.ro\/wp-content\/uploads\/2022\/09\/cazare-popasul-ursilor-apuseni.jpg\"><img loading=\"lazy\" decoding=\"async\" width=\"1024\" height=\"692\" data-id=\"5546\" src=\"https:\/\/popasulursilor.ro\/wp-content\/uploads\/2022\/09\/cazare-popasul-ursilor-apuseni-1024x692.jpg\" alt=\"\" class=\"wp-image-5546\" srcset=\"https:\/\/popasulursilor.ro\/wp-content\/uploads\/2022\/09\/cazare-popasul-ursilor-apuseni-1024x692.jpg 1024w, https:\/\/popasulursilor.ro\/wp-content\/uploads\/2022\/09\/cazare-popasul-ursilor-apuseni-300x203.jpg 300w, https:\/\/popasulursilor.ro\/wp-content\/uploads\/2022\/09\/cazare-popasul-ursilor-apuseni-768x519.jpg 768w, https:\/\/popasulursilor.ro\/wp-content\/uploads\/2022\/09\/cazare-popasul-ursilor-apuseni-200x135.jpg 200w, https:\/\/popasulursilor.ro\/wp-content\/uploads\/2022\/09\/cazare-popasul-ursilor-apuseni.jpg 1500w\" sizes=\"auto, (max-width: 1024px) 100vw, 1024px\" \/><\/a><\/figure>\n\n\n\n<figure class=\"wp-block-image size-full\"><a href=\"https:\/\/popasulursilor.ro\/wp-content\/uploads\/2022\/09\/pensiuni-cazare-muntii-apuseni.jpg\"><img loading=\"lazy\" decoding=\"async\" width=\"1024\" height=\"683\" data-id=\"5549\" src=\"https:\/\/popasulursilor.ro\/wp-content\/uploads\/2022\/09\/pensiuni-cazare-muntii-apuseni-1024x683.jpg\" alt=\"\" class=\"wp-image-5549\" srcset=\"https:\/\/popasulursilor.ro\/wp-content\/uploads\/2022\/09\/pensiuni-cazare-muntii-apuseni-1024x683.jpg 1024w, https:\/\/popasulursilor.ro\/wp-content\/uploads\/2022\/09\/pensiuni-cazare-muntii-apuseni-300x200.jpg 300w, https:\/\/popasulursilor.ro\/wp-content\/uploads\/2022\/09\/pensiuni-cazare-muntii-apuseni-768x513.jpg 768w, https:\/\/popasulursilor.ro\/wp-content\/uploads\/2022\/09\/pensiuni-cazare-muntii-apuseni-200x133.jpg 200w, https:\/\/popasulursilor.ro\/wp-content\/uploads\/2022\/09\/pensiuni-cazare-muntii-apuseni.jpg 1500w\" sizes=\"auto, (max-width: 1024px) 100vw, 1024px\" \/><\/a><\/figure>\n<\/figure>\n\n<\/div><\/div>\n\n<div class=\"gb-container gb-container-ea6bcfcc\"><div class=\"gb-inside-container\">\n\n<h3 class=\"gb-headline gb-headline-36fc67ac gb-headline-text\">Suchen Sie eine Unterkunft im Herzen des Apuseni-Gebirges?<\/h3>\n\n\n\n<p>Verbringen Sie eine unvergessliche Zeit im Herzen des Apuseni-Gebirges, in der N\u00e4he der B\u00e4renh\u00f6hle, einem besonders malerischen Ort, an dem Traditionen zu Hause sind!<\/p>\n\n\n<div class=\"gb-container gb-container-003ba905\"><div class=\"gb-inside-container\">\n<div class=\"gb-grid-wrapper gb-grid-wrapper-3bfbdaa1\">\n<div class=\"gb-grid-column gb-grid-column-65ac58a2\"><div class=\"gb-container gb-container-65ac58a2\"><div class=\"gb-inside-container\">\n\n<h4 class=\"gb-headline gb-headline-f8165eb4 gb-headline-text\">Empfang im Dorf der B\u00e4ren<\/h4>\n\n\n\n<h5 class=\"gb-headline gb-headline-65eb39a1\"><span class=\"gb-icon\"><svg xmlns=\"http:\/\/www.w3.org\/2000\/svg\" aria-hidden=\"true\" role=\"img\" height=\"1em\" width=\"1em\" viewbox=\"0 0 512 512\"><path fill=\"currentColor\" d=\"M493.4 24.6l-104-24c-11.3-2.6-22.9 3.3-27.5 13.9l-48 112c-4.2 9.8-1.4 21.3 6.9 28l60.6 49.6c-36 76.7-98.9 140.5-177.2 177.2l-49.6-60.6c-6.8-8.3-18.2-11.1-28-6.9l-112 48C3.9 366.5-2 378.1.6 389.4l24 104C27.1 504.2 36.7 512 48 512c256.1 0 464-207.5 464-464 0-11.2-7.7-20.9-18.6-23.4z\"><\/path><\/svg><\/span><span class=\"gb-headline-text\"><a href=\"tel:0040746772417\">0746.772.417<\/a><\/span><\/h5>\n\n\n\n<p>F\u00fcr Reservierungen oder Informationen stehen wir Ihnen gerne zur Verf\u00fcgung, beantworten Ihre Fragen und freuen uns darauf, dass Sie ein paar unvergessliche Tage an einem wundersch\u00f6nen Ort voller Geschichte und Traditionen im Herzen des Apuseni-Gebirges verbringen!<\/p>\n\n\n<div class=\"gb-button-wrapper gb-button-wrapper-f9f60df4\">\n\n<a class=\"gb-button gb-button-bbf7fd78 gb-button-text button smooth-scroll\" href=\"tel:0040746772417\">Jetzt anrufen<\/a>\n\n\n\n<a class=\"gb-button gb-button-4e91cace gb-button-text button smooth-scroll\" href=\"https:\/\/popasulursilor.ro\/de\/reservierungen\/\">Eine Reservierung vornehmen<\/a>\n\n<\/div>\n<\/div><\/div><\/div>\n<\/div>\n<\/div><\/div>\n<\/div><\/div>","protected":false},"excerpt":{"rendered":"<p>Ein wunderbares Gasthaus mit wunderbaren Menschen Was wir machen, machen wir mit Herz und wir behandeln unsere G\u00e4ste so, wie wir selbst behandelt werden m\u00f6chten. Wir bem\u00fchen uns, unsere Zimmer stets sauber und einladend zu halten, um unsere lieben G\u00e4ste willkommen zu hei\u00dfen!<\/p>\n","protected":false},"author":1,"featured_media":0,"parent":0,"menu_order":0,"comment_status":"closed","ping_status":"closed","template":"","meta":{"footnotes":""},"class_list":{"0":"post-6255","1":"page","2":"type-page","3":"status-publish","5":"no-featured-image-padding"},"yoast_head":"<!-- This site is optimized with the Yoast SEO plugin v27.1.1 - https:\/\/yoast.com\/product\/yoast-seo-wordpress\/ -->\n<title>Zimmer zur Miete in Apuseni Mountains<\/title>\n<meta name=\"description\" content=\"Suchen Sie Zimmer zur Miete im Apuseni-Gebirge, in der N\u00e4he der B\u00e4renh\u00f6hle, f\u00fcr einen unvergesslichen Aufenthalt, dann besuchen Sie unsere Website!\" \/>\n<meta name=\"robots\" content=\"index, follow, max-snippet:-1, max-image-preview:large, max-video-preview:-1\" \/>\n<link rel=\"canonical\" href=\"https:\/\/popasulursilor.ro\/de\/zimmer\/\" \/>\n<meta property=\"og:locale\" content=\"de_DE\" \/>\n<meta property=\"og:type\" content=\"article\" \/>\n<meta property=\"og:title\" content=\"Zimmer zur Miete in Apuseni Mountains\" \/>\n<meta property=\"og:description\" content=\"Suchen Sie Zimmer zur Miete im Apuseni-Gebirge, in der N\u00e4he der B\u00e4renh\u00f6hle, f\u00fcr einen unvergesslichen Aufenthalt, dann besuchen Sie unsere Website!\" \/>\n<meta property=\"og:url\" content=\"https:\/\/popasulursilor.ro\/de\/zimmer\/\" \/>\n<meta property=\"og:site_name\" content=\"Pensiunea Popasul Ursilor\" \/>\n<meta property=\"article:modified_time\" content=\"2024-12-07T11:46:45+00:00\" \/>\n<meta property=\"og:image\" content=\"https:\/\/popasulursilor.ro\/wp-content\/uploads\/2022\/09\/camerecazareinmuntiiapuseniarieseni.jpg\" \/>\n\t<meta property=\"og:image:width\" content=\"1500\" \/>\n\t<meta property=\"og:image:height\" content=\"999\" \/>\n\t<meta property=\"og:image:type\" content=\"image\/jpeg\" \/>\n<meta name=\"twitter:card\" content=\"summary_large_image\" \/>\n<meta name=\"twitter:label1\" content=\"Gesch\u00e4tzte Lesezeit\" \/>\n\t<meta name=\"twitter:data1\" content=\"3\u00a0Minuten\" \/>\n<script type=\"application\/ld+json\" class=\"yoast-schema-graph\">{\"@context\":\"https:\/\/schema.org\",\"@graph\":[{\"@type\":\"WebPage\",\"@id\":\"https:\/\/popasulursilor.ro\/de\/zimmer\/\",\"url\":\"https:\/\/popasulursilor.ro\/de\/zimmer\/\",\"name\":\"Zimmer zur Miete in Apuseni Mountains\",\"isPartOf\":{\"@id\":\"https:\/\/popasulursilor.ro\/de\/#website\"},\"primaryImageOfPage\":{\"@id\":\"https:\/\/popasulursilor.ro\/de\/zimmer\/#primaryimage\"},\"image\":{\"@id\":\"https:\/\/popasulursilor.ro\/de\/zimmer\/#primaryimage\"},\"thumbnailUrl\":\"https:\/\/popasulursilor.ro\/wp-content\/uploads\/2022\/09\/camerecazareinmuntiiapuseniarieseni-1024x682.jpg\",\"datePublished\":\"2022-09-29T07:14:51+00:00\",\"dateModified\":\"2024-12-07T11:46:45+00:00\",\"description\":\"Suchen Sie Zimmer zur Miete im Apuseni-Gebirge, in der N\u00e4he der B\u00e4renh\u00f6hle, f\u00fcr einen unvergesslichen Aufenthalt, dann besuchen Sie unsere Website!\",\"breadcrumb\":{\"@id\":\"https:\/\/popasulursilor.ro\/de\/zimmer\/#breadcrumb\"},\"inLanguage\":\"de\",\"potentialAction\":[{\"@type\":\"ReadAction\",\"target\":[\"https:\/\/popasulursilor.ro\/de\/zimmer\/\"]}]},{\"@type\":\"ImageObject\",\"inLanguage\":\"de\",\"@id\":\"https:\/\/popasulursilor.ro\/de\/zimmer\/#primaryimage\",\"url\":\"https:\/\/popasulursilor.ro\/wp-content\/uploads\/2022\/09\/camerecazareinmuntiiapuseniarieseni-1024x682.jpg\",\"contentUrl\":\"https:\/\/popasulursilor.ro\/wp-content\/uploads\/2022\/09\/camerecazareinmuntiiapuseniarieseni-1024x682.jpg\"},{\"@type\":\"BreadcrumbList\",\"@id\":\"https:\/\/popasulursilor.ro\/de\/zimmer\/#breadcrumb\",\"itemListElement\":[{\"@type\":\"ListItem\",\"position\":1,\"name\":\"Prima pagin\u0103\",\"item\":\"https:\/\/popasulursilor.ro\/de\/\"},{\"@type\":\"ListItem\",\"position\":2,\"name\":\"Zimmer\"}]},{\"@type\":\"WebSite\",\"@id\":\"https:\/\/popasulursilor.ro\/de\/#website\",\"url\":\"https:\/\/popasulursilor.ro\/de\/\",\"name\":\"Pensiunea Popasul Ursilor\",\"description\":\"Cazare langa Pestera Ursilor Muntii Apuseni\",\"potentialAction\":[{\"@type\":\"SearchAction\",\"target\":{\"@type\":\"EntryPoint\",\"urlTemplate\":\"https:\/\/popasulursilor.ro\/de\/?s={search_term_string}\"},\"query-input\":{\"@type\":\"PropertyValueSpecification\",\"valueRequired\":true,\"valueName\":\"search_term_string\"}}],\"inLanguage\":\"de\"}]}<\/script>\n<!-- \/ Yoast SEO plugin. -->","yoast_head_json":{"title":"Zimmer zur Miete in Apuseni Mountains","description":"Suchen Sie Zimmer zur Miete im Apuseni-Gebirge, in der N\u00e4he der B\u00e4renh\u00f6hle, f\u00fcr einen unvergesslichen Aufenthalt, dann besuchen Sie unsere Website!","robots":{"index":"index","follow":"follow","max-snippet":"max-snippet:-1","max-image-preview":"max-image-preview:large","max-video-preview":"max-video-preview:-1"},"canonical":"https:\/\/popasulursilor.ro\/de\/zimmer\/","og_locale":"de_DE","og_type":"article","og_title":"Zimmer zur Miete in Apuseni Mountains","og_description":"Suchen Sie Zimmer zur Miete im Apuseni-Gebirge, in der N\u00e4he der B\u00e4renh\u00f6hle, f\u00fcr einen unvergesslichen Aufenthalt, dann besuchen Sie unsere Website!","og_url":"https:\/\/popasulursilor.ro\/de\/zimmer\/","og_site_name":"Pensiunea Popasul Ursilor","article_modified_time":"2024-12-07T11:46:45+00:00","og_image":[{"width":1500,"height":999,"url":"https:\/\/popasulursilor.ro\/wp-content\/uploads\/2022\/09\/camerecazareinmuntiiapuseniarieseni.jpg","type":"image\/jpeg"}],"twitter_card":"summary_large_image","twitter_misc":{"Gesch\u00e4tzte Lesezeit":"3\u00a0Minuten"},"schema":{"@context":"https:\/\/schema.org","@graph":[{"@type":"WebPage","@id":"https:\/\/popasulursilor.ro\/de\/zimmer\/","url":"https:\/\/popasulursilor.ro\/de\/zimmer\/","name":"Zimmer zur Miete in Apuseni Mountains","isPartOf":{"@id":"https:\/\/popasulursilor.ro\/de\/#website"},"primaryImageOfPage":{"@id":"https:\/\/popasulursilor.ro\/de\/zimmer\/#primaryimage"},"image":{"@id":"https:\/\/popasulursilor.ro\/de\/zimmer\/#primaryimage"},"thumbnailUrl":"https:\/\/popasulursilor.ro\/wp-content\/uploads\/2022\/09\/camerecazareinmuntiiapuseniarieseni-1024x682.jpg","datePublished":"2022-09-29T07:14:51+00:00","dateModified":"2024-12-07T11:46:45+00:00","description":"Suchen Sie Zimmer zur Miete im Apuseni-Gebirge, in der N\u00e4he der B\u00e4renh\u00f6hle, f\u00fcr einen unvergesslichen Aufenthalt, dann besuchen Sie unsere Website!","breadcrumb":{"@id":"https:\/\/popasulursilor.ro\/de\/zimmer\/#breadcrumb"},"inLanguage":"de","potentialAction":[{"@type":"ReadAction","target":["https:\/\/popasulursilor.ro\/de\/zimmer\/"]}]},{"@type":"ImageObject","inLanguage":"de","@id":"https:\/\/popasulursilor.ro\/de\/zimmer\/#primaryimage","url":"https:\/\/popasulursilor.ro\/wp-content\/uploads\/2022\/09\/camerecazareinmuntiiapuseniarieseni-1024x682.jpg","contentUrl":"https:\/\/popasulursilor.ro\/wp-content\/uploads\/2022\/09\/camerecazareinmuntiiapuseniarieseni-1024x682.jpg"},{"@type":"BreadcrumbList","@id":"https:\/\/popasulursilor.ro\/de\/zimmer\/#breadcrumb","itemListElement":[{"@type":"ListItem","position":1,"name":"Prima pagin\u0103","item":"https:\/\/popasulursilor.ro\/de\/"},{"@type":"ListItem","position":2,"name":"Zimmer"}]},{"@type":"WebSite","@id":"https:\/\/popasulursilor.ro\/de\/#website","url":"https:\/\/popasulursilor.ro\/de\/","name":"Pensiunea Popasul Ursilor","description":"Cazare langa Pestera Ursilor Muntii Apuseni","potentialAction":[{"@type":"SearchAction","target":{"@type":"EntryPoint","urlTemplate":"https:\/\/popasulursilor.ro\/de\/?s={search_term_string}"},"query-input":{"@type":"PropertyValueSpecification","valueRequired":true,"valueName":"search_term_string"}}],"inLanguage":"de"}]}},"_links":{"self":[{"href":"https:\/\/popasulursilor.ro\/de\/wp-json\/wp\/v2\/pages\/6255","targetHints":{"allow":["GET"]}}],"collection":[{"href":"https:\/\/popasulursilor.ro\/de\/wp-json\/wp\/v2\/pages"}],"about":[{"href":"https:\/\/popasulursilor.ro\/de\/wp-json\/wp\/v2\/types\/page"}],"author":[{"embeddable":true,"href":"https:\/\/popasulursilor.ro\/de\/wp-json\/wp\/v2\/users\/1"}],"replies":[{"embeddable":true,"href":"https:\/\/popasulursilor.ro\/de\/wp-json\/wp\/v2\/comments?post=6255"}],"version-history":[{"count":7,"href":"https:\/\/popasulursilor.ro\/de\/wp-json\/wp\/v2\/pages\/6255\/revisions"}],"predecessor-version":[{"id":6706,"href":"https:\/\/popasulursilor.ro\/de\/wp-json\/wp\/v2\/pages\/6255\/revisions\/6706"}],"wp:attachment":[{"href":"https:\/\/popasulursilor.ro\/de\/wp-json\/wp\/v2\/media?parent=6255"}],"curies":[{"name":"wp","href":"https:\/\/api.w.org\/{rel}","templated":true}]}}