{"id":6262,"date":"2022-09-29T07:14:54","date_gmt":"2022-09-29T07:14:54","guid":{"rendered":"https:\/\/popasulursilor.ro\/silvester\/"},"modified":"2024-12-07T13:38:05","modified_gmt":"2024-12-07T13:38:05","slug":"silvester","status":"publish","type":"page","link":"https:\/\/popasulursilor.ro\/de\/silvester\/","title":{"rendered":"Silvester"},"content":{"rendered":"\n<p>Wir laden Sie ein, das neue Jahr mit einem besonderen Programm mit Musik und guter Laune, traditionellen Gerichten der Region zu feiern.<\/p>\n\n\n\n<h2 class=\"wp-block-heading\">Das Servicepaket &#8222;Silvester Apuseni 2024&#8220;:<\/h2>\n\n\n\n<ul class=\"wp-block-list\">\n<li>3 <a href=\"https:\/\/de.wikipedia.org\/wiki\/%C3%9C\">\u00dc<\/a>bernachtungen zwischen 30.12.2024 -02.01.2025<\/li>\n\n\n\n<li>Halbpension (Fr\u00fchst\u00fcck und Abendessen)<\/li>\n\n\n\n<li>Festliches Silvestermen\u00fc mit alkoholischen und nicht alkoholischen Getr\u00e4nken<\/li>\n\n\n\n<li>Silvesterparty mit DJ bis in der Fr\u00fch<\/li>\n<\/ul>\n\n\n\n<h3 class=\"wp-block-heading\">VERLAUF:<\/h3>\n\n\n<div class=\"gb-container gb-container-8632061e\">\n\n<p><strong>Tag 1, 30 Dezember:<\/strong><\/p>\n\n<\/div>\n\n\n<ul class=\"wp-block-list\">\n<li>Begr\u00fc\u00dfung der G\u00e4ste und Check-in<\/li>\n\n\n\n<li>Willkommen Abendessen mit traditionellen Gerichten<\/li>\n<\/ul>\n\n\n\n<p><strong>Tag 2, 31 Dezember:<\/strong><\/p>\n\n\n\n<ul class=\"wp-block-list\">\n<li>traditionelles Fr\u00fchst\u00fcck<\/li>\n\n\n\n<li>Festliches Abendessen inkl. Party<\/li>\n<\/ul>\n\n\n\n<p><strong>Tag 3, 1 Januar:<\/strong><\/p>\n\n\n\n<ul class=\"wp-block-list\">\n<li>traditionelles Fr\u00fchst\u00fcck Brunch<\/li>\n\n\n\n<li>traditionelles Abendessen<\/li>\n<\/ul>\n\n\n\n<p><strong>Tag 4, 2 Januar:<\/strong><\/p>\n\n\n\n<ul class=\"wp-block-list\">\n<li>traditionelles Fr\u00fchst\u00fcck<\/li>\n\n\n\n<li>Abreise der G\u00e4ste<\/li>\n<\/ul>\n\n\n\n<p>Die Mahlzeiten werden als festes Men\u00fc serviert und umfassen traditionelle und moderne rum\u00e4nische K\u00fcche sowie am Silvesterabend ein reichhaltiges und abwechslungsreiches Angebot an alkoholischen und nicht alkoholischen Getr\u00e4nken.<\/p>\n\n\n\n<p><strong>Preis 2500 RON Zimmer \/ 2 Personen<\/strong><br>Kinder bis 12 Jahre 50% Rabatt<\/p>\n","protected":false},"excerpt":{"rendered":"<p>Wir laden Sie ein, das neue Jahr mit einem besonderen Programm mit Musik und guter Laune, traditionellen Gerichten der Region zu feiern. Das Servicepaket &#8222;Silvester Apuseni 2024&#8220;: VERLAUF: Tag 1, 30 Dezember: Tag 2, 31 Dezember: Tag 3, 1 Januar: Tag 4, 2 Januar: Die Mahlzeiten werden als festes Men\u00fc serviert und umfassen traditionelle und &#8230; <a title=\"Silvester\" class=\"read-more\" href=\"https:\/\/popasulursilor.ro\/de\/silvester\/\" aria-label=\"Mehr Informationen \u00fcber Silvester\">Weiterlesen &#8230;<\/a><\/p>\n","protected":false},"author":1,"featured_media":0,"parent":0,"menu_order":0,"comment_status":"closed","ping_status":"closed","template":"","meta":{"footnotes":""},"class_list":{"0":"post-6262","1":"page","2":"type-page","3":"status-publish","5":"no-featured-image-padding"},"yoast_head":"<!-- This site is optimized with the Yoast SEO plugin v27.1.1 - https:\/\/yoast.com\/product\/yoast-seo-wordpress\/ -->\n<title>Silvester - Pensiunea Popasul Ursilor<\/title>\n<meta name=\"robots\" content=\"index, follow, max-snippet:-1, max-image-preview:large, max-video-preview:-1\" \/>\n<link rel=\"canonical\" href=\"https:\/\/popasulursilor.ro\/de\/silvester\/\" \/>\n<meta property=\"og:locale\" content=\"de_DE\" \/>\n<meta property=\"og:type\" content=\"article\" \/>\n<meta property=\"og:title\" content=\"Silvester - Pensiunea Popasul Ursilor\" \/>\n<meta property=\"og:description\" content=\"Wir laden Sie ein, das neue Jahr mit einem besonderen Programm mit Musik und guter Laune, traditionellen Gerichten der Region zu feiern. Das Servicepaket &#8222;Silvester Apuseni 2024&#8220;: VERLAUF: Tag 1, 30 Dezember: Tag 2, 31 Dezember: Tag 3, 1 Januar: Tag 4, 2 Januar: Die Mahlzeiten werden als festes Men\u00fc serviert und umfassen traditionelle und ... Weiterlesen ...\" \/>\n<meta property=\"og:url\" content=\"https:\/\/popasulursilor.ro\/de\/silvester\/\" \/>\n<meta property=\"og:site_name\" content=\"Pensiunea Popasul Ursilor\" \/>\n<meta property=\"article:modified_time\" content=\"2024-12-07T13:38:05+00:00\" \/>\n<meta name=\"twitter:card\" content=\"summary_large_image\" \/>\n<meta name=\"twitter:label1\" content=\"Gesch\u00e4tzte Lesezeit\" \/>\n\t<meta name=\"twitter:data1\" content=\"1\u00a0Minute\" \/>\n<script type=\"application\/ld+json\" class=\"yoast-schema-graph\">{\"@context\":\"https:\/\/schema.org\",\"@graph\":[{\"@type\":\"WebPage\",\"@id\":\"https:\/\/popasulursilor.ro\/de\/silvester\/\",\"url\":\"https:\/\/popasulursilor.ro\/de\/silvester\/\",\"name\":\"Silvester - Pensiunea Popasul Ursilor\",\"isPartOf\":{\"@id\":\"https:\/\/popasulursilor.ro\/de\/#website\"},\"datePublished\":\"2022-09-29T07:14:54+00:00\",\"dateModified\":\"2024-12-07T13:38:05+00:00\",\"breadcrumb\":{\"@id\":\"https:\/\/popasulursilor.ro\/de\/silvester\/#breadcrumb\"},\"inLanguage\":\"de\",\"potentialAction\":[{\"@type\":\"ReadAction\",\"target\":[\"https:\/\/popasulursilor.ro\/de\/silvester\/\"]}]},{\"@type\":\"BreadcrumbList\",\"@id\":\"https:\/\/popasulursilor.ro\/de\/silvester\/#breadcrumb\",\"itemListElement\":[{\"@type\":\"ListItem\",\"position\":1,\"name\":\"Prima pagin\u0103\",\"item\":\"https:\/\/popasulursilor.ro\/de\/\"},{\"@type\":\"ListItem\",\"position\":2,\"name\":\"Silvester\"}]},{\"@type\":\"WebSite\",\"@id\":\"https:\/\/popasulursilor.ro\/de\/#website\",\"url\":\"https:\/\/popasulursilor.ro\/de\/\",\"name\":\"Pensiunea Popasul Ursilor\",\"description\":\"Cazare langa Pestera Ursilor Muntii Apuseni\",\"potentialAction\":[{\"@type\":\"SearchAction\",\"target\":{\"@type\":\"EntryPoint\",\"urlTemplate\":\"https:\/\/popasulursilor.ro\/de\/?s={search_term_string}\"},\"query-input\":{\"@type\":\"PropertyValueSpecification\",\"valueRequired\":true,\"valueName\":\"search_term_string\"}}],\"inLanguage\":\"de\"}]}<\/script>\n<!-- \/ Yoast SEO plugin. -->","yoast_head_json":{"title":"Silvester - Pensiunea Popasul Ursilor","robots":{"index":"index","follow":"follow","max-snippet":"max-snippet:-1","max-image-preview":"max-image-preview:large","max-video-preview":"max-video-preview:-1"},"canonical":"https:\/\/popasulursilor.ro\/de\/silvester\/","og_locale":"de_DE","og_type":"article","og_title":"Silvester - Pensiunea Popasul Ursilor","og_description":"Wir laden Sie ein, das neue Jahr mit einem besonderen Programm mit Musik und guter Laune, traditionellen Gerichten der Region zu feiern. Das Servicepaket &#8222;Silvester Apuseni 2024&#8220;: VERLAUF: Tag 1, 30 Dezember: Tag 2, 31 Dezember: Tag 3, 1 Januar: Tag 4, 2 Januar: Die Mahlzeiten werden als festes Men\u00fc serviert und umfassen traditionelle und ... Weiterlesen ...","og_url":"https:\/\/popasulursilor.ro\/de\/silvester\/","og_site_name":"Pensiunea Popasul Ursilor","article_modified_time":"2024-12-07T13:38:05+00:00","twitter_card":"summary_large_image","twitter_misc":{"Gesch\u00e4tzte Lesezeit":"1\u00a0Minute"},"schema":{"@context":"https:\/\/schema.org","@graph":[{"@type":"WebPage","@id":"https:\/\/popasulursilor.ro\/de\/silvester\/","url":"https:\/\/popasulursilor.ro\/de\/silvester\/","name":"Silvester - Pensiunea Popasul Ursilor","isPartOf":{"@id":"https:\/\/popasulursilor.ro\/de\/#website"},"datePublished":"2022-09-29T07:14:54+00:00","dateModified":"2024-12-07T13:38:05+00:00","breadcrumb":{"@id":"https:\/\/popasulursilor.ro\/de\/silvester\/#breadcrumb"},"inLanguage":"de","potentialAction":[{"@type":"ReadAction","target":["https:\/\/popasulursilor.ro\/de\/silvester\/"]}]},{"@type":"BreadcrumbList","@id":"https:\/\/popasulursilor.ro\/de\/silvester\/#breadcrumb","itemListElement":[{"@type":"ListItem","position":1,"name":"Prima pagin\u0103","item":"https:\/\/popasulursilor.ro\/de\/"},{"@type":"ListItem","position":2,"name":"Silvester"}]},{"@type":"WebSite","@id":"https:\/\/popasulursilor.ro\/de\/#website","url":"https:\/\/popasulursilor.ro\/de\/","name":"Pensiunea Popasul Ursilor","description":"Cazare langa Pestera Ursilor Muntii Apuseni","potentialAction":[{"@type":"SearchAction","target":{"@type":"EntryPoint","urlTemplate":"https:\/\/popasulursilor.ro\/de\/?s={search_term_string}"},"query-input":{"@type":"PropertyValueSpecification","valueRequired":true,"valueName":"search_term_string"}}],"inLanguage":"de"}]}},"_links":{"self":[{"href":"https:\/\/popasulursilor.ro\/de\/wp-json\/wp\/v2\/pages\/6262","targetHints":{"allow":["GET"]}}],"collection":[{"href":"https:\/\/popasulursilor.ro\/de\/wp-json\/wp\/v2\/pages"}],"about":[{"href":"https:\/\/popasulursilor.ro\/de\/wp-json\/wp\/v2\/types\/page"}],"author":[{"embeddable":true,"href":"https:\/\/popasulursilor.ro\/de\/wp-json\/wp\/v2\/users\/1"}],"replies":[{"embeddable":true,"href":"https:\/\/popasulursilor.ro\/de\/wp-json\/wp\/v2\/comments?post=6262"}],"version-history":[{"count":10,"href":"https:\/\/popasulursilor.ro\/de\/wp-json\/wp\/v2\/pages\/6262\/revisions"}],"predecessor-version":[{"id":6721,"href":"https:\/\/popasulursilor.ro\/de\/wp-json\/wp\/v2\/pages\/6262\/revisions\/6721"}],"wp:attachment":[{"href":"https:\/\/popasulursilor.ro\/de\/wp-json\/wp\/v2\/media?parent=6262"}],"curies":[{"name":"wp","href":"https:\/\/api.w.org\/{rel}","templated":true}]}}