{"id":6274,"date":"2022-09-29T07:14:58","date_gmt":"2022-09-29T07:14:58","guid":{"rendered":"https:\/\/popasulursilor.ro\/attraktionen\/"},"modified":"2024-12-07T13:41:07","modified_gmt":"2024-12-07T13:41:07","slug":"attraktionen","status":"publish","type":"page","link":"https:\/\/popasulursilor.ro\/de\/attraktionen\/","title":{"rendered":"Attraktionen"},"content":{"rendered":"\n<div class=\"wp-block-media-text alignfull is-stacked-on-mobile has-base-3-color has-contrast-3-background-color has-text-color has-background\"><figure class=\"wp-block-media-text__media\"><img loading=\"lazy\" decoding=\"async\" width=\"1024\" height=\"548\" src=\"https:\/\/popasulursilor.ro\/wp-content\/uploads\/2022\/09\/arieseni-1024x548.jpg\" alt=\"\" class=\"wp-image-5688 size-full\" srcset=\"https:\/\/popasulursilor.ro\/wp-content\/uploads\/2022\/09\/arieseni-1024x548.jpg 1024w, https:\/\/popasulursilor.ro\/wp-content\/uploads\/2022\/09\/arieseni-300x161.jpg 300w, https:\/\/popasulursilor.ro\/wp-content\/uploads\/2022\/09\/arieseni-768x411.jpg 768w, https:\/\/popasulursilor.ro\/wp-content\/uploads\/2022\/09\/arieseni-200x107.jpg 200w, https:\/\/popasulursilor.ro\/wp-content\/uploads\/2022\/09\/arieseni.jpg 1400w\" sizes=\"auto, (max-width: 1024px) 100vw, 1024px\" \/><\/figure><div class=\"wp-block-media-text__content\">\n<h1 class=\"wp-block-heading has-base-3-color has-text-color\">Touristische Attraktionen im Apuseni-Gebirge<\/h1>\n\n\n\n<p class=\"has-small-font-size\">Sie befinden sich im Herzen des Apuseni Gebirges, wo die Menschen gastfreundlich sind und Traditionen bewahren. Die Natur, nun ja, die Natur kann manchmal wild und voller unerwarteter Ereignisse sein. Entdecken Sie Orte, von denen Sie nie gedacht h\u00e4tten, dass Sie sie in Rum\u00e4nien sehen w\u00fcrden, und von denen Sie Ihren Freunden noch jahrelang erz\u00e4hlen werden.<\/p>\n\n\n\n<p class=\"has-small-font-size\">Was k\u00f6nnten diese wunderbaren Attraktionen sein?<\/p>\n\n\n\n<p class=\"has-small-font-size\"><\/p>\n<\/div><\/div>\n\n\n\n<div style=\"height:80px\" aria-hidden=\"true\" class=\"wp-block-spacer\"><\/div>\n\n\n<div class=\"gb-container gb-container-f2c097fb\"><div class=\"gb-inside-container\">\n\n<p>Das Gasthaus Popasul Ursilor befindet sich im Zentrum des Apuseni-Gebirges, wenger Minuten von der B\u00e4renh\u00f6hle entfernt. Nur 20 Minuten Fahrt von den touristischen Attraktionen im Padis-Gebiet entfernt, wie z.B.:<\/p>\n\n\n\n<ul class=\"wp-block-list\">\n<li>Ponor Festung<\/li>\n\n\n\n<li>Motului Kirche<\/li>\n\n\n\n<li>der Bulbuci Wasserfall in Boga<\/li>\n<\/ul>\n\n\n\n<p>Weniger als 1 Stunde von unserem Gasthaus entfernt:<\/p>\n\n\n\n<ul class=\"wp-block-list\">\n<li>Meziad H\u00f6hle <\/li>\n\n\n\n<li>Kristallh\u00f6hle in Farcu<\/li>\n\n\n\n<li>Rostige Grube<\/li>\n<\/ul>\n\n<\/div><\/div>\n\n\n<div style=\"height:80px\" aria-hidden=\"true\" class=\"wp-block-spacer\"><\/div>\n\n\n<div class=\"gb-grid-wrapper gb-grid-wrapper-5e220f2d\">\n<div class=\"gb-grid-column gb-grid-column-7dfe351b\"><div class=\"gb-container gb-container-7dfe351b\"><div class=\"gb-inside-container\">\n\n<figure class=\"wp-block-image size-large\"><img loading=\"lazy\" decoding=\"async\" width=\"1024\" height=\"682\" src=\"https:\/\/popasulursilor.ro\/wp-content\/uploads\/2022\/09\/pestera-ursilor-arieseni-1024x682.jpg\" alt=\"B\u00e4renh\u00f6hle Arieseni\" class=\"wp-image-5629\" srcset=\"https:\/\/popasulursilor.ro\/wp-content\/uploads\/2022\/09\/pestera-ursilor-arieseni-1024x682.jpg 1024w, https:\/\/popasulursilor.ro\/wp-content\/uploads\/2022\/09\/pestera-ursilor-arieseni-300x200.jpg 300w, https:\/\/popasulursilor.ro\/wp-content\/uploads\/2022\/09\/pestera-ursilor-arieseni-768x512.jpg 768w, https:\/\/popasulursilor.ro\/wp-content\/uploads\/2022\/09\/pestera-ursilor-arieseni-1536x1023.jpg 1536w, https:\/\/popasulursilor.ro\/wp-content\/uploads\/2022\/09\/pestera-ursilor-arieseni-200x133.jpg 200w, https:\/\/popasulursilor.ro\/wp-content\/uploads\/2022\/09\/pestera-ursilor-arieseni.jpg 1600w\" sizes=\"auto, (max-width: 1024px) 100vw, 1024px\" \/><\/figure>\n\n\n\n<h4 class=\"gb-headline gb-headline-fe1d47b3 gb-headline-text\">B\u00e4renh\u00f6hle<\/h4>\n\n\n\n<p class=\"has-text-align-center\"><em>450 m von dem Gasthaus Popasul Ursilor entfernt, Dauer: 8 Minuten<\/em><\/p>\n\n\n\n<p class=\"has-text-align-center\">Die B\u00e4renh\u00f6hle wurde 1975 bei der Sprengung eines Marmorsteinbruchs im Chiscau-Massiv entdeckt und 1980 f\u00fcr den Tourismus erschlossen.  <\/p>\n\n\n\n<p class=\"has-text-align-center\">Die B\u00e4renh\u00f6hle ist nicht wegen ihrer Gr\u00f6\u00dfe bemerkenswert, sondern wegen der <strong>ph\u00e4nomenalen Anh\u00e4ufung spel\u00e4ologischer Formationen, die<\/strong> unter den touristisch erschlossenen H\u00f6hlen in dieser Hinsicht <strong>einzigartig ist<\/strong>.<\/p>\n\n\n\n<div class=\"gb-headline gb-headline-254f6174\"><span class=\"gb-icon\"><svg xmlns=\"http:\/\/www.w3.org\/2000\/svg\" aria-hidden=\"true\" role=\"img\" height=\"1em\" width=\"1em\" viewBox=\"0 0 384 512\"><path fill=\"currentColor\" d=\"M172.268 501.67C26.97 291.031 0 269.413 0 192 0 85.961 85.961 0 192 0s192 85.961 192 192c0 77.413-26.97 99.031-172.268 309.67-9.535 13.774-29.93 13.773-39.464 0zM192 272c44.183 0 80-35.817 80-80s-35.817-80-80-80-80 35.817-80 80 35.817 80 80 80z\"><\/path><\/svg><\/span><span class=\"gb-headline-text\"><a href=\"https:\/\/www.google.com\/maps\/dir\/''\/Pe%C8%99tera+Ur%C8%99ilor,+Chi%C8%99c%C4%83u\/@46.5536891,22.5668473,17z\/data=!3m1!4b1!4m13!4m12!1m5!1m1!1s0x4748c92bd4bd7f59:0xdbc721a1b0df4b4e!2m2!1d22.5698051!2d46.5546712!1m5!1m1!1s0x4748c9b93efb8deb:0x50341756ca4321b6!2m2!1d22.5695098!2d46.5537948\" target=\"_blank\" rel=\"noreferrer noopener nofollow\">Sehen Sie die Route auf Google Maps<\/a><\/span><\/div>\n\n<\/div><\/div><\/div>\n\n<div class=\"gb-grid-column gb-grid-column-24671cb1\"><div class=\"gb-container gb-container-24671cb1\"><div class=\"gb-inside-container\">\n\n<figure class=\"wp-block-image size-large\"><img loading=\"lazy\" decoding=\"async\" width=\"1024\" height=\"683\" src=\"https:\/\/popasulursilor.ro\/wp-content\/uploads\/2022\/09\/Pestera_Scarisoara_-_Sala_Biserica-1024x683.jpg\" alt=\"\" class=\"wp-image-5676\" srcset=\"https:\/\/popasulursilor.ro\/wp-content\/uploads\/2022\/09\/Pestera_Scarisoara_-_Sala_Biserica-1024x683.jpg 1024w, https:\/\/popasulursilor.ro\/wp-content\/uploads\/2022\/09\/Pestera_Scarisoara_-_Sala_Biserica-300x200.jpg 300w, https:\/\/popasulursilor.ro\/wp-content\/uploads\/2022\/09\/Pestera_Scarisoara_-_Sala_Biserica-768x512.jpg 768w, https:\/\/popasulursilor.ro\/wp-content\/uploads\/2022\/09\/Pestera_Scarisoara_-_Sala_Biserica-200x133.jpg 200w, https:\/\/popasulursilor.ro\/wp-content\/uploads\/2022\/09\/Pestera_Scarisoara_-_Sala_Biserica.jpg 1123w\" sizes=\"auto, (max-width: 1024px) 100vw, 1024px\" \/><\/figure>\n\n\n\n<p class=\"has-text-align-center\"><em>87 km, Erreichbarkeit in 2 h<\/em><\/p>\n\n\n\n<p class=\"gb-headline gb-headline-d7d1c745 gb-headline-text\"><meta charset=\"utf-8\">Mit einer L\u00e4nge von 720 m und einer Tiefe von 105 m beherbergt er einen Eisblock mit einem Volumen von 75.000 m3 und einer durchschnittlichen Dicke von 16 m, ein Gletscher, der ihm auch seinen Namen gibt. Eine besonders beliebte und besuchte H\u00f6hle, die Sie unbedingt besuchen sollten.<\/p>\n\n<\/div><\/div><\/div>\n<\/div>\n\n<div class=\"gb-container gb-container-ea6bcfcc\"><div class=\"gb-inside-container\">\n\n<h3 class=\"gb-headline gb-headline-36fc67ac gb-headline-text\">Suchen Sie eine Unterkunft im Herzen des Apuseni-Gebirges?<\/h3>\n\n\n\n<p>Verbringen Sie eine unvergessliche Zeit im Herzen des Apuseni-Gebirges, in der N\u00e4he der B\u00e4renh\u00f6hle, einem besonders malerischen Ort, an dem Traditionen zu Hause sind!<\/p>\n\n\n<div class=\"gb-container gb-container-003ba905\"><div class=\"gb-inside-container\">\n<div class=\"gb-grid-wrapper gb-grid-wrapper-3bfbdaa1\">\n<div class=\"gb-grid-column gb-grid-column-65ac58a2\"><div class=\"gb-container gb-container-65ac58a2\"><div class=\"gb-inside-container\">\n\n<h4 class=\"gb-headline gb-headline-f8165eb4 gb-headline-text\">Empfang im Dorf der B\u00e4ren<\/h4>\n\n\n\n<h5 class=\"gb-headline gb-headline-65eb39a1\"><span class=\"gb-icon\"><svg xmlns=\"http:\/\/www.w3.org\/2000\/svg\" aria-hidden=\"true\" role=\"img\" height=\"1em\" width=\"1em\" viewbox=\"0 0 512 512\"><path fill=\"currentColor\" d=\"M493.4 24.6l-104-24c-11.3-2.6-22.9 3.3-27.5 13.9l-48 112c-4.2 9.8-1.4 21.3 6.9 28l60.6 49.6c-36 76.7-98.9 140.5-177.2 177.2l-49.6-60.6c-6.8-8.3-18.2-11.1-28-6.9l-112 48C3.9 366.5-2 378.1.6 389.4l24 104C27.1 504.2 36.7 512 48 512c256.1 0 464-207.5 464-464 0-11.2-7.7-20.9-18.6-23.4z\"><\/path><\/svg><\/span><span class=\"gb-headline-text\"><a href=\"tel:0040746772417\">0746.772.417<\/a><\/span><\/h5>\n\n\n\n<p>F\u00fcr Reservierungen oder Informationen stehen wir Ihnen gerne zur Verf\u00fcgung, beantworten Ihre Fragen und freuen uns darauf, dass Sie ein paar unvergessliche Tage an einem wundersch\u00f6nen Ort voller Geschichte und Traditionen im Herzen des Apuseni-Gebirges verbringen!<\/p>\n\n\n<div class=\"gb-button-wrapper gb-button-wrapper-f9f60df4\">\n\n<a class=\"gb-button gb-button-bbf7fd78 gb-button-text button smooth-scroll\" href=\"tel:0040746772417\">Jetzt anrufen<\/a>\n\n\n\n<a class=\"gb-button gb-button-4e91cace gb-button-text button smooth-scroll\" href=\"https:\/\/popasulursilor.ro\/de\/reservierungen\/\">Eine Reservierung vornehmen<\/a>\n\n<\/div>\n<\/div><\/div><\/div>\n<\/div>\n<\/div><\/div>\n<\/div><\/div>","protected":false},"excerpt":{"rendered":"<p>Touristische Attraktionen im Apuseni-Gebirge Sie befinden sich im Herzen des Apuseni Gebirges, wo die Menschen gastfreundlich sind und Traditionen bewahren. Die Natur, nun ja, die Natur kann manchmal wild und voller unerwarteter Ereignisse sein. Entdecken Sie Orte, von denen Sie nie gedacht h\u00e4tten, dass Sie sie in Rum\u00e4nien sehen w\u00fcrden, und von denen Sie Ihren &#8230; <a title=\"Attraktionen\" class=\"read-more\" href=\"https:\/\/popasulursilor.ro\/de\/attraktionen\/\" aria-label=\"Mehr Informationen \u00fcber Attraktionen\">Weiterlesen &#8230;<\/a><\/p>\n","protected":false},"author":1,"featured_media":0,"parent":0,"menu_order":0,"comment_status":"closed","ping_status":"closed","template":"","meta":{"footnotes":""},"class_list":{"0":"post-6274","1":"page","2":"type-page","3":"status-publish","5":"no-featured-image-padding"},"yoast_head":"<!-- This site is optimized with the Yoast SEO plugin v27.1.1 - https:\/\/yoast.com\/product\/yoast-seo-wordpress\/ -->\n<title>Attraktionen - Pensiunea Popasul Ursilor<\/title>\n<meta name=\"robots\" content=\"index, follow, max-snippet:-1, max-image-preview:large, max-video-preview:-1\" \/>\n<link rel=\"canonical\" href=\"https:\/\/popasulursilor.ro\/de\/attraktionen\/\" \/>\n<meta property=\"og:locale\" content=\"de_DE\" \/>\n<meta property=\"og:type\" content=\"article\" \/>\n<meta property=\"og:title\" content=\"Attraktionen - Pensiunea Popasul Ursilor\" \/>\n<meta property=\"og:description\" content=\"Touristische Attraktionen im Apuseni-Gebirge Sie befinden sich im Herzen des Apuseni Gebirges, wo die Menschen gastfreundlich sind und Traditionen bewahren. Die Natur, nun ja, die Natur kann manchmal wild und voller unerwarteter Ereignisse sein. Entdecken Sie Orte, von denen Sie nie gedacht h\u00e4tten, dass Sie sie in Rum\u00e4nien sehen w\u00fcrden, und von denen Sie Ihren ... Weiterlesen ...\" \/>\n<meta property=\"og:url\" content=\"https:\/\/popasulursilor.ro\/de\/attraktionen\/\" \/>\n<meta property=\"og:site_name\" content=\"Pensiunea Popasul Ursilor\" \/>\n<meta property=\"article:modified_time\" content=\"2024-12-07T13:41:07+00:00\" \/>\n<meta property=\"og:image\" content=\"https:\/\/popasulursilor.ro\/wp-content\/uploads\/2022\/09\/arieseni.jpg\" \/>\n\t<meta property=\"og:image:width\" content=\"1400\" \/>\n\t<meta property=\"og:image:height\" content=\"749\" \/>\n\t<meta property=\"og:image:type\" content=\"image\/jpeg\" \/>\n<meta name=\"twitter:card\" content=\"summary_large_image\" \/>\n<meta name=\"twitter:label1\" content=\"Gesch\u00e4tzte Lesezeit\" \/>\n\t<meta name=\"twitter:data1\" content=\"3\u00a0Minuten\" \/>\n<script type=\"application\/ld+json\" class=\"yoast-schema-graph\">{\"@context\":\"https:\/\/schema.org\",\"@graph\":[{\"@type\":\"WebPage\",\"@id\":\"https:\/\/popasulursilor.ro\/de\/attraktionen\/\",\"url\":\"https:\/\/popasulursilor.ro\/de\/attraktionen\/\",\"name\":\"Attraktionen - Pensiunea Popasul Ursilor\",\"isPartOf\":{\"@id\":\"https:\/\/popasulursilor.ro\/de\/#website\"},\"primaryImageOfPage\":{\"@id\":\"https:\/\/popasulursilor.ro\/de\/attraktionen\/#primaryimage\"},\"image\":{\"@id\":\"https:\/\/popasulursilor.ro\/de\/attraktionen\/#primaryimage\"},\"thumbnailUrl\":\"https:\/\/popasulursilor.ro\/wp-content\/uploads\/2022\/09\/arieseni-1024x548.jpg\",\"datePublished\":\"2022-09-29T07:14:58+00:00\",\"dateModified\":\"2024-12-07T13:41:07+00:00\",\"breadcrumb\":{\"@id\":\"https:\/\/popasulursilor.ro\/de\/attraktionen\/#breadcrumb\"},\"inLanguage\":\"de\",\"potentialAction\":[{\"@type\":\"ReadAction\",\"target\":[\"https:\/\/popasulursilor.ro\/de\/attraktionen\/\"]}]},{\"@type\":\"ImageObject\",\"inLanguage\":\"de\",\"@id\":\"https:\/\/popasulursilor.ro\/de\/attraktionen\/#primaryimage\",\"url\":\"https:\/\/popasulursilor.ro\/wp-content\/uploads\/2022\/09\/arieseni-1024x548.jpg\",\"contentUrl\":\"https:\/\/popasulursilor.ro\/wp-content\/uploads\/2022\/09\/arieseni-1024x548.jpg\"},{\"@type\":\"BreadcrumbList\",\"@id\":\"https:\/\/popasulursilor.ro\/de\/attraktionen\/#breadcrumb\",\"itemListElement\":[{\"@type\":\"ListItem\",\"position\":1,\"name\":\"Prima pagin\u0103\",\"item\":\"https:\/\/popasulursilor.ro\/de\/\"},{\"@type\":\"ListItem\",\"position\":2,\"name\":\"Attraktionen\"}]},{\"@type\":\"WebSite\",\"@id\":\"https:\/\/popasulursilor.ro\/de\/#website\",\"url\":\"https:\/\/popasulursilor.ro\/de\/\",\"name\":\"Pensiunea Popasul Ursilor\",\"description\":\"Cazare langa Pestera Ursilor Muntii Apuseni\",\"potentialAction\":[{\"@type\":\"SearchAction\",\"target\":{\"@type\":\"EntryPoint\",\"urlTemplate\":\"https:\/\/popasulursilor.ro\/de\/?s={search_term_string}\"},\"query-input\":{\"@type\":\"PropertyValueSpecification\",\"valueRequired\":true,\"valueName\":\"search_term_string\"}}],\"inLanguage\":\"de\"}]}<\/script>\n<!-- \/ Yoast SEO plugin. -->","yoast_head_json":{"title":"Attraktionen - Pensiunea Popasul Ursilor","robots":{"index":"index","follow":"follow","max-snippet":"max-snippet:-1","max-image-preview":"max-image-preview:large","max-video-preview":"max-video-preview:-1"},"canonical":"https:\/\/popasulursilor.ro\/de\/attraktionen\/","og_locale":"de_DE","og_type":"article","og_title":"Attraktionen - Pensiunea Popasul Ursilor","og_description":"Touristische Attraktionen im Apuseni-Gebirge Sie befinden sich im Herzen des Apuseni Gebirges, wo die Menschen gastfreundlich sind und Traditionen bewahren. Die Natur, nun ja, die Natur kann manchmal wild und voller unerwarteter Ereignisse sein. Entdecken Sie Orte, von denen Sie nie gedacht h\u00e4tten, dass Sie sie in Rum\u00e4nien sehen w\u00fcrden, und von denen Sie Ihren ... Weiterlesen ...","og_url":"https:\/\/popasulursilor.ro\/de\/attraktionen\/","og_site_name":"Pensiunea Popasul Ursilor","article_modified_time":"2024-12-07T13:41:07+00:00","og_image":[{"width":1400,"height":749,"url":"https:\/\/popasulursilor.ro\/wp-content\/uploads\/2022\/09\/arieseni.jpg","type":"image\/jpeg"}],"twitter_card":"summary_large_image","twitter_misc":{"Gesch\u00e4tzte Lesezeit":"3\u00a0Minuten"},"schema":{"@context":"https:\/\/schema.org","@graph":[{"@type":"WebPage","@id":"https:\/\/popasulursilor.ro\/de\/attraktionen\/","url":"https:\/\/popasulursilor.ro\/de\/attraktionen\/","name":"Attraktionen - Pensiunea Popasul Ursilor","isPartOf":{"@id":"https:\/\/popasulursilor.ro\/de\/#website"},"primaryImageOfPage":{"@id":"https:\/\/popasulursilor.ro\/de\/attraktionen\/#primaryimage"},"image":{"@id":"https:\/\/popasulursilor.ro\/de\/attraktionen\/#primaryimage"},"thumbnailUrl":"https:\/\/popasulursilor.ro\/wp-content\/uploads\/2022\/09\/arieseni-1024x548.jpg","datePublished":"2022-09-29T07:14:58+00:00","dateModified":"2024-12-07T13:41:07+00:00","breadcrumb":{"@id":"https:\/\/popasulursilor.ro\/de\/attraktionen\/#breadcrumb"},"inLanguage":"de","potentialAction":[{"@type":"ReadAction","target":["https:\/\/popasulursilor.ro\/de\/attraktionen\/"]}]},{"@type":"ImageObject","inLanguage":"de","@id":"https:\/\/popasulursilor.ro\/de\/attraktionen\/#primaryimage","url":"https:\/\/popasulursilor.ro\/wp-content\/uploads\/2022\/09\/arieseni-1024x548.jpg","contentUrl":"https:\/\/popasulursilor.ro\/wp-content\/uploads\/2022\/09\/arieseni-1024x548.jpg"},{"@type":"BreadcrumbList","@id":"https:\/\/popasulursilor.ro\/de\/attraktionen\/#breadcrumb","itemListElement":[{"@type":"ListItem","position":1,"name":"Prima pagin\u0103","item":"https:\/\/popasulursilor.ro\/de\/"},{"@type":"ListItem","position":2,"name":"Attraktionen"}]},{"@type":"WebSite","@id":"https:\/\/popasulursilor.ro\/de\/#website","url":"https:\/\/popasulursilor.ro\/de\/","name":"Pensiunea Popasul Ursilor","description":"Cazare langa Pestera Ursilor Muntii Apuseni","potentialAction":[{"@type":"SearchAction","target":{"@type":"EntryPoint","urlTemplate":"https:\/\/popasulursilor.ro\/de\/?s={search_term_string}"},"query-input":{"@type":"PropertyValueSpecification","valueRequired":true,"valueName":"search_term_string"}}],"inLanguage":"de"}]}},"_links":{"self":[{"href":"https:\/\/popasulursilor.ro\/de\/wp-json\/wp\/v2\/pages\/6274","targetHints":{"allow":["GET"]}}],"collection":[{"href":"https:\/\/popasulursilor.ro\/de\/wp-json\/wp\/v2\/pages"}],"about":[{"href":"https:\/\/popasulursilor.ro\/de\/wp-json\/wp\/v2\/types\/page"}],"author":[{"embeddable":true,"href":"https:\/\/popasulursilor.ro\/de\/wp-json\/wp\/v2\/users\/1"}],"replies":[{"embeddable":true,"href":"https:\/\/popasulursilor.ro\/de\/wp-json\/wp\/v2\/comments?post=6274"}],"version-history":[{"count":3,"href":"https:\/\/popasulursilor.ro\/de\/wp-json\/wp\/v2\/pages\/6274\/revisions"}],"predecessor-version":[{"id":6723,"href":"https:\/\/popasulursilor.ro\/de\/wp-json\/wp\/v2\/pages\/6274\/revisions\/6723"}],"wp:attachment":[{"href":"https:\/\/popasulursilor.ro\/de\/wp-json\/wp\/v2\/media?parent=6274"}],"curies":[{"name":"wp","href":"https:\/\/api.w.org\/{rel}","templated":true}]}}