{"id":6279,"date":"2022-09-29T07:15:00","date_gmt":"2022-09-29T07:15:00","guid":{"rendered":"https:\/\/popasulursilor.ro\/preise\/"},"modified":"2025-06-27T15:40:35","modified_gmt":"2025-06-27T15:40:35","slug":"preise","status":"publish","type":"page","link":"https:\/\/popasulursilor.ro\/de\/preise\/","title":{"rendered":"Preise"},"content":{"rendered":"<div class=\"gb-container gb-container-a76c6499\"><div class=\"gb-inside-container\">\n<div class=\"gb-grid-wrapper gb-grid-wrapper-7559b467\">\n<div class=\"gb-grid-column gb-grid-column-142248bf\"><div class=\"gb-container gb-container-142248bf\"><div class=\"gb-inside-container\">\n\n<h2 class=\"gb-headline gb-headline-87ae2cbe gb-headline-text\">Unterkunftspreise im Gasthaus Popasul Ursilor<\/h2>\n\n\n\n<p class=\"gb-headline gb-headline-1fd14456 gb-headline-text\"><em>Die nachstehenden Preise dienen nur zur Information, gelten f\u00fcr Herbst-Winter 2024 und k\u00f6nnen ohne vorherige Ank\u00fcndigung ge\u00e4ndert werden. F\u00fcr feste Buchungen kontaktieren Sie uns bitte telefonisch oder \u00fcber das Buchungsformular.<\/em><\/p>\n\n\n\n<figure class=\"wp-block-table\"><table><tbody><tr><td><strong>Dienst<\/strong><\/td><td><strong>Preis, RON<\/strong><\/td><\/tr><tr><td>Zweibettzimmer<\/td><td>200<\/td><\/tr><tr><td>Dreibettzimmer<br>Apartament<\/td><td>230<br>300<\/td><\/tr><tr><td>Fr\u00fchst\u00fcck<\/td><td>50 \/ Person<\/td><\/tr><tr><td>Sauna\/Jacuzzi<\/td><td>60 \/ Person<\/td><\/tr><tr><td>Halbpension<\/td><td>100 \/ Person<\/td><\/tr><\/tbody><\/table><\/figure>\n\n<\/div><\/div><\/div>\n<\/div>\n<\/div><\/div>\n\n<div class=\"gb-container gb-container-ea6bcfcc\"><div class=\"gb-inside-container\">\n\n<h3 class=\"gb-headline gb-headline-36fc67ac gb-headline-text\">Suchen Sie eine Unterkunft im Herzen des Apuseni-Gebirges?<\/h3>\n\n\n\n<p>Verbringen Sie eine unvergessliche Zeit im Herzen des Apuseni-Gebirges, in der N\u00e4he der B\u00e4renh\u00f6hle, einem besonders malerischen Ort, an dem Traditionen zu Hause sind!<\/p>\n\n\n<div class=\"gb-container gb-container-003ba905\"><div class=\"gb-inside-container\">\n<div class=\"gb-grid-wrapper gb-grid-wrapper-3bfbdaa1\">\n<div class=\"gb-grid-column gb-grid-column-65ac58a2\"><div class=\"gb-container gb-container-65ac58a2\"><div class=\"gb-inside-container\">\n\n<h4 class=\"gb-headline gb-headline-f8165eb4 gb-headline-text\">Empfang im Dorf der B\u00e4ren<\/h4>\n\n\n\n<h5 class=\"gb-headline gb-headline-65eb39a1\"><span class=\"gb-icon\"><svg xmlns=\"http:\/\/www.w3.org\/2000\/svg\" aria-hidden=\"true\" role=\"img\" height=\"1em\" width=\"1em\" viewbox=\"0 0 512 512\"><path fill=\"currentColor\" d=\"M493.4 24.6l-104-24c-11.3-2.6-22.9 3.3-27.5 13.9l-48 112c-4.2 9.8-1.4 21.3 6.9 28l60.6 49.6c-36 76.7-98.9 140.5-177.2 177.2l-49.6-60.6c-6.8-8.3-18.2-11.1-28-6.9l-112 48C3.9 366.5-2 378.1.6 389.4l24 104C27.1 504.2 36.7 512 48 512c256.1 0 464-207.5 464-464 0-11.2-7.7-20.9-18.6-23.4z\"><\/path><\/svg><\/span><span class=\"gb-headline-text\"><a href=\"tel:0040746772417\">0746.772.417<\/a><\/span><\/h5>\n\n\n\n<p>F\u00fcr Reservierungen oder Informationen stehen wir Ihnen gerne zur Verf\u00fcgung, beantworten Ihre Fragen und freuen uns darauf, dass Sie ein paar unvergessliche Tage an einem wundersch\u00f6nen Ort voller Geschichte und Traditionen im Herzen des Apuseni-Gebirges verbringen!<\/p>\n\n\n<div class=\"gb-button-wrapper gb-button-wrapper-f9f60df4\">\n\n<a class=\"gb-button gb-button-bbf7fd78 gb-button-text button smooth-scroll\" href=\"tel:0040746772417\">Jetzt anrufen<\/a>\n\n\n\n<a class=\"gb-button gb-button-4e91cace gb-button-text button smooth-scroll\" href=\"https:\/\/popasulursilor.ro\/de\/reservierungen\/\">Eine Reservierung vornehmen<\/a>\n\n<\/div>\n<\/div><\/div><\/div>\n<\/div>\n<\/div><\/div>\n<\/div><\/div>","protected":false},"excerpt":{"rendered":"","protected":false},"author":1,"featured_media":0,"parent":0,"menu_order":0,"comment_status":"closed","ping_status":"closed","template":"","meta":{"footnotes":""},"class_list":{"0":"post-6279","1":"page","2":"type-page","3":"status-publish","5":"no-featured-image-padding"},"yoast_head":"<!-- This site is optimized with the Yoast SEO plugin v27.1.1 - https:\/\/yoast.com\/product\/yoast-seo-wordpress\/ -->\n<title>Preise - Pensiunea Popasul Ursilor<\/title>\n<meta name=\"robots\" content=\"index, follow, max-snippet:-1, max-image-preview:large, max-video-preview:-1\" \/>\n<link rel=\"canonical\" href=\"https:\/\/popasulursilor.ro\/de\/preise\/\" \/>\n<meta property=\"og:locale\" content=\"de_DE\" \/>\n<meta property=\"og:type\" content=\"article\" \/>\n<meta property=\"og:title\" content=\"Preise - Pensiunea Popasul Ursilor\" \/>\n<meta property=\"og:url\" content=\"https:\/\/popasulursilor.ro\/de\/preise\/\" \/>\n<meta property=\"og:site_name\" content=\"Pensiunea Popasul Ursilor\" \/>\n<meta property=\"article:modified_time\" content=\"2025-06-27T15:40:35+00:00\" \/>\n<meta name=\"twitter:card\" content=\"summary_large_image\" \/>\n<meta name=\"twitter:label1\" content=\"Gesch\u00e4tzte Lesezeit\" \/>\n\t<meta name=\"twitter:data1\" content=\"1\u00a0Minute\" \/>\n<script type=\"application\/ld+json\" class=\"yoast-schema-graph\">{\"@context\":\"https:\/\/schema.org\",\"@graph\":[{\"@type\":\"WebPage\",\"@id\":\"https:\/\/popasulursilor.ro\/de\/preise\/\",\"url\":\"https:\/\/popasulursilor.ro\/de\/preise\/\",\"name\":\"Preise - Pensiunea Popasul Ursilor\",\"isPartOf\":{\"@id\":\"https:\/\/popasulursilor.ro\/de\/#website\"},\"datePublished\":\"2022-09-29T07:15:00+00:00\",\"dateModified\":\"2025-06-27T15:40:35+00:00\",\"breadcrumb\":{\"@id\":\"https:\/\/popasulursilor.ro\/de\/preise\/#breadcrumb\"},\"inLanguage\":\"de\",\"potentialAction\":[{\"@type\":\"ReadAction\",\"target\":[\"https:\/\/popasulursilor.ro\/de\/preise\/\"]}]},{\"@type\":\"BreadcrumbList\",\"@id\":\"https:\/\/popasulursilor.ro\/de\/preise\/#breadcrumb\",\"itemListElement\":[{\"@type\":\"ListItem\",\"position\":1,\"name\":\"Prima pagin\u0103\",\"item\":\"https:\/\/popasulursilor.ro\/de\/\"},{\"@type\":\"ListItem\",\"position\":2,\"name\":\"Preise\"}]},{\"@type\":\"WebSite\",\"@id\":\"https:\/\/popasulursilor.ro\/de\/#website\",\"url\":\"https:\/\/popasulursilor.ro\/de\/\",\"name\":\"Pensiunea Popasul Ursilor\",\"description\":\"Cazare langa Pestera Ursilor Muntii Apuseni\",\"potentialAction\":[{\"@type\":\"SearchAction\",\"target\":{\"@type\":\"EntryPoint\",\"urlTemplate\":\"https:\/\/popasulursilor.ro\/de\/?s={search_term_string}\"},\"query-input\":{\"@type\":\"PropertyValueSpecification\",\"valueRequired\":true,\"valueName\":\"search_term_string\"}}],\"inLanguage\":\"de\"}]}<\/script>\n<!-- \/ Yoast SEO plugin. -->","yoast_head_json":{"title":"Preise - Pensiunea Popasul Ursilor","robots":{"index":"index","follow":"follow","max-snippet":"max-snippet:-1","max-image-preview":"max-image-preview:large","max-video-preview":"max-video-preview:-1"},"canonical":"https:\/\/popasulursilor.ro\/de\/preise\/","og_locale":"de_DE","og_type":"article","og_title":"Preise - Pensiunea Popasul Ursilor","og_url":"https:\/\/popasulursilor.ro\/de\/preise\/","og_site_name":"Pensiunea Popasul Ursilor","article_modified_time":"2025-06-27T15:40:35+00:00","twitter_card":"summary_large_image","twitter_misc":{"Gesch\u00e4tzte Lesezeit":"1\u00a0Minute"},"schema":{"@context":"https:\/\/schema.org","@graph":[{"@type":"WebPage","@id":"https:\/\/popasulursilor.ro\/de\/preise\/","url":"https:\/\/popasulursilor.ro\/de\/preise\/","name":"Preise - Pensiunea Popasul Ursilor","isPartOf":{"@id":"https:\/\/popasulursilor.ro\/de\/#website"},"datePublished":"2022-09-29T07:15:00+00:00","dateModified":"2025-06-27T15:40:35+00:00","breadcrumb":{"@id":"https:\/\/popasulursilor.ro\/de\/preise\/#breadcrumb"},"inLanguage":"de","potentialAction":[{"@type":"ReadAction","target":["https:\/\/popasulursilor.ro\/de\/preise\/"]}]},{"@type":"BreadcrumbList","@id":"https:\/\/popasulursilor.ro\/de\/preise\/#breadcrumb","itemListElement":[{"@type":"ListItem","position":1,"name":"Prima pagin\u0103","item":"https:\/\/popasulursilor.ro\/de\/"},{"@type":"ListItem","position":2,"name":"Preise"}]},{"@type":"WebSite","@id":"https:\/\/popasulursilor.ro\/de\/#website","url":"https:\/\/popasulursilor.ro\/de\/","name":"Pensiunea Popasul Ursilor","description":"Cazare langa Pestera Ursilor Muntii Apuseni","potentialAction":[{"@type":"SearchAction","target":{"@type":"EntryPoint","urlTemplate":"https:\/\/popasulursilor.ro\/de\/?s={search_term_string}"},"query-input":{"@type":"PropertyValueSpecification","valueRequired":true,"valueName":"search_term_string"}}],"inLanguage":"de"}]}},"_links":{"self":[{"href":"https:\/\/popasulursilor.ro\/de\/wp-json\/wp\/v2\/pages\/6279","targetHints":{"allow":["GET"]}}],"collection":[{"href":"https:\/\/popasulursilor.ro\/de\/wp-json\/wp\/v2\/pages"}],"about":[{"href":"https:\/\/popasulursilor.ro\/de\/wp-json\/wp\/v2\/types\/page"}],"author":[{"embeddable":true,"href":"https:\/\/popasulursilor.ro\/de\/wp-json\/wp\/v2\/users\/1"}],"replies":[{"embeddable":true,"href":"https:\/\/popasulursilor.ro\/de\/wp-json\/wp\/v2\/comments?post=6279"}],"version-history":[{"count":7,"href":"https:\/\/popasulursilor.ro\/de\/wp-json\/wp\/v2\/pages\/6279\/revisions"}],"predecessor-version":[{"id":7045,"href":"https:\/\/popasulursilor.ro\/de\/wp-json\/wp\/v2\/pages\/6279\/revisions\/7045"}],"wp:attachment":[{"href":"https:\/\/popasulursilor.ro\/de\/wp-json\/wp\/v2\/media?parent=6279"}],"curies":[{"name":"wp","href":"https:\/\/api.w.org\/{rel}","templated":true}]}}