{"id":6282,"date":"2022-09-29T07:15:02","date_gmt":"2022-09-29T07:15:02","guid":{"rendered":"https:\/\/popasulursilor.ro\/bewertungen\/"},"modified":"2024-12-07T13:14:55","modified_gmt":"2024-12-07T13:14:55","slug":"bewertungen","status":"publish","type":"page","link":"https:\/\/popasulursilor.ro\/de\/bewertungen\/","title":{"rendered":"Bewertungen"},"content":{"rendered":"<div class=\"gb-container gb-container-a76c6499\"><div class=\"gb-inside-container\">\n<div class=\"gb-grid-wrapper gb-grid-wrapper-7559b467\">\n<div class=\"gb-grid-column gb-grid-column-142248bf\"><div class=\"gb-container gb-container-142248bf\"><div class=\"gb-inside-container\">\n\n<h2 class=\"gb-headline gb-headline-87ae2cbe gb-headline-text\"><em>Die Meinung unserer G\u00e4ste ist f\u00fcr uns von gro\u00dfer Bedeutung<\/em> <\/h2>\n\n\n\n<p>Tag f\u00fcr Tag beherbergt das <strong>Gasthaus Popasul Ursilor<\/strong> wunderbare Menschen, mit denen wir im Laufe der Zeit oft in Kontakt bleiben und die mit Freunden oder mit Familie gerne zu uns zur\u00fcckkommen.<\/p>\n\n\n\n<div style=\"height:50px\" aria-hidden=\"true\" class=\"wp-block-spacer\"><\/div>\n\n\n<div class=\"gb-grid-wrapper gb-grid-wrapper-3120ba47\">\n<div class=\"gb-grid-column gb-grid-column-e33004f0\"><div class=\"gb-container gb-container-e33004f0\"><div class=\"gb-inside-container\">\n\n<blockquote class=\"wp-block-quote has-small-font-size is-layout-flow wp-block-quote-is-layout-flow\">\n<p>Ein wunderbarer Aufenthalt mit wunderbaren Menschen! Wir werden gerne wiederkommen!<\/p>\n<cite>Mihai H, Buzau<\/cite><\/blockquote>\n\n<\/div><\/div><\/div>\n\n<div class=\"gb-grid-column gb-grid-column-9895fc98\"><div class=\"gb-container gb-container-9895fc98\"><div class=\"gb-inside-container\">\n\n<blockquote class=\"wp-block-quote has-small-font-size is-layout-flow wp-block-quote-is-layout-flow\">\n<p>Wir kamen f\u00fcr 2 Tage und blieben f\u00fcr 3, wir genossen jeden Moment.<\/p>\n<cite>Alina V, Iasi<\/cite><\/blockquote>\n\n<\/div><\/div><\/div>\n\n<div class=\"gb-grid-column gb-grid-column-722bac05\"><div class=\"gb-container gb-container-722bac05\"><div class=\"gb-inside-container\">\n\n<blockquote class=\"wp-block-quote has-small-font-size is-layout-flow wp-block-quote-is-layout-flow\">\n<p>Wir wollten die B\u00e4renh\u00f6hle besichtigen und sind kurzfristig und ohne Vorank\u00fcndigung angereist. Es war gut und wir hatten eine tolle Zeit!<\/p>\n<cite>Horatiu G, Cluj<\/cite><\/blockquote>\n\n<\/div><\/div><\/div>\n<\/div>\n\n<div class=\"gb-grid-wrapper gb-grid-wrapper-bc53648c\">\n<div class=\"gb-grid-column gb-grid-column-c0d1d39b\"><div class=\"gb-container gb-container-c0d1d39b\"><div class=\"gb-inside-container\">\n\n<blockquote class=\"wp-block-quote has-small-font-size is-layout-flow wp-block-quote-is-layout-flow\">\n<p>Ein guter Freund empfahl uns das G\u00e4stehaus und die Gegend selbst. Wir haben es nicht bereut, der Empfehlung gefolgt zu sein!<\/p>\n<cite>Olimpia N, Craiova<\/cite><\/blockquote>\n\n<\/div><\/div><\/div>\n\n<div class=\"gb-grid-column gb-grid-column-4cd20a7f\"><div class=\"gb-container gb-container-4cd20a7f\"><div class=\"gb-inside-container\">\n\n<blockquote class=\"wp-block-quote has-small-font-size is-layout-flow wp-block-quote-is-layout-flow\">\n<p>Die Gegend ist wundersch\u00f6n. Als wir ankamen, regnete es ein wenig, so dass wir planten, wiederzukommen, um alle Wunder der Gegend zu erkunden.<\/p>\n<cite>Elena F., Turnu Severin<\/cite><\/blockquote>\n\n<\/div><\/div><\/div>\n\n<div class=\"gb-grid-column gb-grid-column-efebada9\"><div class=\"gb-container gb-container-efebada9\"><div class=\"gb-inside-container\">\n\n<blockquote class=\"wp-block-quote has-small-font-size is-layout-flow wp-block-quote-is-layout-flow\">\n<p>Ich bin extra aus Deutschland angereist, konnte nirgendwo anders eine Unterkunft finden und hatte im Bears Inn viel Gl\u00fcck. Es war ausgezeichnet!<\/p>\n<cite>Elvira P, Koln<\/cite><\/blockquote>\n\n<\/div><\/div><\/div>\n<\/div>\n\n\n<div style=\"height:50px\" aria-hidden=\"true\" class=\"wp-block-spacer\"><\/div>\n\n\n<div class=\"gb-container gb-container-ea6bcfcc\"><div class=\"gb-inside-container\">\n\n<h3 class=\"gb-headline gb-headline-36fc67ac gb-headline-text\">Suchen Sie eine Unterkunft im Herzen des Apuseni-Gebirges?<\/h3>\n\n\n\n<p>Verbringen Sie eine unvergessliche Zeit im Herzen des Apuseni-Gebirges, in der N\u00e4he der B\u00e4renh\u00f6hle, einem besonders malerischen Ort, an dem Traditionen zu Hause sind!<\/p>\n\n\n<div class=\"gb-container gb-container-003ba905\"><div class=\"gb-inside-container\">\n<div class=\"gb-grid-wrapper gb-grid-wrapper-3bfbdaa1\">\n<div class=\"gb-grid-column gb-grid-column-65ac58a2\"><div class=\"gb-container gb-container-65ac58a2\"><div class=\"gb-inside-container\">\n\n<h4 class=\"gb-headline gb-headline-f8165eb4 gb-headline-text\">Empfang im Dorf der B\u00e4ren<\/h4>\n\n\n\n<h5 class=\"gb-headline gb-headline-65eb39a1\"><span class=\"gb-icon\"><svg xmlns=\"http:\/\/www.w3.org\/2000\/svg\" aria-hidden=\"true\" role=\"img\" height=\"1em\" width=\"1em\" viewbox=\"0 0 512 512\"><path fill=\"currentColor\" d=\"M493.4 24.6l-104-24c-11.3-2.6-22.9 3.3-27.5 13.9l-48 112c-4.2 9.8-1.4 21.3 6.9 28l60.6 49.6c-36 76.7-98.9 140.5-177.2 177.2l-49.6-60.6c-6.8-8.3-18.2-11.1-28-6.9l-112 48C3.9 366.5-2 378.1.6 389.4l24 104C27.1 504.2 36.7 512 48 512c256.1 0 464-207.5 464-464 0-11.2-7.7-20.9-18.6-23.4z\"><\/path><\/svg><\/span><span class=\"gb-headline-text\"><a href=\"tel:0040746772417\">0746.772.417<\/a><\/span><\/h5>\n\n\n\n<p>F\u00fcr Reservierungen oder Informationen stehen wir Ihnen gerne zur Verf\u00fcgung, beantworten Ihre Fragen und freuen uns darauf, dass Sie ein paar unvergessliche Tage an einem wundersch\u00f6nen Ort voller Geschichte und Traditionen im Herzen des Apuseni-Gebirges verbringen!<\/p>\n\n\n<div class=\"gb-button-wrapper gb-button-wrapper-f9f60df4\">\n\n<a class=\"gb-button gb-button-bbf7fd78 gb-button-text button smooth-scroll\" href=\"tel:0040746772417\">Jetzt anrufen<\/a>\n\n\n\n<a class=\"gb-button gb-button-4e91cace gb-button-text button smooth-scroll\" href=\"https:\/\/popasulursilor.ro\/de\/reservierungen\/\">Eine Reservierung vornehmen<\/a>\n\n<\/div>\n<\/div><\/div><\/div>\n<\/div>\n<\/div><\/div>\n<\/div><\/div>\n<\/div><\/div><\/div>\n<\/div>\n<\/div><\/div>","protected":false},"excerpt":{"rendered":"","protected":false},"author":1,"featured_media":0,"parent":0,"menu_order":0,"comment_status":"closed","ping_status":"closed","template":"","meta":{"footnotes":""},"class_list":{"0":"post-6282","1":"page","2":"type-page","3":"status-publish","5":"no-featured-image-padding"},"yoast_head":"<!-- This site is optimized with the Yoast SEO plugin v27.1.1 - https:\/\/yoast.com\/product\/yoast-seo-wordpress\/ -->\n<title>Bewertungen - Pensiunea Popasul Ursilor<\/title>\n<meta name=\"robots\" content=\"index, follow, max-snippet:-1, max-image-preview:large, max-video-preview:-1\" \/>\n<link rel=\"canonical\" href=\"https:\/\/popasulursilor.ro\/de\/bewertungen\/\" \/>\n<meta property=\"og:locale\" content=\"de_DE\" \/>\n<meta property=\"og:type\" content=\"article\" \/>\n<meta property=\"og:title\" content=\"Bewertungen - Pensiunea Popasul Ursilor\" \/>\n<meta property=\"og:url\" content=\"https:\/\/popasulursilor.ro\/de\/bewertungen\/\" \/>\n<meta property=\"og:site_name\" content=\"Pensiunea Popasul Ursilor\" \/>\n<meta property=\"article:modified_time\" content=\"2024-12-07T13:14:55+00:00\" \/>\n<meta name=\"twitter:card\" content=\"summary_large_image\" \/>\n<meta name=\"twitter:label1\" content=\"Gesch\u00e4tzte Lesezeit\" \/>\n\t<meta name=\"twitter:data1\" content=\"1\u00a0Minute\" \/>\n<script type=\"application\/ld+json\" class=\"yoast-schema-graph\">{\"@context\":\"https:\/\/schema.org\",\"@graph\":[{\"@type\":\"WebPage\",\"@id\":\"https:\/\/popasulursilor.ro\/de\/bewertungen\/\",\"url\":\"https:\/\/popasulursilor.ro\/de\/bewertungen\/\",\"name\":\"Bewertungen - Pensiunea Popasul Ursilor\",\"isPartOf\":{\"@id\":\"https:\/\/popasulursilor.ro\/de\/#website\"},\"datePublished\":\"2022-09-29T07:15:02+00:00\",\"dateModified\":\"2024-12-07T13:14:55+00:00\",\"breadcrumb\":{\"@id\":\"https:\/\/popasulursilor.ro\/de\/bewertungen\/#breadcrumb\"},\"inLanguage\":\"de\",\"potentialAction\":[{\"@type\":\"ReadAction\",\"target\":[\"https:\/\/popasulursilor.ro\/de\/bewertungen\/\"]}]},{\"@type\":\"BreadcrumbList\",\"@id\":\"https:\/\/popasulursilor.ro\/de\/bewertungen\/#breadcrumb\",\"itemListElement\":[{\"@type\":\"ListItem\",\"position\":1,\"name\":\"Prima pagin\u0103\",\"item\":\"https:\/\/popasulursilor.ro\/de\/\"},{\"@type\":\"ListItem\",\"position\":2,\"name\":\"Bewertungen\"}]},{\"@type\":\"WebSite\",\"@id\":\"https:\/\/popasulursilor.ro\/de\/#website\",\"url\":\"https:\/\/popasulursilor.ro\/de\/\",\"name\":\"Pensiunea Popasul Ursilor\",\"description\":\"Cazare langa Pestera Ursilor Muntii Apuseni\",\"potentialAction\":[{\"@type\":\"SearchAction\",\"target\":{\"@type\":\"EntryPoint\",\"urlTemplate\":\"https:\/\/popasulursilor.ro\/de\/?s={search_term_string}\"},\"query-input\":{\"@type\":\"PropertyValueSpecification\",\"valueRequired\":true,\"valueName\":\"search_term_string\"}}],\"inLanguage\":\"de\"}]}<\/script>\n<!-- \/ Yoast SEO plugin. -->","yoast_head_json":{"title":"Bewertungen - Pensiunea Popasul Ursilor","robots":{"index":"index","follow":"follow","max-snippet":"max-snippet:-1","max-image-preview":"max-image-preview:large","max-video-preview":"max-video-preview:-1"},"canonical":"https:\/\/popasulursilor.ro\/de\/bewertungen\/","og_locale":"de_DE","og_type":"article","og_title":"Bewertungen - Pensiunea Popasul Ursilor","og_url":"https:\/\/popasulursilor.ro\/de\/bewertungen\/","og_site_name":"Pensiunea Popasul Ursilor","article_modified_time":"2024-12-07T13:14:55+00:00","twitter_card":"summary_large_image","twitter_misc":{"Gesch\u00e4tzte Lesezeit":"1\u00a0Minute"},"schema":{"@context":"https:\/\/schema.org","@graph":[{"@type":"WebPage","@id":"https:\/\/popasulursilor.ro\/de\/bewertungen\/","url":"https:\/\/popasulursilor.ro\/de\/bewertungen\/","name":"Bewertungen - Pensiunea Popasul Ursilor","isPartOf":{"@id":"https:\/\/popasulursilor.ro\/de\/#website"},"datePublished":"2022-09-29T07:15:02+00:00","dateModified":"2024-12-07T13:14:55+00:00","breadcrumb":{"@id":"https:\/\/popasulursilor.ro\/de\/bewertungen\/#breadcrumb"},"inLanguage":"de","potentialAction":[{"@type":"ReadAction","target":["https:\/\/popasulursilor.ro\/de\/bewertungen\/"]}]},{"@type":"BreadcrumbList","@id":"https:\/\/popasulursilor.ro\/de\/bewertungen\/#breadcrumb","itemListElement":[{"@type":"ListItem","position":1,"name":"Prima pagin\u0103","item":"https:\/\/popasulursilor.ro\/de\/"},{"@type":"ListItem","position":2,"name":"Bewertungen"}]},{"@type":"WebSite","@id":"https:\/\/popasulursilor.ro\/de\/#website","url":"https:\/\/popasulursilor.ro\/de\/","name":"Pensiunea Popasul Ursilor","description":"Cazare langa Pestera Ursilor Muntii Apuseni","potentialAction":[{"@type":"SearchAction","target":{"@type":"EntryPoint","urlTemplate":"https:\/\/popasulursilor.ro\/de\/?s={search_term_string}"},"query-input":{"@type":"PropertyValueSpecification","valueRequired":true,"valueName":"search_term_string"}}],"inLanguage":"de"}]}},"_links":{"self":[{"href":"https:\/\/popasulursilor.ro\/de\/wp-json\/wp\/v2\/pages\/6282","targetHints":{"allow":["GET"]}}],"collection":[{"href":"https:\/\/popasulursilor.ro\/de\/wp-json\/wp\/v2\/pages"}],"about":[{"href":"https:\/\/popasulursilor.ro\/de\/wp-json\/wp\/v2\/types\/page"}],"author":[{"embeddable":true,"href":"https:\/\/popasulursilor.ro\/de\/wp-json\/wp\/v2\/users\/1"}],"replies":[{"embeddable":true,"href":"https:\/\/popasulursilor.ro\/de\/wp-json\/wp\/v2\/comments?post=6282"}],"version-history":[{"count":2,"href":"https:\/\/popasulursilor.ro\/de\/wp-json\/wp\/v2\/pages\/6282\/revisions"}],"predecessor-version":[{"id":6714,"href":"https:\/\/popasulursilor.ro\/de\/wp-json\/wp\/v2\/pages\/6282\/revisions\/6714"}],"wp:attachment":[{"href":"https:\/\/popasulursilor.ro\/de\/wp-json\/wp\/v2\/media?parent=6282"}],"curies":[{"name":"wp","href":"https:\/\/api.w.org\/{rel}","templated":true}]}}