{"id":7038,"date":"2025-06-26T13:13:51","date_gmt":"2025-06-26T13:13:51","guid":{"rendered":"https:\/\/popasulursilor.ro\/sauna-jacuzzi\/"},"modified":"2025-06-26T13:13:52","modified_gmt":"2025-06-26T13:13:52","slug":"sauna-jacuzzi","status":"publish","type":"page","link":"https:\/\/popasulursilor.ro\/de\/sauna-jacuzzi\/","title":{"rendered":"Sauna &amp; Jacuzzi"},"content":{"rendered":"<div class=\"gb-container gb-container-a76c6499\"><div class=\"gb-inside-container\">\n<div class=\"gb-grid-wrapper gb-grid-wrapper-7559b467\">\n<div class=\"gb-grid-column gb-grid-column-142248bf\"><div class=\"gb-container gb-container-142248bf\"><div class=\"gb-inside-container\">\n\n<h2 class=\"gb-headline gb-headline-387d0ee1 gb-headline-text\">Pension Popasul Ursilor, Ihre Entspannung mitten in den Bergen<\/h2>\n\n\n\n<figure class=\"wp-block-gallery has-nested-images columns-default is-cropped wp-block-gallery-1 is-layout-flex wp-block-gallery-is-layout-flex\">\n<figure class=\"wp-block-image size-large\"><a href=\"https:\/\/popasulursilor.ro\/wp-content\/uploads\/2025\/06\/IMG_3667.webp\"><img loading=\"lazy\" decoding=\"async\" width=\"1024\" height=\"683\" data-id=\"6876\" src=\"https:\/\/popasulursilor.ro\/wp-content\/uploads\/2025\/06\/IMG_3667-1024x683.webp\" alt=\"\" class=\"wp-image-6876\" srcset=\"https:\/\/popasulursilor.ro\/wp-content\/uploads\/2025\/06\/IMG_3667-1024x683.webp 1024w, https:\/\/popasulursilor.ro\/wp-content\/uploads\/2025\/06\/IMG_3667-300x200.webp 300w, https:\/\/popasulursilor.ro\/wp-content\/uploads\/2025\/06\/IMG_3667-768x512.webp 768w, https:\/\/popasulursilor.ro\/wp-content\/uploads\/2025\/06\/IMG_3667-200x133.webp 200w, https:\/\/popasulursilor.ro\/wp-content\/uploads\/2025\/06\/IMG_3667.webp 1500w\" sizes=\"auto, (max-width: 1024px) 100vw, 1024px\" \/><\/a><\/figure>\n\n\n\n<figure class=\"wp-block-image size-large\"><a href=\"https:\/\/popasulursilor.ro\/wp-content\/uploads\/2025\/06\/IMG_3677.webp\"><img loading=\"lazy\" decoding=\"async\" width=\"1024\" height=\"683\" data-id=\"6885\" src=\"https:\/\/popasulursilor.ro\/wp-content\/uploads\/2025\/06\/IMG_3677-1024x683.webp\" alt=\"\" class=\"wp-image-6885\" srcset=\"https:\/\/popasulursilor.ro\/wp-content\/uploads\/2025\/06\/IMG_3677-1024x683.webp 1024w, https:\/\/popasulursilor.ro\/wp-content\/uploads\/2025\/06\/IMG_3677-300x200.webp 300w, https:\/\/popasulursilor.ro\/wp-content\/uploads\/2025\/06\/IMG_3677-768x512.webp 768w, https:\/\/popasulursilor.ro\/wp-content\/uploads\/2025\/06\/IMG_3677-200x133.webp 200w, https:\/\/popasulursilor.ro\/wp-content\/uploads\/2025\/06\/IMG_3677.webp 1500w\" sizes=\"auto, (max-width: 1024px) 100vw, 1024px\" \/><\/a><\/figure>\n\n\n\n<figure class=\"wp-block-image size-large\"><a href=\"https:\/\/popasulursilor.ro\/wp-content\/uploads\/2025\/06\/IMG_3682.webp\"><img loading=\"lazy\" decoding=\"async\" width=\"683\" height=\"1024\" data-id=\"6903\" src=\"https:\/\/popasulursilor.ro\/wp-content\/uploads\/2025\/06\/IMG_3682-683x1024.webp\" alt=\"\" class=\"wp-image-6903\" srcset=\"https:\/\/popasulursilor.ro\/wp-content\/uploads\/2025\/06\/IMG_3682-683x1024.webp 683w, https:\/\/popasulursilor.ro\/wp-content\/uploads\/2025\/06\/IMG_3682-200x300.webp 200w, https:\/\/popasulursilor.ro\/wp-content\/uploads\/2025\/06\/IMG_3682-768x1152.webp 768w, https:\/\/popasulursilor.ro\/wp-content\/uploads\/2025\/06\/IMG_3682-1024x1536.webp 1024w, https:\/\/popasulursilor.ro\/wp-content\/uploads\/2025\/06\/IMG_3682-1365x2048.webp 1365w, https:\/\/popasulursilor.ro\/wp-content\/uploads\/2025\/06\/IMG_3682.webp 1500w\" sizes=\"auto, (max-width: 683px) 100vw, 683px\" \/><\/a><\/figure>\n\n\n\n<figure class=\"wp-block-image size-large\"><a href=\"https:\/\/popasulursilor.ro\/wp-content\/uploads\/2025\/06\/IMG_3687.webp\"><img loading=\"lazy\" decoding=\"async\" width=\"1024\" height=\"683\" data-id=\"6887\" src=\"https:\/\/popasulursilor.ro\/wp-content\/uploads\/2025\/06\/IMG_3687-1024x683.webp\" alt=\"\" class=\"wp-image-6887\" srcset=\"https:\/\/popasulursilor.ro\/wp-content\/uploads\/2025\/06\/IMG_3687-1024x683.webp 1024w, https:\/\/popasulursilor.ro\/wp-content\/uploads\/2025\/06\/IMG_3687-300x200.webp 300w, https:\/\/popasulursilor.ro\/wp-content\/uploads\/2025\/06\/IMG_3687-768x512.webp 768w, https:\/\/popasulursilor.ro\/wp-content\/uploads\/2025\/06\/IMG_3687-200x133.webp 200w, https:\/\/popasulursilor.ro\/wp-content\/uploads\/2025\/06\/IMG_3687.webp 1500w\" sizes=\"auto, (max-width: 1024px) 100vw, 1024px\" \/><\/a><\/figure>\n\n\n\n<figure class=\"wp-block-image size-large\"><a href=\"https:\/\/popasulursilor.ro\/wp-content\/uploads\/2025\/06\/IMG_3692.webp\"><img loading=\"lazy\" decoding=\"async\" width=\"1024\" height=\"683\" data-id=\"6900\" src=\"https:\/\/popasulursilor.ro\/wp-content\/uploads\/2025\/06\/IMG_3692-1024x683.webp\" alt=\"\" class=\"wp-image-6900\" srcset=\"https:\/\/popasulursilor.ro\/wp-content\/uploads\/2025\/06\/IMG_3692-1024x683.webp 1024w, https:\/\/popasulursilor.ro\/wp-content\/uploads\/2025\/06\/IMG_3692-300x200.webp 300w, https:\/\/popasulursilor.ro\/wp-content\/uploads\/2025\/06\/IMG_3692-768x512.webp 768w, https:\/\/popasulursilor.ro\/wp-content\/uploads\/2025\/06\/IMG_3692-200x133.webp 200w, https:\/\/popasulursilor.ro\/wp-content\/uploads\/2025\/06\/IMG_3692.webp 1500w\" sizes=\"auto, (max-width: 1024px) 100vw, 1024px\" \/><\/a><\/figure>\n\n\n\n<figure class=\"wp-block-image size-large\"><a href=\"https:\/\/popasulursilor.ro\/wp-content\/uploads\/2025\/06\/IMG_3697.webp\"><img loading=\"lazy\" decoding=\"async\" width=\"1024\" height=\"683\" data-id=\"6960\" src=\"https:\/\/popasulursilor.ro\/wp-content\/uploads\/2025\/06\/IMG_3697-1024x683.webp\" alt=\"\" class=\"wp-image-6960\" srcset=\"https:\/\/popasulursilor.ro\/wp-content\/uploads\/2025\/06\/IMG_3697-1024x683.webp 1024w, https:\/\/popasulursilor.ro\/wp-content\/uploads\/2025\/06\/IMG_3697-300x200.webp 300w, https:\/\/popasulursilor.ro\/wp-content\/uploads\/2025\/06\/IMG_3697-768x512.webp 768w, https:\/\/popasulursilor.ro\/wp-content\/uploads\/2025\/06\/IMG_3697-200x133.webp 200w, https:\/\/popasulursilor.ro\/wp-content\/uploads\/2025\/06\/IMG_3697.webp 1500w\" sizes=\"auto, (max-width: 1024px) 100vw, 1024px\" \/><\/a><\/figure>\n\n\n\n<figure class=\"wp-block-image size-large\"><a href=\"https:\/\/popasulursilor.ro\/wp-content\/uploads\/2025\/06\/IMG_3702.webp\"><img loading=\"lazy\" decoding=\"async\" width=\"1024\" height=\"683\" data-id=\"6919\" src=\"https:\/\/popasulursilor.ro\/wp-content\/uploads\/2025\/06\/IMG_3702-1024x683.webp\" alt=\"\" class=\"wp-image-6919\" srcset=\"https:\/\/popasulursilor.ro\/wp-content\/uploads\/2025\/06\/IMG_3702-1024x683.webp 1024w, https:\/\/popasulursilor.ro\/wp-content\/uploads\/2025\/06\/IMG_3702-300x200.webp 300w, https:\/\/popasulursilor.ro\/wp-content\/uploads\/2025\/06\/IMG_3702-768x512.webp 768w, https:\/\/popasulursilor.ro\/wp-content\/uploads\/2025\/06\/IMG_3702-200x133.webp 200w, https:\/\/popasulursilor.ro\/wp-content\/uploads\/2025\/06\/IMG_3702.webp 1500w\" sizes=\"auto, (max-width: 1024px) 100vw, 1024px\" \/><\/a><\/figure>\n\n\n\n<figure class=\"wp-block-image size-large\"><a href=\"https:\/\/popasulursilor.ro\/wp-content\/uploads\/2025\/06\/IMG_3722.webp\"><img loading=\"lazy\" decoding=\"async\" width=\"1024\" height=\"683\" data-id=\"6915\" src=\"https:\/\/popasulursilor.ro\/wp-content\/uploads\/2025\/06\/IMG_3722-1024x683.webp\" alt=\"\" class=\"wp-image-6915\" srcset=\"https:\/\/popasulursilor.ro\/wp-content\/uploads\/2025\/06\/IMG_3722-1024x683.webp 1024w, https:\/\/popasulursilor.ro\/wp-content\/uploads\/2025\/06\/IMG_3722-300x200.webp 300w, https:\/\/popasulursilor.ro\/wp-content\/uploads\/2025\/06\/IMG_3722-768x512.webp 768w, https:\/\/popasulursilor.ro\/wp-content\/uploads\/2025\/06\/IMG_3722-200x133.webp 200w, https:\/\/popasulursilor.ro\/wp-content\/uploads\/2025\/06\/IMG_3722.webp 1500w\" sizes=\"auto, (max-width: 1024px) 100vw, 1024px\" \/><\/a><\/figure>\n\n\n\n<figure class=\"wp-block-image size-large\"><a href=\"https:\/\/popasulursilor.ro\/wp-content\/uploads\/2025\/06\/IMG_20250619_115047_00_merged.webp\"><img loading=\"lazy\" decoding=\"async\" width=\"1024\" height=\"512\" data-id=\"6870\" src=\"https:\/\/popasulursilor.ro\/wp-content\/uploads\/2025\/06\/IMG_20250619_115047_00_merged-1024x512.webp\" alt=\"\" class=\"wp-image-6870\" srcset=\"https:\/\/popasulursilor.ro\/wp-content\/uploads\/2025\/06\/IMG_20250619_115047_00_merged-1024x512.webp 1024w, https:\/\/popasulursilor.ro\/wp-content\/uploads\/2025\/06\/IMG_20250619_115047_00_merged-300x150.webp 300w, https:\/\/popasulursilor.ro\/wp-content\/uploads\/2025\/06\/IMG_20250619_115047_00_merged-768x384.webp 768w, https:\/\/popasulursilor.ro\/wp-content\/uploads\/2025\/06\/IMG_20250619_115047_00_merged-200x100.webp 200w, https:\/\/popasulursilor.ro\/wp-content\/uploads\/2025\/06\/IMG_20250619_115047_00_merged.webp 1500w\" sizes=\"auto, (max-width: 1024px) 100vw, 1024px\" \/><\/a><\/figure>\n\n\n\n<figure class=\"wp-block-image size-large\"><a href=\"https:\/\/popasulursilor.ro\/wp-content\/uploads\/2025\/06\/IMG_20250619_115155_00_merged.webp\"><img loading=\"lazy\" decoding=\"async\" width=\"1024\" height=\"512\" data-id=\"6871\" src=\"https:\/\/popasulursilor.ro\/wp-content\/uploads\/2025\/06\/IMG_20250619_115155_00_merged-1024x512.webp\" alt=\"\" class=\"wp-image-6871\" srcset=\"https:\/\/popasulursilor.ro\/wp-content\/uploads\/2025\/06\/IMG_20250619_115155_00_merged-1024x512.webp 1024w, https:\/\/popasulursilor.ro\/wp-content\/uploads\/2025\/06\/IMG_20250619_115155_00_merged-300x150.webp 300w, https:\/\/popasulursilor.ro\/wp-content\/uploads\/2025\/06\/IMG_20250619_115155_00_merged-768x384.webp 768w, https:\/\/popasulursilor.ro\/wp-content\/uploads\/2025\/06\/IMG_20250619_115155_00_merged-200x100.webp 200w, https:\/\/popasulursilor.ro\/wp-content\/uploads\/2025\/06\/IMG_20250619_115155_00_merged.webp 1500w\" sizes=\"auto, (max-width: 1024px) 100vw, 1024px\" \/><\/a><\/figure>\n<\/figure>\n\n\n\n<div style=\"height:30px\" aria-hidden=\"true\" class=\"wp-block-spacer\"><\/div>\n\n<\/div><\/div><\/div>\n<\/div>\n<\/div><\/div>\n<div style=\"height:80px\" aria-hidden=\"true\" class=\"wp-block-spacer\"><\/div>\n<div class=\"gb-container gb-container-ea6bcfcc\"><div class=\"gb-inside-container\">\n\n<h3 class=\"gb-headline gb-headline-36fc67ac gb-headline-text\">Suchen Sie eine Unterkunft im Herzen des Apuseni-Gebirges?<\/h3>\n\n\n\n<p>Verbringen Sie eine unvergessliche Zeit im Herzen des Apuseni-Gebirges, in der N\u00e4he der B\u00e4renh\u00f6hle, einem besonders malerischen Ort, an dem Traditionen zu Hause sind!<\/p>\n\n\n<div class=\"gb-container gb-container-003ba905\"><div class=\"gb-inside-container\">\n<div class=\"gb-grid-wrapper gb-grid-wrapper-3bfbdaa1\">\n<div class=\"gb-grid-column gb-grid-column-65ac58a2\"><div class=\"gb-container gb-container-65ac58a2\"><div class=\"gb-inside-container\">\n\n<h4 class=\"gb-headline gb-headline-f8165eb4 gb-headline-text\">Empfang im Dorf der B\u00e4ren<\/h4>\n\n\n\n<h5 class=\"gb-headline gb-headline-65eb39a1\"><span class=\"gb-icon\"><svg xmlns=\"http:\/\/www.w3.org\/2000\/svg\" aria-hidden=\"true\" role=\"img\" height=\"1em\" width=\"1em\" viewbox=\"0 0 512 512\"><path fill=\"currentColor\" d=\"M493.4 24.6l-104-24c-11.3-2.6-22.9 3.3-27.5 13.9l-48 112c-4.2 9.8-1.4 21.3 6.9 28l60.6 49.6c-36 76.7-98.9 140.5-177.2 177.2l-49.6-60.6c-6.8-8.3-18.2-11.1-28-6.9l-112 48C3.9 366.5-2 378.1.6 389.4l24 104C27.1 504.2 36.7 512 48 512c256.1 0 464-207.5 464-464 0-11.2-7.7-20.9-18.6-23.4z\"><\/path><\/svg><\/span><span class=\"gb-headline-text\"><a href=\"tel:0040746772417\">0746.772.417<\/a><\/span><\/h5>\n\n\n\n<p>F\u00fcr Reservierungen oder Informationen stehen wir Ihnen gerne zur Verf\u00fcgung, beantworten Ihre Fragen und freuen uns darauf, dass Sie ein paar unvergessliche Tage an einem wundersch\u00f6nen Ort voller Geschichte und Traditionen im Herzen des Apuseni-Gebirges verbringen!<\/p>\n\n\n<div class=\"gb-button-wrapper gb-button-wrapper-f9f60df4\">\n\n<a class=\"gb-button gb-button-bbf7fd78 gb-button-text button smooth-scroll\" href=\"tel:0040746772417\">Jetzt anrufen<\/a>\n\n\n\n<a class=\"gb-button gb-button-4e91cace gb-button-text button smooth-scroll\" href=\"https:\/\/popasulursilor.ro\/de\/reservierungen\/\">Eine Reservierung vornehmen<\/a>\n\n<\/div>\n<\/div><\/div><\/div>\n<\/div>\n<\/div><\/div>\n<\/div><\/div>","protected":false},"excerpt":{"rendered":"","protected":false},"author":1,"featured_media":0,"parent":0,"menu_order":0,"comment_status":"closed","ping_status":"closed","template":"","meta":{"footnotes":""},"class_list":{"0":"post-7038","1":"page","2":"type-page","3":"status-publish","5":"no-featured-image-padding"},"yoast_head":"<!-- This site is optimized with the Yoast SEO plugin v27.1.1 - https:\/\/yoast.com\/product\/yoast-seo-wordpress\/ -->\n<title>Sauna &amp; Jacuzzi - Pensiunea Popasul Ursilor<\/title>\n<meta name=\"robots\" content=\"index, follow, max-snippet:-1, max-image-preview:large, max-video-preview:-1\" \/>\n<link rel=\"canonical\" href=\"https:\/\/popasulursilor.ro\/de\/sauna-jacuzzi\/\" \/>\n<meta property=\"og:locale\" content=\"de_DE\" \/>\n<meta property=\"og:type\" content=\"article\" \/>\n<meta property=\"og:title\" content=\"Sauna &amp; Jacuzzi - Pensiunea Popasul Ursilor\" \/>\n<meta property=\"og:url\" content=\"https:\/\/popasulursilor.ro\/de\/sauna-jacuzzi\/\" \/>\n<meta property=\"og:site_name\" content=\"Pensiunea Popasul Ursilor\" \/>\n<meta property=\"article:modified_time\" content=\"2025-06-26T13:13:52+00:00\" \/>\n<meta property=\"og:image\" content=\"https:\/\/popasulursilor.ro\/wp-content\/uploads\/2025\/06\/IMG_3667.webp\" \/>\n\t<meta property=\"og:image:width\" content=\"1500\" \/>\n\t<meta property=\"og:image:height\" content=\"1000\" \/>\n\t<meta property=\"og:image:type\" content=\"image\/webp\" \/>\n<meta name=\"twitter:card\" content=\"summary_large_image\" \/>\n<script type=\"application\/ld+json\" class=\"yoast-schema-graph\">{\"@context\":\"https:\/\/schema.org\",\"@graph\":[{\"@type\":\"WebPage\",\"@id\":\"https:\/\/popasulursilor.ro\/de\/sauna-jacuzzi\/\",\"url\":\"https:\/\/popasulursilor.ro\/de\/sauna-jacuzzi\/\",\"name\":\"Sauna &amp; Jacuzzi - Pensiunea Popasul Ursilor\",\"isPartOf\":{\"@id\":\"https:\/\/popasulursilor.ro\/de\/#website\"},\"primaryImageOfPage\":{\"@id\":\"https:\/\/popasulursilor.ro\/de\/sauna-jacuzzi\/#primaryimage\"},\"image\":{\"@id\":\"https:\/\/popasulursilor.ro\/de\/sauna-jacuzzi\/#primaryimage\"},\"thumbnailUrl\":\"https:\/\/popasulursilor.ro\/wp-content\/uploads\/2025\/06\/IMG_3667-1024x683.webp\",\"datePublished\":\"2025-06-26T13:13:51+00:00\",\"dateModified\":\"2025-06-26T13:13:52+00:00\",\"breadcrumb\":{\"@id\":\"https:\/\/popasulursilor.ro\/de\/sauna-jacuzzi\/#breadcrumb\"},\"inLanguage\":\"de\",\"potentialAction\":[{\"@type\":\"ReadAction\",\"target\":[\"https:\/\/popasulursilor.ro\/de\/sauna-jacuzzi\/\"]}]},{\"@type\":\"ImageObject\",\"inLanguage\":\"de\",\"@id\":\"https:\/\/popasulursilor.ro\/de\/sauna-jacuzzi\/#primaryimage\",\"url\":\"https:\/\/popasulursilor.ro\/wp-content\/uploads\/2025\/06\/IMG_3667-1024x683.webp\",\"contentUrl\":\"https:\/\/popasulursilor.ro\/wp-content\/uploads\/2025\/06\/IMG_3667-1024x683.webp\"},{\"@type\":\"BreadcrumbList\",\"@id\":\"https:\/\/popasulursilor.ro\/de\/sauna-jacuzzi\/#breadcrumb\",\"itemListElement\":[{\"@type\":\"ListItem\",\"position\":1,\"name\":\"Prima pagin\u0103\",\"item\":\"https:\/\/popasulursilor.ro\/de\/\"},{\"@type\":\"ListItem\",\"position\":2,\"name\":\"Sauna &amp; Jacuzzi\"}]},{\"@type\":\"WebSite\",\"@id\":\"https:\/\/popasulursilor.ro\/de\/#website\",\"url\":\"https:\/\/popasulursilor.ro\/de\/\",\"name\":\"Pensiunea Popasul Ursilor\",\"description\":\"Cazare langa Pestera Ursilor Muntii Apuseni\",\"potentialAction\":[{\"@type\":\"SearchAction\",\"target\":{\"@type\":\"EntryPoint\",\"urlTemplate\":\"https:\/\/popasulursilor.ro\/de\/?s={search_term_string}\"},\"query-input\":{\"@type\":\"PropertyValueSpecification\",\"valueRequired\":true,\"valueName\":\"search_term_string\"}}],\"inLanguage\":\"de\"}]}<\/script>\n<!-- \/ Yoast SEO plugin. -->","yoast_head_json":{"title":"Sauna &amp; Jacuzzi - Pensiunea Popasul Ursilor","robots":{"index":"index","follow":"follow","max-snippet":"max-snippet:-1","max-image-preview":"max-image-preview:large","max-video-preview":"max-video-preview:-1"},"canonical":"https:\/\/popasulursilor.ro\/de\/sauna-jacuzzi\/","og_locale":"de_DE","og_type":"article","og_title":"Sauna &amp; Jacuzzi - Pensiunea Popasul Ursilor","og_url":"https:\/\/popasulursilor.ro\/de\/sauna-jacuzzi\/","og_site_name":"Pensiunea Popasul Ursilor","article_modified_time":"2025-06-26T13:13:52+00:00","og_image":[{"width":1500,"height":1000,"url":"https:\/\/popasulursilor.ro\/wp-content\/uploads\/2025\/06\/IMG_3667.webp","type":"image\/webp"}],"twitter_card":"summary_large_image","schema":{"@context":"https:\/\/schema.org","@graph":[{"@type":"WebPage","@id":"https:\/\/popasulursilor.ro\/de\/sauna-jacuzzi\/","url":"https:\/\/popasulursilor.ro\/de\/sauna-jacuzzi\/","name":"Sauna &amp; Jacuzzi - Pensiunea Popasul Ursilor","isPartOf":{"@id":"https:\/\/popasulursilor.ro\/de\/#website"},"primaryImageOfPage":{"@id":"https:\/\/popasulursilor.ro\/de\/sauna-jacuzzi\/#primaryimage"},"image":{"@id":"https:\/\/popasulursilor.ro\/de\/sauna-jacuzzi\/#primaryimage"},"thumbnailUrl":"https:\/\/popasulursilor.ro\/wp-content\/uploads\/2025\/06\/IMG_3667-1024x683.webp","datePublished":"2025-06-26T13:13:51+00:00","dateModified":"2025-06-26T13:13:52+00:00","breadcrumb":{"@id":"https:\/\/popasulursilor.ro\/de\/sauna-jacuzzi\/#breadcrumb"},"inLanguage":"de","potentialAction":[{"@type":"ReadAction","target":["https:\/\/popasulursilor.ro\/de\/sauna-jacuzzi\/"]}]},{"@type":"ImageObject","inLanguage":"de","@id":"https:\/\/popasulursilor.ro\/de\/sauna-jacuzzi\/#primaryimage","url":"https:\/\/popasulursilor.ro\/wp-content\/uploads\/2025\/06\/IMG_3667-1024x683.webp","contentUrl":"https:\/\/popasulursilor.ro\/wp-content\/uploads\/2025\/06\/IMG_3667-1024x683.webp"},{"@type":"BreadcrumbList","@id":"https:\/\/popasulursilor.ro\/de\/sauna-jacuzzi\/#breadcrumb","itemListElement":[{"@type":"ListItem","position":1,"name":"Prima pagin\u0103","item":"https:\/\/popasulursilor.ro\/de\/"},{"@type":"ListItem","position":2,"name":"Sauna &amp; Jacuzzi"}]},{"@type":"WebSite","@id":"https:\/\/popasulursilor.ro\/de\/#website","url":"https:\/\/popasulursilor.ro\/de\/","name":"Pensiunea Popasul Ursilor","description":"Cazare langa Pestera Ursilor Muntii Apuseni","potentialAction":[{"@type":"SearchAction","target":{"@type":"EntryPoint","urlTemplate":"https:\/\/popasulursilor.ro\/de\/?s={search_term_string}"},"query-input":{"@type":"PropertyValueSpecification","valueRequired":true,"valueName":"search_term_string"}}],"inLanguage":"de"}]}},"_links":{"self":[{"href":"https:\/\/popasulursilor.ro\/de\/wp-json\/wp\/v2\/pages\/7038","targetHints":{"allow":["GET"]}}],"collection":[{"href":"https:\/\/popasulursilor.ro\/de\/wp-json\/wp\/v2\/pages"}],"about":[{"href":"https:\/\/popasulursilor.ro\/de\/wp-json\/wp\/v2\/types\/page"}],"author":[{"embeddable":true,"href":"https:\/\/popasulursilor.ro\/de\/wp-json\/wp\/v2\/users\/1"}],"replies":[{"embeddable":true,"href":"https:\/\/popasulursilor.ro\/de\/wp-json\/wp\/v2\/comments?post=7038"}],"version-history":[{"count":1,"href":"https:\/\/popasulursilor.ro\/de\/wp-json\/wp\/v2\/pages\/7038\/revisions"}],"predecessor-version":[{"id":7039,"href":"https:\/\/popasulursilor.ro\/de\/wp-json\/wp\/v2\/pages\/7038\/revisions\/7039"}],"wp:attachment":[{"href":"https:\/\/popasulursilor.ro\/de\/wp-json\/wp\/v2\/media?parent=7038"}],"curies":[{"name":"wp","href":"https:\/\/api.w.org\/{rel}","templated":true}]}}