{"id":5952,"date":"2022-09-19T10:19:36","date_gmt":"2022-09-19T10:19:36","guid":{"rendered":"https:\/\/popasulursilor.ro\/szobak\/"},"modified":"2024-12-05T17:33:21","modified_gmt":"2024-12-05T17:33:21","slug":"szobak","status":"publish","type":"page","link":"https:\/\/popasulursilor.ro\/hu\/szobak\/","title":{"rendered":"Szob\u00e1k"},"content":{"rendered":"<div class=\"gb-container gb-container-4640721d\"><div class=\"gb-inside-container\">\n<div class=\"gb-grid-wrapper gb-grid-wrapper-a7be8698\">\n<div class=\"gb-grid-column gb-grid-column-cad9a7ea\"><div class=\"gb-container gb-container-cad9a7ea\"><div class=\"gb-inside-container\">\n\n<h1 class=\"gb-headline gb-headline-fd04d962 gb-headline-text\">24 bar\u00e1ts\u00e1gos szoba<\/h1>\n\n\n\n<p class=\"gb-headline gb-headline-2856fb39 gb-headline-text\"><\/p>\n\n<\/div><\/div><\/div>\n<\/div>\n<\/div><\/div>\n\n\n<div class=\"wp-block-media-text alignfull is-stacked-on-mobile has-base-3-color has-accent-background-color has-text-color has-background\"><figure class=\"wp-block-media-text__media\"><img loading=\"lazy\" decoding=\"async\" width=\"1024\" height=\"682\" src=\"https:\/\/popasulursilor.ro\/wp-content\/uploads\/2022\/09\/camerecazareinmuntiiapuseniarieseni-1024x682.jpg\" alt=\"\" class=\"wp-image-5544 size-full\" srcset=\"https:\/\/popasulursilor.ro\/wp-content\/uploads\/2022\/09\/camerecazareinmuntiiapuseniarieseni-1024x682.jpg 1024w, https:\/\/popasulursilor.ro\/wp-content\/uploads\/2022\/09\/camerecazareinmuntiiapuseniarieseni-300x200.jpg 300w, https:\/\/popasulursilor.ro\/wp-content\/uploads\/2022\/09\/camerecazareinmuntiiapuseniarieseni-768x511.jpg 768w, https:\/\/popasulursilor.ro\/wp-content\/uploads\/2022\/09\/camerecazareinmuntiiapuseniarieseni-200x133.jpg 200w, https:\/\/popasulursilor.ro\/wp-content\/uploads\/2022\/09\/camerecazareinmuntiiapuseniarieseni.jpg 1500w\" sizes=\"auto, (max-width: 1024px) 100vw, 1024px\" \/><\/figure><div class=\"wp-block-media-text__content\">\n<h2 class=\"gb-headline gb-headline-2e2ff343 gb-headline-text\">24 bar\u00e1ts\u00e1gos, tiszta, rendezett szoba v\u00e1rja \u00d6nt t\u00e1rt karokkal.<\/h2>\n\n\n\n<p>A Popasul Ursilor Panzi\u00f3 24 bar\u00e1ts\u00e1gos szob\u00e1ja a k\u00f6zelm\u00faltban fel\u00faj\u00edtott saj\u00e1t f\u00fcrd\u0151szob\u00e1val  \u00e9s felejthetetlen kil\u00e1t\u00e1ssal \u00e1ll vend\u00e9gei rendelkez\u00e9s\u00e9re. A szob\u00e1k feloszt\u00e1sa: <\/p>\n\n\n\n<ul class=\"wp-block-list\">\n<li>4 szoba 2 f\u0151 r\u00e9sz\u00e9re<\/li>\n\n\n\n<li>17 szoba 3 f\u0151 r\u00e9sz\u00e9re<\/li>\n\n\n\n<li>1 szoba 5 f\u0151 r\u00e9sz\u00e9re<\/li>\n\n\n\n<li>2 szoba 6 f\u0151 r\u00e9sz\u00e9re<\/li>\n<\/ul>\n<\/div><\/div>\n\n\n\n<div style=\"height:80px\" aria-hidden=\"true\" class=\"wp-block-spacer\"><\/div>\n\n\n\n<h3 class=\"gb-headline gb-headline-e7913c21 gb-headline-text\">Egy csod\u00e1latos vend\u00e9gh\u00e1z csod\u00e1latos emberekkel<\/h3>\n\n\n\n<p class=\"gb-headline gb-headline-9e16b633 gb-headline-text\">Sz\u00edvvel tessz\u00fck, amit csin\u00e1lunk, \u00e9s \u00fagy b\u00e1nunk a vend\u00e9geinkkel, ahogy mi szeretn\u00e9nk, hogy vel\u00fcnk b\u00e1njanak. Gondoskodunk arr\u00f3l, hogy szob\u00e1ink tiszt\u00e1k, szell\u0151sek, h\u00edvogat\u00f3ak legyenek, k\u00e9szen arra, hogy fogadj\u00e1k kedves vend\u00e9geinket!<\/p>\n\n\n<div class=\"gb-container gb-container-7019e424\"><div class=\"gb-inside-container\">\n\n<figure class=\"wp-block-gallery alignfull has-nested-images columns-3 is-cropped wp-block-gallery-1 is-layout-flex wp-block-gallery-is-layout-flex\">\n<figure class=\"wp-block-image size-full\"><a href=\"https:\/\/popasulursilor.ro\/wp-content\/uploads\/2022\/09\/camerecazareinmuntiiapuseniarieseni.jpg\"><img loading=\"lazy\" decoding=\"async\" width=\"1024\" height=\"682\" data-id=\"5544\" src=\"https:\/\/popasulursilor.ro\/wp-content\/uploads\/2022\/09\/camerecazareinmuntiiapuseniarieseni-1024x682.jpg\" alt=\"\" class=\"wp-image-5544\" srcset=\"https:\/\/popasulursilor.ro\/wp-content\/uploads\/2022\/09\/camerecazareinmuntiiapuseniarieseni-1024x682.jpg 1024w, https:\/\/popasulursilor.ro\/wp-content\/uploads\/2022\/09\/camerecazareinmuntiiapuseniarieseni-300x200.jpg 300w, https:\/\/popasulursilor.ro\/wp-content\/uploads\/2022\/09\/camerecazareinmuntiiapuseniarieseni-768x511.jpg 768w, https:\/\/popasulursilor.ro\/wp-content\/uploads\/2022\/09\/camerecazareinmuntiiapuseniarieseni-200x133.jpg 200w, https:\/\/popasulursilor.ro\/wp-content\/uploads\/2022\/09\/camerecazareinmuntiiapuseniarieseni.jpg 1500w\" sizes=\"auto, (max-width: 1024px) 100vw, 1024px\" \/><\/a><\/figure>\n\n\n\n<figure class=\"wp-block-image size-full\"><a href=\"https:\/\/popasulursilor.ro\/wp-content\/uploads\/2022\/09\/cazare-arieseni.jpg\"><img loading=\"lazy\" decoding=\"async\" width=\"1024\" height=\"683\" data-id=\"5541\" src=\"https:\/\/popasulursilor.ro\/wp-content\/uploads\/2022\/09\/cazare-arieseni-1024x683.jpg\" alt=\"\" class=\"wp-image-5541\" srcset=\"https:\/\/popasulursilor.ro\/wp-content\/uploads\/2022\/09\/cazare-arieseni-1024x683.jpg 1024w, https:\/\/popasulursilor.ro\/wp-content\/uploads\/2022\/09\/cazare-arieseni-300x200.jpg 300w, https:\/\/popasulursilor.ro\/wp-content\/uploads\/2022\/09\/cazare-arieseni-768x513.jpg 768w, https:\/\/popasulursilor.ro\/wp-content\/uploads\/2022\/09\/cazare-arieseni-200x133.jpg 200w, https:\/\/popasulursilor.ro\/wp-content\/uploads\/2022\/09\/cazare-arieseni.jpg 1500w\" sizes=\"auto, (max-width: 1024px) 100vw, 1024px\" \/><\/a><\/figure>\n\n\n\n<figure class=\"wp-block-image size-full\"><a href=\"https:\/\/popasulursilor.ro\/wp-content\/uploads\/2022\/09\/cazare-camere-arieseni-1.jpg\"><img loading=\"lazy\" decoding=\"async\" width=\"1024\" height=\"683\" data-id=\"5547\" src=\"https:\/\/popasulursilor.ro\/wp-content\/uploads\/2022\/09\/cazare-camere-arieseni-1-1024x683.jpg\" alt=\"\" class=\"wp-image-5547\" srcset=\"https:\/\/popasulursilor.ro\/wp-content\/uploads\/2022\/09\/cazare-camere-arieseni-1-1024x683.jpg 1024w, https:\/\/popasulursilor.ro\/wp-content\/uploads\/2022\/09\/cazare-camere-arieseni-1-300x200.jpg 300w, https:\/\/popasulursilor.ro\/wp-content\/uploads\/2022\/09\/cazare-camere-arieseni-1-768x512.jpg 768w, https:\/\/popasulursilor.ro\/wp-content\/uploads\/2022\/09\/cazare-camere-arieseni-1-200x133.jpg 200w, https:\/\/popasulursilor.ro\/wp-content\/uploads\/2022\/09\/cazare-camere-arieseni-1.jpg 1500w\" sizes=\"auto, (max-width: 1024px) 100vw, 1024px\" \/><\/a><\/figure>\n\n\n\n<figure class=\"wp-block-image size-full\"><a href=\"https:\/\/popasulursilor.ro\/wp-content\/uploads\/2022\/09\/cazareinapuseni.jpg\"><img loading=\"lazy\" decoding=\"async\" width=\"1024\" height=\"683\" data-id=\"5545\" src=\"https:\/\/popasulursilor.ro\/wp-content\/uploads\/2022\/09\/cazareinapuseni-1024x683.jpg\" alt=\"\" class=\"wp-image-5545\" srcset=\"https:\/\/popasulursilor.ro\/wp-content\/uploads\/2022\/09\/cazareinapuseni-1024x683.jpg 1024w, https:\/\/popasulursilor.ro\/wp-content\/uploads\/2022\/09\/cazareinapuseni-300x200.jpg 300w, https:\/\/popasulursilor.ro\/wp-content\/uploads\/2022\/09\/cazareinapuseni-768x513.jpg 768w, https:\/\/popasulursilor.ro\/wp-content\/uploads\/2022\/09\/cazareinapuseni-200x133.jpg 200w, https:\/\/popasulursilor.ro\/wp-content\/uploads\/2022\/09\/cazareinapuseni.jpg 1500w\" sizes=\"auto, (max-width: 1024px) 100vw, 1024px\" \/><\/a><\/figure>\n\n\n\n<figure class=\"wp-block-image size-full\"><a href=\"https:\/\/popasulursilor.ro\/wp-content\/uploads\/2022\/09\/cazare-popasul-ursilor-apuseni.jpg\"><img loading=\"lazy\" decoding=\"async\" width=\"1024\" height=\"692\" data-id=\"5546\" src=\"https:\/\/popasulursilor.ro\/wp-content\/uploads\/2022\/09\/cazare-popasul-ursilor-apuseni-1024x692.jpg\" alt=\"\" class=\"wp-image-5546\" srcset=\"https:\/\/popasulursilor.ro\/wp-content\/uploads\/2022\/09\/cazare-popasul-ursilor-apuseni-1024x692.jpg 1024w, https:\/\/popasulursilor.ro\/wp-content\/uploads\/2022\/09\/cazare-popasul-ursilor-apuseni-300x203.jpg 300w, https:\/\/popasulursilor.ro\/wp-content\/uploads\/2022\/09\/cazare-popasul-ursilor-apuseni-768x519.jpg 768w, https:\/\/popasulursilor.ro\/wp-content\/uploads\/2022\/09\/cazare-popasul-ursilor-apuseni-200x135.jpg 200w, https:\/\/popasulursilor.ro\/wp-content\/uploads\/2022\/09\/cazare-popasul-ursilor-apuseni.jpg 1500w\" sizes=\"auto, (max-width: 1024px) 100vw, 1024px\" \/><\/a><\/figure>\n\n\n\n<figure class=\"wp-block-image size-full\"><a href=\"https:\/\/popasulursilor.ro\/wp-content\/uploads\/2022\/09\/pensiuni-cazare-muntii-apuseni.jpg\"><img loading=\"lazy\" decoding=\"async\" width=\"1024\" height=\"683\" data-id=\"5549\" src=\"https:\/\/popasulursilor.ro\/wp-content\/uploads\/2022\/09\/pensiuni-cazare-muntii-apuseni-1024x683.jpg\" alt=\"\" class=\"wp-image-5549\" srcset=\"https:\/\/popasulursilor.ro\/wp-content\/uploads\/2022\/09\/pensiuni-cazare-muntii-apuseni-1024x683.jpg 1024w, https:\/\/popasulursilor.ro\/wp-content\/uploads\/2022\/09\/pensiuni-cazare-muntii-apuseni-300x200.jpg 300w, https:\/\/popasulursilor.ro\/wp-content\/uploads\/2022\/09\/pensiuni-cazare-muntii-apuseni-768x513.jpg 768w, https:\/\/popasulursilor.ro\/wp-content\/uploads\/2022\/09\/pensiuni-cazare-muntii-apuseni-200x133.jpg 200w, https:\/\/popasulursilor.ro\/wp-content\/uploads\/2022\/09\/pensiuni-cazare-muntii-apuseni.jpg 1500w\" sizes=\"auto, (max-width: 1024px) 100vw, 1024px\" \/><\/a><\/figure>\n<\/figure>\n\n<\/div><\/div>\n\n<div class=\"gb-container gb-container-ea6bcfcc\"><div class=\"gb-inside-container\">\n\n<h3 class=\"gb-headline gb-headline-36fc67ac gb-headline-text\">Sz\u00e1ll\u00e1st keres az Apuseni hegys\u00e9g sz\u00edv\u00e9ben?<\/h3>\n\n\n\n<p>T\u00f6lts\u00f6n el egy felejthetetlen id\u0151t az Apusztaszeri-hegys\u00e9g sz\u00edv\u00e9ben, a Medve-barlang k\u00f6zel\u00e9ben, egy k\u00fcl\u00f6nlegesen fest\u0151i helyen, ahol a hagyom\u00e1nyok otthonosan mozognak!<\/p>\n\n\n<div class=\"gb-container gb-container-003ba905\"><div class=\"gb-inside-container\">\n<div class=\"gb-grid-wrapper gb-grid-wrapper-3bfbdaa1\">\n<div class=\"gb-grid-column gb-grid-column-65ac58a2\"><div class=\"gb-container gb-container-65ac58a2\"><div class=\"gb-inside-container\">\n\n<h4 class=\"gb-headline gb-headline-f8165eb4 gb-headline-text\">Medvefalu fogad\u00e1s<\/h4>\n\n\n\n<h5 class=\"gb-headline gb-headline-65eb39a1\"><span class=\"gb-icon\"><svg xmlns=\"http:\/\/www.w3.org\/2000\/svg\" aria-hidden=\"true\" role=\"img\" height=\"1em\" width=\"1em\" viewbox=\"0 0 512 512\"><path fill=\"currentColor\" d=\"M493.4 24.6l-104-24c-11.3-2.6-22.9 3.3-27.5 13.9l-48 112c-4.2 9.8-1.4 21.3 6.9 28l60.6 49.6c-36 76.7-98.9 140.5-177.2 177.2l-49.6-60.6c-6.8-8.3-18.2-11.1-28-6.9l-112 48C3.9 366.5-2 378.1.6 389.4l24 104C27.1 504.2 36.7 512 48 512c256.1 0 464-207.5 464-464 0-11.2-7.7-20.9-18.6-23.4z\"><\/path><\/svg><\/span><span class=\"gb-headline-text\"><a href=\"tel:0040746772417\">0746.772.417<\/a><\/span><\/h5>\n\n\n\n<p>Foglal\u00e1ssal vagy inform\u00e1ci\u00f3val kapcsolatban sz\u00edvesen \u00e1llunk rendelkez\u00e9s\u00e9re, k\u00e9szs\u00e9ggel v\u00e1laszolunk minden k\u00e9rd\u00e9s\u00e9re, \u00e9s v\u00e1rjuk, hogy elt\u00f6lts\u00f6n n\u00e9h\u00e1ny felejthetetlen napot egy csod\u00e1latos helyen, tele t\u00f6rt\u00e9nelemmel \u00e9s hagyom\u00e1nyokkal, az Apuseni hegys\u00e9g sz\u00edv\u00e9ben!<\/p>\n\n\n<div class=\"gb-button-wrapper gb-button-wrapper-f9f60df4\">\n\n<a class=\"gb-button gb-button-bbf7fd78 gb-button-text button smooth-scroll\" href=\"tel:0040746772417\">H\u00edvjon most<\/a>\n\n\n\n<a class=\"gb-button gb-button-4e91cace gb-button-text button smooth-scroll\" href=\"https:\/\/popasulursilor.ro\/hu\/fenntartasok\/\">Foglaljon asztalt<\/a>\n\n<\/div>\n<\/div><\/div><\/div>\n<\/div>\n<\/div><\/div>\n<\/div><\/div>","protected":false},"excerpt":{"rendered":"<p>Egy csod\u00e1latos vend\u00e9gh\u00e1z csod\u00e1latos emberekkel Sz\u00edvvel tessz\u00fck, amit csin\u00e1lunk, \u00e9s \u00fagy b\u00e1nunk a vend\u00e9geinkkel, ahogy mi szeretn\u00e9nk, hogy vel\u00fcnk b\u00e1njanak. Gondoskodunk arr\u00f3l, hogy szob\u00e1ink tiszt\u00e1k, szell\u0151sek, h\u00edvogat\u00f3ak legyenek, k\u00e9szen arra, hogy fogadj\u00e1k kedves vend\u00e9geinket!<\/p>\n","protected":false},"author":1,"featured_media":0,"parent":0,"menu_order":0,"comment_status":"closed","ping_status":"closed","template":"","meta":{"footnotes":""},"class_list":{"0":"post-5952","1":"page","2":"type-page","3":"status-publish","5":"no-featured-image-padding"},"yoast_head":"<!-- This site is optimized with the Yoast SEO plugin v27.1.1 - https:\/\/yoast.com\/product\/yoast-seo-wordpress\/ -->\n<title>Kiad\u00f3 szob\u00e1k Apuseni hegys\u00e9gben<\/title>\n<meta name=\"description\" content=\"Kiad\u00f3 szob\u00e1kat keres az Apusztaszeri-hegys\u00e9gben, a Medve-barlang k\u00f6zel\u00e9ben, egy felejthetetlen tart\u00f3zkod\u00e1shoz?J\u00f6jj\u00f6n a honlapra!\" \/>\n<meta name=\"robots\" content=\"index, follow, max-snippet:-1, max-image-preview:large, max-video-preview:-1\" \/>\n<link rel=\"canonical\" href=\"https:\/\/popasulursilor.ro\/hu\/szobak\/\" \/>\n<meta property=\"og:locale\" content=\"hu_HU\" \/>\n<meta property=\"og:type\" content=\"article\" \/>\n<meta property=\"og:title\" content=\"Kiad\u00f3 szob\u00e1k Apuseni hegys\u00e9gben\" \/>\n<meta property=\"og:description\" content=\"Kiad\u00f3 szob\u00e1kat keres az Apusztaszeri-hegys\u00e9gben, a Medve-barlang k\u00f6zel\u00e9ben, egy felejthetetlen tart\u00f3zkod\u00e1shoz?J\u00f6jj\u00f6n a honlapra!\" \/>\n<meta property=\"og:url\" content=\"https:\/\/popasulursilor.ro\/hu\/szobak\/\" \/>\n<meta property=\"og:site_name\" content=\"Pensiunea Popasul Ursilor\" \/>\n<meta property=\"article:modified_time\" content=\"2024-12-05T17:33:21+00:00\" \/>\n<meta property=\"og:image\" content=\"https:\/\/popasulursilor.ro\/wp-content\/uploads\/2022\/09\/camerecazareinmuntiiapuseniarieseni.jpg\" \/>\n\t<meta property=\"og:image:width\" content=\"1500\" \/>\n\t<meta property=\"og:image:height\" content=\"999\" \/>\n\t<meta property=\"og:image:type\" content=\"image\/jpeg\" \/>\n<meta name=\"twitter:card\" content=\"summary_large_image\" \/>\n<meta name=\"twitter:label1\" content=\"Becs\u00fclt olvas\u00e1si id\u0151\" \/>\n\t<meta name=\"twitter:data1\" content=\"3 perc\" \/>\n<script type=\"application\/ld+json\" class=\"yoast-schema-graph\">{\"@context\":\"https:\/\/schema.org\",\"@graph\":[{\"@type\":\"WebPage\",\"@id\":\"https:\/\/popasulursilor.ro\/hu\/szobak\/\",\"url\":\"https:\/\/popasulursilor.ro\/hu\/szobak\/\",\"name\":\"Kiad\u00f3 szob\u00e1k Apuseni hegys\u00e9gben\",\"isPartOf\":{\"@id\":\"https:\/\/popasulursilor.ro\/hu\/#website\"},\"primaryImageOfPage\":{\"@id\":\"https:\/\/popasulursilor.ro\/hu\/szobak\/#primaryimage\"},\"image\":{\"@id\":\"https:\/\/popasulursilor.ro\/hu\/szobak\/#primaryimage\"},\"thumbnailUrl\":\"https:\/\/popasulursilor.ro\/wp-content\/uploads\/2022\/09\/camerecazareinmuntiiapuseniarieseni-1024x682.jpg\",\"datePublished\":\"2022-09-19T10:19:36+00:00\",\"dateModified\":\"2024-12-05T17:33:21+00:00\",\"description\":\"Kiad\u00f3 szob\u00e1kat keres az Apusztaszeri-hegys\u00e9gben, a Medve-barlang k\u00f6zel\u00e9ben, egy felejthetetlen tart\u00f3zkod\u00e1shoz?J\u00f6jj\u00f6n a honlapra!\",\"breadcrumb\":{\"@id\":\"https:\/\/popasulursilor.ro\/hu\/szobak\/#breadcrumb\"},\"inLanguage\":\"hu\",\"potentialAction\":[{\"@type\":\"ReadAction\",\"target\":[\"https:\/\/popasulursilor.ro\/hu\/szobak\/\"]}]},{\"@type\":\"ImageObject\",\"inLanguage\":\"hu\",\"@id\":\"https:\/\/popasulursilor.ro\/hu\/szobak\/#primaryimage\",\"url\":\"https:\/\/popasulursilor.ro\/wp-content\/uploads\/2022\/09\/camerecazareinmuntiiapuseniarieseni-1024x682.jpg\",\"contentUrl\":\"https:\/\/popasulursilor.ro\/wp-content\/uploads\/2022\/09\/camerecazareinmuntiiapuseniarieseni-1024x682.jpg\"},{\"@type\":\"BreadcrumbList\",\"@id\":\"https:\/\/popasulursilor.ro\/hu\/szobak\/#breadcrumb\",\"itemListElement\":[{\"@type\":\"ListItem\",\"position\":1,\"name\":\"Prima pagin\u0103\",\"item\":\"https:\/\/popasulursilor.ro\/hu\/\"},{\"@type\":\"ListItem\",\"position\":2,\"name\":\"Szob\u00e1k\"}]},{\"@type\":\"WebSite\",\"@id\":\"https:\/\/popasulursilor.ro\/hu\/#website\",\"url\":\"https:\/\/popasulursilor.ro\/hu\/\",\"name\":\"Pensiunea Popasul Ursilor\",\"description\":\"Cazare langa Pestera Ursilor Muntii Apuseni\",\"potentialAction\":[{\"@type\":\"SearchAction\",\"target\":{\"@type\":\"EntryPoint\",\"urlTemplate\":\"https:\/\/popasulursilor.ro\/hu\/?s={search_term_string}\"},\"query-input\":{\"@type\":\"PropertyValueSpecification\",\"valueRequired\":true,\"valueName\":\"search_term_string\"}}],\"inLanguage\":\"hu\"}]}<\/script>\n<!-- \/ Yoast SEO plugin. -->","yoast_head_json":{"title":"Kiad\u00f3 szob\u00e1k Apuseni hegys\u00e9gben","description":"Kiad\u00f3 szob\u00e1kat keres az Apusztaszeri-hegys\u00e9gben, a Medve-barlang k\u00f6zel\u00e9ben, egy felejthetetlen tart\u00f3zkod\u00e1shoz?J\u00f6jj\u00f6n a honlapra!","robots":{"index":"index","follow":"follow","max-snippet":"max-snippet:-1","max-image-preview":"max-image-preview:large","max-video-preview":"max-video-preview:-1"},"canonical":"https:\/\/popasulursilor.ro\/hu\/szobak\/","og_locale":"hu_HU","og_type":"article","og_title":"Kiad\u00f3 szob\u00e1k Apuseni hegys\u00e9gben","og_description":"Kiad\u00f3 szob\u00e1kat keres az Apusztaszeri-hegys\u00e9gben, a Medve-barlang k\u00f6zel\u00e9ben, egy felejthetetlen tart\u00f3zkod\u00e1shoz?J\u00f6jj\u00f6n a honlapra!","og_url":"https:\/\/popasulursilor.ro\/hu\/szobak\/","og_site_name":"Pensiunea Popasul Ursilor","article_modified_time":"2024-12-05T17:33:21+00:00","og_image":[{"width":1500,"height":999,"url":"https:\/\/popasulursilor.ro\/wp-content\/uploads\/2022\/09\/camerecazareinmuntiiapuseniarieseni.jpg","type":"image\/jpeg"}],"twitter_card":"summary_large_image","twitter_misc":{"Becs\u00fclt olvas\u00e1si id\u0151":"3 perc"},"schema":{"@context":"https:\/\/schema.org","@graph":[{"@type":"WebPage","@id":"https:\/\/popasulursilor.ro\/hu\/szobak\/","url":"https:\/\/popasulursilor.ro\/hu\/szobak\/","name":"Kiad\u00f3 szob\u00e1k Apuseni hegys\u00e9gben","isPartOf":{"@id":"https:\/\/popasulursilor.ro\/hu\/#website"},"primaryImageOfPage":{"@id":"https:\/\/popasulursilor.ro\/hu\/szobak\/#primaryimage"},"image":{"@id":"https:\/\/popasulursilor.ro\/hu\/szobak\/#primaryimage"},"thumbnailUrl":"https:\/\/popasulursilor.ro\/wp-content\/uploads\/2022\/09\/camerecazareinmuntiiapuseniarieseni-1024x682.jpg","datePublished":"2022-09-19T10:19:36+00:00","dateModified":"2024-12-05T17:33:21+00:00","description":"Kiad\u00f3 szob\u00e1kat keres az Apusztaszeri-hegys\u00e9gben, a Medve-barlang k\u00f6zel\u00e9ben, egy felejthetetlen tart\u00f3zkod\u00e1shoz?J\u00f6jj\u00f6n a honlapra!","breadcrumb":{"@id":"https:\/\/popasulursilor.ro\/hu\/szobak\/#breadcrumb"},"inLanguage":"hu","potentialAction":[{"@type":"ReadAction","target":["https:\/\/popasulursilor.ro\/hu\/szobak\/"]}]},{"@type":"ImageObject","inLanguage":"hu","@id":"https:\/\/popasulursilor.ro\/hu\/szobak\/#primaryimage","url":"https:\/\/popasulursilor.ro\/wp-content\/uploads\/2022\/09\/camerecazareinmuntiiapuseniarieseni-1024x682.jpg","contentUrl":"https:\/\/popasulursilor.ro\/wp-content\/uploads\/2022\/09\/camerecazareinmuntiiapuseniarieseni-1024x682.jpg"},{"@type":"BreadcrumbList","@id":"https:\/\/popasulursilor.ro\/hu\/szobak\/#breadcrumb","itemListElement":[{"@type":"ListItem","position":1,"name":"Prima pagin\u0103","item":"https:\/\/popasulursilor.ro\/hu\/"},{"@type":"ListItem","position":2,"name":"Szob\u00e1k"}]},{"@type":"WebSite","@id":"https:\/\/popasulursilor.ro\/hu\/#website","url":"https:\/\/popasulursilor.ro\/hu\/","name":"Pensiunea Popasul Ursilor","description":"Cazare langa Pestera Ursilor Muntii Apuseni","potentialAction":[{"@type":"SearchAction","target":{"@type":"EntryPoint","urlTemplate":"https:\/\/popasulursilor.ro\/hu\/?s={search_term_string}"},"query-input":{"@type":"PropertyValueSpecification","valueRequired":true,"valueName":"search_term_string"}}],"inLanguage":"hu"}]}},"_links":{"self":[{"href":"https:\/\/popasulursilor.ro\/hu\/wp-json\/wp\/v2\/pages\/5952","targetHints":{"allow":["GET"]}}],"collection":[{"href":"https:\/\/popasulursilor.ro\/hu\/wp-json\/wp\/v2\/pages"}],"about":[{"href":"https:\/\/popasulursilor.ro\/hu\/wp-json\/wp\/v2\/types\/page"}],"author":[{"embeddable":true,"href":"https:\/\/popasulursilor.ro\/hu\/wp-json\/wp\/v2\/users\/1"}],"replies":[{"embeddable":true,"href":"https:\/\/popasulursilor.ro\/hu\/wp-json\/wp\/v2\/comments?post=5952"}],"version-history":[{"count":9,"href":"https:\/\/popasulursilor.ro\/hu\/wp-json\/wp\/v2\/pages\/5952\/revisions"}],"predecessor-version":[{"id":6670,"href":"https:\/\/popasulursilor.ro\/hu\/wp-json\/wp\/v2\/pages\/5952\/revisions\/6670"}],"wp:attachment":[{"href":"https:\/\/popasulursilor.ro\/hu\/wp-json\/wp\/v2\/media?parent=5952"}],"curies":[{"name":"wp","href":"https:\/\/api.w.org\/{rel}","templated":true}]}}