{"id":5977,"date":"2022-09-19T10:19:50","date_gmt":"2022-09-19T10:19:50","guid":{"rendered":"https:\/\/popasulursilor.ro\/adatvedelmi-iranyelvek\/"},"modified":"2022-09-19T10:19:56","modified_gmt":"2022-09-19T10:19:56","slug":"adatvedelmi-iranyelvek","status":"publish","type":"page","link":"https:\/\/popasulursilor.ro\/hu\/adatvedelmi-iranyelvek\/","title":{"rendered":"Adatv\u00e9delmi ir\u00e1nyelvek"},"content":{"rendered":"\n<p>SC FIRMA AICI srl, CUI <strong>\n  <em>\n    <strong>, bejegyezve a megyei c\u00e9gjegyz\u00e9kbe _<\/strong>\n  <\/em>\n<\/strong>, mint szem\u00e9lyes adatok kezel\u0151je, a 2001.11.21-i 677. sz\u00e1m\u00fa t\u00f6rv\u00e9ny rendelkez\u00e9seivel, valamint 2018.05.25-t\u0151l a szem\u00e9lyes adatok kezel\u00e9se tekintet\u00e9ben az egy\u00e9nek v\u00e9delm\u00e9r\u0151l \u00e9s az ilyen adatok szabad \u00e1raml\u00e1s\u00e1r\u00f3l sz\u00f3l\u00f3 2016.04.27-i 679. sz\u00e1m\u00fa rendelet rendelkez\u00e9seivel \u00f6sszhangban gy\u0171jti \u00e9s kezeli az adatokat.<\/p>\n\n<p>E dokumentum c\u00e9lja, hogy pontosan, konkr\u00e9tan \u00e9s egy\u00e9rtelm\u0171en t\u00e1j\u00e9koztassa \u00d6nt arr\u00f3l, hogyan \u00e9s milyen c\u00e9lb\u00f3l gy\u0171jtik \u00e9s dolgozz\u00e1k fel ezeket az adatokat, milyen id\u0151tartamig t\u00e1rolj\u00e1k ezeket az adatokat, hogyan gyakorolhatja egy\u00e9ni jogait, valamint t\u00e1j\u00e9koztat\u00e1st ad az adatkezel\u00e9s m\u00e1sodlagos c\u00e9lj\u00e1r\u00f3l, ha az adatokat m\u00e1s c\u00e9lb\u00f3l dolgozz\u00e1k fel, mint amilyen c\u00e9lb\u00f3l a t\u00e1rsult adatkezel\u0151k gy\u0171jt\u00f6tt\u00e9k \u0151ket.<\/p>\n\n<p>Ezen adatok feldolgoz\u00e1sa sor\u00e1n figyelembe vessz\u00fck a szem\u00e9lyes adatok v\u00e9delm\u00e9re \u00e9s feldolgoz\u00e1s\u00e1ra vonatkoz\u00f3 hat\u00e1lyos t\u00f6rv\u00e9nyeket. Ennek \u00e9rdek\u00e9ben bels\u0151 ellen\u0151rz\u00e9st v\u00e9gezt\u00fcnk a szem\u00e9lyes adatok gy\u0171jt\u00e9s\u00e9re, feldolgoz\u00e1s\u00e1ra \u00e9s tov\u00e1bb\u00edt\u00e1s\u00e1ra vonatkoz\u00f3an, megfelel\u0151 technikai int\u00e9zked\u00e9seket hoztunk, \u00e9s egy sor bels\u0151 technikai \u00e9s adminisztrat\u00edv elj\u00e1r\u00e1st hoztunk l\u00e9tre, valamint a csapaton bel\u00fcl k\u00e9pz\u00e9seket tartottunk a tudatoss\u00e1g n\u00f6vel\u00e9se \u00e9s a csapattagok felhatalmaz\u00e1sa \u00e9rdek\u00e9ben.<\/p>\n\n<p>A v\u00e1llalatunk \u00e1ltal a weboldalon kereszt\u00fcl vagy k\u00f6zvetlen kommunik\u00e1ci\u00f3 \u00fatj\u00e1n, a munka elv\u00e9gz\u00e9se c\u00e9lj\u00e1b\u00f3l gy\u0171jt\u00f6tt szem\u00e9lyes adatok.<br\/>Ha \u00d6n a mi \u00fcgyfel\u00fcnk, a k\u00f6vetkez\u0151 adatokat gy\u0171jtj\u00fck \u00e9s kezelj\u00fck, a sz\u00e1ml\u00e1z\u00e1s \u00e9s a megrendel\u00e9sek optim\u00e1lis felt\u00e9telek melletti kisz\u00e1ll\u00edt\u00e1s\u00e1nak jogos c\u00e9lja \u00e9rdek\u00e9ben:<\/p>\n\n<ul class=\"wp-block-list\"><li>az \u00d6n neve, vezet\u00e9kneve, c\u00edme, v\u00e1rosa, megy\u00e9je, ir\u00e1ny\u00edt\u00f3sz\u00e1ma, e-mail c\u00edme \u00e9s telefonsz\u00e1ma, banksz\u00e1ml\u00e1ja \u00e9s banksz\u00e1ml\u00e1ja, az ad\u00f3sz\u00e1mla \u00e9s a szolg\u00e1ltat\u00e1si szerz\u0151d\u00e9s elk\u00e9sz\u00edt\u00e9se c\u00e9lj\u00e1b\u00f3l.<\/li><li>ha \u00d6n \u00fagy d\u00f6nt, hogy feliratkozik a v\u00e1llalat h\u00edrlevel\u00e9re an\u00e9lk\u00fcl, hogy \u00fcgyf\u00e9l lenne, akkor a v\u00e1llalat h\u00edrlevel\u00e9re val\u00f3 feliratkoz\u00e1s\u00e1nak bizony\u00edt\u00e1sa \u00e9rdek\u00e9ben \u00f6sszegy\u0171jtj\u00fck az \u00d6n e-mail c\u00edm\u00e9t marketing c\u00e9l\u00fa kommunik\u00e1ci\u00f3 c\u00e9lj\u00e1b\u00f3l, az \u00d6n nev\u00e9t \u00e9s az adatb\u00e1zisba val\u00f3 feliratkoz\u00e1s\u00e1nak d\u00e1tum\u00e1t.<\/li><li>az \u00fcgyf\u00e9l \u00e1ltal c\u00e9g\u00fcnknek a szolg\u00e1ltat\u00e1sny\u00fajt\u00e1s keret\u00e9ben \u00e9s c\u00e9lj\u00e1b\u00f3l tov\u00e1bb\u00edtott egy\u00e9b inform\u00e1ci\u00f3k<\/li><\/ul>\n\n<p>Ha \u00d6n l\u00e1togat\u00f3, akkor csak a l\u00e1togat\u00f3 \u00e1ltal az oldal els\u0151 l\u00e1togat\u00e1sakor, a s\u00fctikre vonatkoz\u00f3 ir\u00e1nyelvek \u00e9rtes\u00edt\u00e9si ablak\u00e1n kereszt\u00fcl elfogadott \u00e9s a s\u00fctikre vonatkoz\u00f3 ir\u00e1nyelvek oldalon le\u00edrt s\u00fctik \u00e1ltal r\u00f6gz\u00edtett adatok ker\u00fclnek r\u00f6gz\u00edt\u00e9sre.<\/p>\n\n<h3 class=\"wp-block-heading\">A szem\u00e9lyes adatok feldolgoz\u00e1s\u00e1nak id\u0151tartama<\/h3>\n\n<p>A szem\u00e9lyes adatok t\u00e1rol\u00e1s\u00e1nak \u00e9s feldolgoz\u00e1s\u00e1nak id\u0151tartama szorosan kapcsol\u00f3dik a v\u00e1llalatunk \u00e9s \u00d6n, mint \u00fcgyf\u00e9l vagy potenci\u00e1lis \u00fcgyf\u00e9l k\u00f6z\u00f6tti munkakapcsolathoz. Az adatok a sz\u00e1mlatulajdonos kifejezett k\u00e9r\u00e9s\u00e9re vagy az ezen az oldalon megadott c\u00e9lok el\u00e9r\u00e9s\u00e9hez sz\u00fcks\u00e9ges m\u00e9rt\u00e9kben t\u00f6r\u00f6lhet\u0151k.<\/p>\n\n<p>Az ad\u00f3sz\u00e1ml\u00e1k \u00e9s szerz\u0151d\u00e9sek elk\u00e9sz\u00edt\u00e9s\u00e9hez sz\u00fcks\u00e9ges adatokat a rom\u00e1n t\u00f6rv\u00e9nyek \u00e1ltal el\u0151\u00edrt jogi k\u00f6telezetts\u00e9gek (ad\u00f3, archiv\u00e1l\u00e1s) teljes\u00edt\u00e9s\u00e9hez sz\u00fcks\u00e9ges ideig t\u00e1roljuk.<\/p>\n\n<h3 class=\"wp-block-heading\">A szem\u00e9lyes adatok c\u00edmzettjei<\/h3>\n\n<p>A szem\u00e9lyes adatokat a napi munkafolyamatok r\u00e9szek\u00e9nt a k\u00f6vetkez\u0151 szem\u00e9lyek vagy szervezetek sz\u00e1m\u00e1ra lehet k\u00f6zz\u00e9tenni, illetve azokhoz a k\u00f6vetkez\u0151 szem\u00e9lyek vagy szervezetek f\u00e9rhetnek hozz\u00e1:<\/p>\n\n<ul class=\"wp-block-list\"><li>t\u00e1rsas\u00e1gunk alkalmazottai a tev\u00e9kenys\u00e9g v\u00e9gz\u00e9se \u00e9rdek\u00e9ben<\/li><li>a t\u00e1rsas\u00e1g munkat\u00e1rsainak, korl\u00e1tozottan, a t\u00e1rsas\u00e1g tev\u00e9kenys\u00e9g\u00e9nek megfelel\u0151 felt\u00e9telek mellett t\u00f6rt\u00e9n\u0151 v\u00e9gz\u00e9se \u00e9rdek\u00e9ben (a k\u00f6nyvel\u00e9si szolg\u00e1ltat\u00f3knak, a t\u00e1rhelyszolg\u00e1ltat\u00f3nak nyomtatv\u00e1nyok k\u00fcld\u00e9s\u00e9vel, a sz\u00e1ml\u00e1z\u00e1si szolg\u00e1ltat\u00f3nak).<\/li><li>amennyiben az ilyen k\u00f6zl\u00e9sre az\u00e9rt van sz\u00fcks\u00e9g, hogy az \u00e9rintettek nyerem\u00e9nyeket vagy egy\u00e9b kedvezm\u00e9nyeket kapjanak, amelyeket az ITT FIRM \u00e1ltal a Weboldalon vagy a kapcsol\u00f3d\u00f3 prom\u00f3ci\u00f3s csatorn\u00e1kon, pl. Facebook-oldalon, Instagramon stb. kereszt\u00fcl szervezett k\u00fcl\u00f6nb\u00f6z\u0151 prom\u00f3ci\u00f3s kamp\u00e1nyokban val\u00f3 r\u00e9szv\u00e9tel\u00fck eredm\u00e9nyek\u00e9nt kaptak.<\/li><li>a l\u00e1togat\u00e1sok m\u00e9r\u00e9s\u00e9re, adatelemz\u00e9sre, tesztel\u00e9sre \u00e9s kutat\u00e1sra, a haszn\u00e1lati trendek \u00e9s tev\u00e9kenys\u00e9gek nyomon k\u00f6vet\u00e9s\u00e9re, biztons\u00e1gi funkci\u00f3k \u00e9s felhaszn\u00e1l\u00f3i hiteles\u00edt\u00e9s fejleszt\u00e9s\u00e9re, olyan speci\u00e1lis modulokhoz, mint a Google Analytics vagy hasonl\u00f3;<\/li><li>ha a szem\u00e9lyes adatok k\u00f6zl\u00e9s\u00e9t jogszab\u00e1ly \u00edrja el\u0151<\/li><li>az automatiz\u00e1lt \u00e9s LIMITED (cookie-kon kereszt\u00fcl) marketing- \u00e9s prom\u00f3ci\u00f3s szolg\u00e1ltat\u00e1sok szolg\u00e1ltat\u00f3i sz\u00e1m\u00e1ra, mint pl.<ul><li>Google.com<\/li><li>Facebook.com<\/li><li>Pinterest.com<\/li><li>YouTube.com<\/li><li>Instagram.com<\/li><li>Tawk.to<\/li><li>WordPress.com<\/li><li>PushEngage.com<\/li><li>Mailchimp.com<\/li><\/ul><\/li><\/ul>\n\n<h3 class=\"wp-block-heading\">T\u00e1j\u00e9koztat\u00e1s az adatgy\u0171jt\u00e9s m\u00f3dj\u00e1r\u00f3l \u00e9s a gy\u0171jt\u00e9shez val\u00f3 hozz\u00e1j\u00e1rul\u00e1sr\u00f3l<\/h3>\n\n<p>A weboldalunk minden felhaszn\u00e1l\u00f3ja az oldal els\u0151 l\u00e1togat\u00e1sakor megkapja az \u00f6sszegy\u0171jt\u00f6tt vagy ilyen vagy olyan m\u00f3don, kifejezetten vagy hallgat\u00f3lagosan gy\u0171jt\u00f6tt s\u00fctik list\u00e1j\u00e1t, amelyek a szem\u00e9lyes adatok kateg\u00f3ri\u00e1j\u00e1ba tartozhatnak. Ez a weboldal alj\u00e1n tal\u00e1lhat\u00f3 \u00e9rtes\u00edt\u00e9ssel t\u00f6rt\u00e9nik, amelyen kereszt\u00fcl a l\u00e1togat\u00f3nak lehet\u0151s\u00e9ge van elfogadni az adatv\u00e9delmi \u00e9s adatv\u00e9delemi politik\u00e1t.<\/p>\n\n<p>Az \u0171rlapok csak akkor ker\u00fclnek elk\u00fcld\u00e9sre, ha az adatgy\u0171jt\u00e9si \u00e9s adatv\u00e9delmi szab\u00e1lyzatot elolvast\u00e1k \u00e9s elfogadt\u00e1k, amit az ezt megk\u00f6vetel\u0151 \u0171rlapok alj\u00e1n tal\u00e1lhat\u00f3 k\u00f6telez\u0151 jel\u00f6l\u0151n\u00e9gyzet tan\u00fas\u00edt, mint p\u00e9ld\u00e1ul a kapcsolatfelv\u00e9teli oldal \u0171rlapja \u00e9s a foglal\u00e1si \u0171rlap.<\/p>\n\n<h3 class=\"wp-block-heading\">Azon szem\u00e9lyek jogai, akiknek az adatait gy\u0171jtik<\/h3>\n\n<p>a) Az adatokhoz \u00e9s a t\u00e1j\u00e9koztat\u00e1shoz val\u00f3 hozz\u00e1f\u00e9r\u00e9s joga Azoknak a szem\u00e9lyeknek, akiknek az adatait gy\u0171jt\u00f6tt\u00e9k, joguk van ahhoz, hogy t\u00e1j\u00e9koztat\u00e1st kapjanak az \u00f6sszegy\u0171jt\u00f6tt adatokr\u00f3l, az adatgy\u0171jt\u00e9s c\u00e9lj\u00e1r\u00f3l \u00e9s id\u0151tartam\u00e1r\u00f3l.<\/p>\n\n<p>b) Az adatokkal kapcsolatos beavatkoz\u00e1si jog Azoknak a szem\u00e9lyeknek, akiknek az adatait gy\u0171jt\u00f6tt\u00e9k, joguk van k\u00e9r\u00e9sre megkapni az \u00f6sszegy\u0171jt\u00f6tt adatokat, k\u00e9rhetik ezen adatok, k\u00fcl\u00f6n\u00f6sen a pontatlan adatok helyesb\u00edt\u00e9s\u00e9t, friss\u00edt\u00e9s\u00e9t, kieg\u00e9sz\u00edt\u00e9s\u00e9t vagy t\u00f6rl\u00e9s\u00e9t.<\/p>\n\n<p>Az adatok m\u00f3dos\u00edt\u00e1s\u00e1ra, friss\u00edt\u00e9s\u00e9re, t\u00f6rl\u00e9s\u00e9re ir\u00e1nyul\u00f3 k\u00e9relmet \u00edr\u00e1sban vagy a dpo@popasulursilor.ro e-mail c\u00edmre kell k\u00fcldeni, \u00e9s t\u00e1j\u00e9koztat\u00e1st kell adni a v\u00e1lasz k\u00f6zl\u00e9s\u00e9nek lehet\u0151s\u00e9g\u00e9r\u0151l, azaz fizikai vagy elektronikus form\u00e1ban. Az ilyen k\u00e9relmekre adott v\u00e1laszt a k\u00e9relem k\u00e9zhezv\u00e9tel\u00e9t\u0151l sz\u00e1m\u00edtott 30 napon bel\u00fcl k\u00f6z\u00f6lj\u00fck.<\/p>\n\n<p>c) Tiltakoz\u00e1si jog Azok a szem\u00e9lyek, akiknek az adatait \u00f6sszegy\u0171jt\u00f6tt\u00e9k, b\u00e1rmikor tiltakozhatnak a r\u00e1juk vonatkoz\u00f3 szem\u00e9lyes adatok kezel\u00e9se ellen, kiv\u00e9ve, ha ez ellent\u00e9tes a hat\u00e1lyos jogszab\u00e1lyokkal (ad\u00f3z\u00e1s, archiv\u00e1l\u00e1s).<\/p>\n\n<p>Ebb\u0151l a c\u00e9lb\u00f3l, valamint a szem\u00e9lyes adatokkal kapcsolatos b\u00e1rmely m\u00e1s c\u00e9lb\u00f3l az \u00e9rintetteknek a v\u00e1llalat c\u00edm\u00e9re kell \u00edrniuk, vagy a dpo@popasulursilor.ro e-mail c\u00edmre kell k\u00fcldeni\u00fck, \u00e9s a v\u00e1laszt a k\u00e9relem k\u00e9zhezv\u00e9tel\u00e9t\u0151l sz\u00e1m\u00edtott 30 napon bel\u00fcl kell megk\u00fcldeni\u00fck.<\/p>\n\n<p>Az \u00e9rintettek adatainak felhaszn\u00e1l\u00e1si m\u00f3dj\u00e1val kapcsolatos b\u00e1rmilyen k\u00e9rd\u00e9ssel, vagy ha az adatkezel\u00e9s b\u00e1rmely aspektus\u00e1val kapcsolatban tov\u00e1bbi felvil\u00e1gos\u00edt\u00e1sra van sz\u00fcks\u00e9g\u00fck, a dpo@popasulursilor.ro e-mail c\u00edmen vagy szem\u00e9lyesen, holografikusan al\u00e1\u00edrt bejelent\u00e9ssel fordulhatnak a v\u00e1llalat adatv\u00e9delmi tisztvisel\u0151j\u00e9hez a Localitatea Chiscau, nr.81c, Punct Turistic Pe\u0219tera Ur\u0219ilor 3633 Comuna Pietroasa, Bihar c\u00edmen tal\u00e1lhat\u00f3 munkahely\u00fcnk\u00f6n.<\/p>\n","protected":false},"excerpt":{"rendered":"<p>SC FIRMA AICI srl, CUI , bejegyezve a megyei c\u00e9gjegyz\u00e9kbe _ , mint szem\u00e9lyes adatok kezel\u0151je, a 2001.11.21-i 677. sz\u00e1m\u00fa t\u00f6rv\u00e9ny rendelkez\u00e9seivel, valamint 2018.05.25-t\u0151l a szem\u00e9lyes adatok kezel\u00e9se tekintet\u00e9ben az egy\u00e9nek v\u00e9delm\u00e9r\u0151l \u00e9s az ilyen adatok szabad \u00e1raml\u00e1s\u00e1r\u00f3l sz\u00f3l\u00f3 2016.04.27-i 679. sz\u00e1m\u00fa rendelet rendelkez\u00e9seivel \u00f6sszhangban gy\u0171jti \u00e9s kezeli az adatokat. E dokumentum c\u00e9lja, hogy pontosan, &#8230; <a title=\"Adatv\u00e9delmi ir\u00e1nyelvek\" class=\"read-more\" href=\"https:\/\/popasulursilor.ro\/hu\/adatvedelmi-iranyelvek\/\" aria-label=\"Read more about Adatv\u00e9delmi ir\u00e1nyelvek\">Olvass tov\u00e1bb<\/a><\/p>\n","protected":false},"author":1,"featured_media":0,"parent":0,"menu_order":0,"comment_status":"closed","ping_status":"closed","template":"","meta":{"footnotes":""},"class_list":{"0":"post-5977","1":"page","2":"type-page","3":"status-publish","5":"no-featured-image-padding"},"yoast_head":"<!-- This site is optimized with the Yoast SEO plugin v27.1.1 - https:\/\/yoast.com\/product\/yoast-seo-wordpress\/ -->\n<title>Adatv\u00e9delmi ir\u00e1nyelvek - Pensiunea Popasul Ursilor<\/title>\n<meta name=\"robots\" content=\"index, follow, max-snippet:-1, max-image-preview:large, max-video-preview:-1\" \/>\n<link rel=\"canonical\" href=\"https:\/\/popasulursilor.ro\/hu\/adatvedelmi-iranyelvek\/\" \/>\n<meta property=\"og:locale\" content=\"hu_HU\" \/>\n<meta property=\"og:type\" content=\"article\" \/>\n<meta property=\"og:title\" content=\"Adatv\u00e9delmi ir\u00e1nyelvek - Pensiunea Popasul Ursilor\" \/>\n<meta property=\"og:description\" content=\"SC FIRMA AICI srl, CUI , bejegyezve a megyei c\u00e9gjegyz\u00e9kbe _ , mint szem\u00e9lyes adatok kezel\u0151je, a 2001.11.21-i 677. sz\u00e1m\u00fa t\u00f6rv\u00e9ny rendelkez\u00e9seivel, valamint 2018.05.25-t\u0151l a szem\u00e9lyes adatok kezel\u00e9se tekintet\u00e9ben az egy\u00e9nek v\u00e9delm\u00e9r\u0151l \u00e9s az ilyen adatok szabad \u00e1raml\u00e1s\u00e1r\u00f3l sz\u00f3l\u00f3 2016.04.27-i 679. sz\u00e1m\u00fa rendelet rendelkez\u00e9seivel \u00f6sszhangban gy\u0171jti \u00e9s kezeli az adatokat. E dokumentum c\u00e9lja, hogy pontosan, ... Olvass tov\u00e1bb\" \/>\n<meta property=\"og:url\" content=\"https:\/\/popasulursilor.ro\/hu\/adatvedelmi-iranyelvek\/\" \/>\n<meta property=\"og:site_name\" content=\"Pensiunea Popasul Ursilor\" \/>\n<meta property=\"article:modified_time\" content=\"2022-09-19T10:19:56+00:00\" \/>\n<meta name=\"twitter:card\" content=\"summary_large_image\" \/>\n<meta name=\"twitter:label1\" content=\"Becs\u00fclt olvas\u00e1si id\u0151\" \/>\n\t<meta name=\"twitter:data1\" content=\"7 perc\" \/>\n<script type=\"application\/ld+json\" class=\"yoast-schema-graph\">{\"@context\":\"https:\/\/schema.org\",\"@graph\":[{\"@type\":\"WebPage\",\"@id\":\"https:\/\/popasulursilor.ro\/hu\/adatvedelmi-iranyelvek\/\",\"url\":\"https:\/\/popasulursilor.ro\/hu\/adatvedelmi-iranyelvek\/\",\"name\":\"Adatv\u00e9delmi ir\u00e1nyelvek - Pensiunea Popasul Ursilor\",\"isPartOf\":{\"@id\":\"https:\/\/popasulursilor.ro\/hu\/#website\"},\"datePublished\":\"2022-09-19T10:19:50+00:00\",\"dateModified\":\"2022-09-19T10:19:56+00:00\",\"breadcrumb\":{\"@id\":\"https:\/\/popasulursilor.ro\/hu\/adatvedelmi-iranyelvek\/#breadcrumb\"},\"inLanguage\":\"hu\",\"potentialAction\":[{\"@type\":\"ReadAction\",\"target\":[\"https:\/\/popasulursilor.ro\/hu\/adatvedelmi-iranyelvek\/\"]}]},{\"@type\":\"BreadcrumbList\",\"@id\":\"https:\/\/popasulursilor.ro\/hu\/adatvedelmi-iranyelvek\/#breadcrumb\",\"itemListElement\":[{\"@type\":\"ListItem\",\"position\":1,\"name\":\"Prima pagin\u0103\",\"item\":\"https:\/\/popasulursilor.ro\/hu\/\"},{\"@type\":\"ListItem\",\"position\":2,\"name\":\"Adatv\u00e9delmi ir\u00e1nyelvek\"}]},{\"@type\":\"WebSite\",\"@id\":\"https:\/\/popasulursilor.ro\/hu\/#website\",\"url\":\"https:\/\/popasulursilor.ro\/hu\/\",\"name\":\"Pensiunea Popasul Ursilor\",\"description\":\"Cazare langa Pestera Ursilor Muntii Apuseni\",\"potentialAction\":[{\"@type\":\"SearchAction\",\"target\":{\"@type\":\"EntryPoint\",\"urlTemplate\":\"https:\/\/popasulursilor.ro\/hu\/?s={search_term_string}\"},\"query-input\":{\"@type\":\"PropertyValueSpecification\",\"valueRequired\":true,\"valueName\":\"search_term_string\"}}],\"inLanguage\":\"hu\"}]}<\/script>\n<!-- \/ Yoast SEO plugin. -->","yoast_head_json":{"title":"Adatv\u00e9delmi ir\u00e1nyelvek - Pensiunea Popasul Ursilor","robots":{"index":"index","follow":"follow","max-snippet":"max-snippet:-1","max-image-preview":"max-image-preview:large","max-video-preview":"max-video-preview:-1"},"canonical":"https:\/\/popasulursilor.ro\/hu\/adatvedelmi-iranyelvek\/","og_locale":"hu_HU","og_type":"article","og_title":"Adatv\u00e9delmi ir\u00e1nyelvek - Pensiunea Popasul Ursilor","og_description":"SC FIRMA AICI srl, CUI , bejegyezve a megyei c\u00e9gjegyz\u00e9kbe _ , mint szem\u00e9lyes adatok kezel\u0151je, a 2001.11.21-i 677. sz\u00e1m\u00fa t\u00f6rv\u00e9ny rendelkez\u00e9seivel, valamint 2018.05.25-t\u0151l a szem\u00e9lyes adatok kezel\u00e9se tekintet\u00e9ben az egy\u00e9nek v\u00e9delm\u00e9r\u0151l \u00e9s az ilyen adatok szabad \u00e1raml\u00e1s\u00e1r\u00f3l sz\u00f3l\u00f3 2016.04.27-i 679. sz\u00e1m\u00fa rendelet rendelkez\u00e9seivel \u00f6sszhangban gy\u0171jti \u00e9s kezeli az adatokat. E dokumentum c\u00e9lja, hogy pontosan, ... Olvass tov\u00e1bb","og_url":"https:\/\/popasulursilor.ro\/hu\/adatvedelmi-iranyelvek\/","og_site_name":"Pensiunea Popasul Ursilor","article_modified_time":"2022-09-19T10:19:56+00:00","twitter_card":"summary_large_image","twitter_misc":{"Becs\u00fclt olvas\u00e1si id\u0151":"7 perc"},"schema":{"@context":"https:\/\/schema.org","@graph":[{"@type":"WebPage","@id":"https:\/\/popasulursilor.ro\/hu\/adatvedelmi-iranyelvek\/","url":"https:\/\/popasulursilor.ro\/hu\/adatvedelmi-iranyelvek\/","name":"Adatv\u00e9delmi ir\u00e1nyelvek - Pensiunea Popasul Ursilor","isPartOf":{"@id":"https:\/\/popasulursilor.ro\/hu\/#website"},"datePublished":"2022-09-19T10:19:50+00:00","dateModified":"2022-09-19T10:19:56+00:00","breadcrumb":{"@id":"https:\/\/popasulursilor.ro\/hu\/adatvedelmi-iranyelvek\/#breadcrumb"},"inLanguage":"hu","potentialAction":[{"@type":"ReadAction","target":["https:\/\/popasulursilor.ro\/hu\/adatvedelmi-iranyelvek\/"]}]},{"@type":"BreadcrumbList","@id":"https:\/\/popasulursilor.ro\/hu\/adatvedelmi-iranyelvek\/#breadcrumb","itemListElement":[{"@type":"ListItem","position":1,"name":"Prima pagin\u0103","item":"https:\/\/popasulursilor.ro\/hu\/"},{"@type":"ListItem","position":2,"name":"Adatv\u00e9delmi ir\u00e1nyelvek"}]},{"@type":"WebSite","@id":"https:\/\/popasulursilor.ro\/hu\/#website","url":"https:\/\/popasulursilor.ro\/hu\/","name":"Pensiunea Popasul Ursilor","description":"Cazare langa Pestera Ursilor Muntii Apuseni","potentialAction":[{"@type":"SearchAction","target":{"@type":"EntryPoint","urlTemplate":"https:\/\/popasulursilor.ro\/hu\/?s={search_term_string}"},"query-input":{"@type":"PropertyValueSpecification","valueRequired":true,"valueName":"search_term_string"}}],"inLanguage":"hu"}]}},"_links":{"self":[{"href":"https:\/\/popasulursilor.ro\/hu\/wp-json\/wp\/v2\/pages\/5977","targetHints":{"allow":["GET"]}}],"collection":[{"href":"https:\/\/popasulursilor.ro\/hu\/wp-json\/wp\/v2\/pages"}],"about":[{"href":"https:\/\/popasulursilor.ro\/hu\/wp-json\/wp\/v2\/types\/page"}],"author":[{"embeddable":true,"href":"https:\/\/popasulursilor.ro\/hu\/wp-json\/wp\/v2\/users\/1"}],"replies":[{"embeddable":true,"href":"https:\/\/popasulursilor.ro\/hu\/wp-json\/wp\/v2\/comments?post=5977"}],"version-history":[{"count":1,"href":"https:\/\/popasulursilor.ro\/hu\/wp-json\/wp\/v2\/pages\/5977\/revisions"}],"predecessor-version":[{"id":5981,"href":"https:\/\/popasulursilor.ro\/hu\/wp-json\/wp\/v2\/pages\/5977\/revisions\/5981"}],"wp:attachment":[{"href":"https:\/\/popasulursilor.ro\/hu\/wp-json\/wp\/v2\/media?parent=5977"}],"curies":[{"name":"wp","href":"https:\/\/api.w.org\/{rel}","templated":true}]}}