{"id":5994,"date":"2022-09-19T10:19:55","date_gmt":"2022-09-19T10:19:55","guid":{"rendered":"https:\/\/popasulursilor.ro\/home\/"},"modified":"2024-12-05T18:24:31","modified_gmt":"2024-12-05T18:24:31","slug":"home","status":"publish","type":"page","link":"https:\/\/popasulursilor.ro\/hu\/","title":{"rendered":"K\u00f6sz\u00f6nt\u0151"},"content":{"rendered":"\n<div class=\"wp-block-media-text alignfull is-stacked-on-mobile has-contrast-color has-global-color-9-background-color has-text-color has-background\"><figure class=\"wp-block-media-text__media\"><img loading=\"lazy\" decoding=\"async\" width=\"1024\" height=\"858\" src=\"https:\/\/popasulursilor.ro\/wp-content\/uploads\/2022\/09\/pensiune-cazare-apuseni-1024x858.jpg\" alt=\"Popasul Ursilor Panzi\u00f3, egy csod\u00e1latos panzi\u00f3, amely kiv\u00e1l\u00f3 sz\u00e1ll\u00e1sfelt\u00e9teleket k\u00edn\u00e1l az Apuseni hegys\u00e9gben.\" class=\"wp-image-5418 size-full\" srcset=\"https:\/\/popasulursilor.ro\/wp-content\/uploads\/2022\/09\/pensiune-cazare-apuseni-1024x858.jpg 1024w, https:\/\/popasulursilor.ro\/wp-content\/uploads\/2022\/09\/pensiune-cazare-apuseni-300x251.jpg 300w, https:\/\/popasulursilor.ro\/wp-content\/uploads\/2022\/09\/pensiune-cazare-apuseni-768x643.jpg 768w, https:\/\/popasulursilor.ro\/wp-content\/uploads\/2022\/09\/pensiune-cazare-apuseni-1536x1286.jpg 1536w, https:\/\/popasulursilor.ro\/wp-content\/uploads\/2022\/09\/pensiune-cazare-apuseni-200x168.jpg 200w, https:\/\/popasulursilor.ro\/wp-content\/uploads\/2022\/09\/pensiune-cazare-apuseni.jpg 1920w\" sizes=\"auto, (max-width: 1024px) 100vw, 1024px\" \/><\/figure><div class=\"wp-block-media-text__content\">\n<div style=\"height:30px\" aria-hidden=\"true\" class=\"wp-block-spacer\"><\/div>\n\n\n\n<h1 class=\"gb-headline gb-headline-d38ab841 gb-headline-text\">Sz\u00e1ll\u00e1s az Apuseni hegys\u00e9gben a POPASUL URSILOR Panzi\u00f3ban<\/h1>\n\n\n\n<h3 class=\"wp-block-heading\">T\u00f6lts\u00f6n el egy felejthetetlen id\u0151t k\u00f6zvetlen a Medve barlang k\u00f6zel\u00e9ben<\/h3>\n\n\n\n<p class=\"has-small-font-size\">Lehet, hogy azt hiszi viccel\u00fcnk, de megl\u00e1tja, hogy ez \u00edgy van! Itt, az Apuseni hegys\u00e9gben nem viccel\u00fcnk, ha a vend\u00e9gekr\u0151l, vend\u00e9gszeretetr\u0151l, tisztas\u00e1gr\u00f3l, \u00e9telekr\u0151l \u00e9s&#8230; p\u00e1link\u00e1r\u00f3l van sz\u00f3!<\/p>\n\n\n\n<p class=\"has-small-font-size\">L\u00e1togasson el hozz\u00e1nk \u00e9s gy\u0151z\u0151dj\u00f6n meg r\u00f3la!<\/p>\n\n\n\n<p class=\"has-small-font-size\">Fedezze fel a k\u00f6rny\u00e9ket, a vad, izgalmas, gy\u00f6ny\u00f6r\u0171 term\u00e9szetet. Fedezze fel az <strong>Apuseni Nemzeti Park<\/strong> v\u00e9dett ter\u00fcleteit. L\u00e1togasson el a<strong> Medve barlang<\/strong>ba<strong>,<\/strong> a helyi <strong>N\u00e9prajzi m\u00fazeum<\/strong>ba. Tov\u00e1bb\u00e1 <strong>Boga<\/strong> v\u00f6lgye , a H\u00e1romkir\u00e1lyok v\u00edzes\u00e9s, <strong>Padis<\/strong> k\u00f6rny\u00e9ke , a M\u00f3cok temploma valamint sok-sok egy\u00e9b<a href=\"https:\/\/popasulursilor.ro\/hu\/latnivalok\/\">  helyi l\u00e1tnival\u00f3<\/a> v\u00e1rja az ide l\u00e1togat\u00f3kat. <\/p>\n\n\n\n<div style=\"height:30px\" aria-hidden=\"true\" class=\"wp-block-spacer\"><\/div>\n<\/div><\/div>\n\n\n<div class=\"gb-container gb-container-f642de2b\" id=\"listings\"><div class=\"gb-inside-container\">\n\n<h3 class=\"gb-headline gb-headline-f2a2a107 gb-headline-text\">Minden oka megvan arra, hogy ell\u00e1togasson hozz\u00e1nk!<\/h3>\n\n\n\n<p class=\"has-text-align-center\">..csal\u00e1ddal \u00e9s bar\u00e1tokkal is ide\u00e1lis helysz\u00edn a kikapcsol\u00f3d\u00e1sra!<\/p>\n\n\n<div class=\"gb-grid-wrapper gb-grid-wrapper-5e220f2d\">\n<div class=\"gb-grid-column gb-grid-column-7dfe351b\"><div class=\"gb-container gb-container-7dfe351b\"><div class=\"gb-inside-container\">\n\n<figure class=\"wp-block-image size-full\"><img loading=\"lazy\" decoding=\"async\" width=\"1500\" height=\"1001\" src=\"https:\/\/popasulursilor.ro\/wp-content\/uploads\/2022\/09\/cazare-arieseni.jpg\" alt=\"\" class=\"wp-image-5541\" srcset=\"https:\/\/popasulursilor.ro\/wp-content\/uploads\/2022\/09\/cazare-arieseni.jpg 1500w, https:\/\/popasulursilor.ro\/wp-content\/uploads\/2022\/09\/cazare-arieseni-300x200.jpg 300w, https:\/\/popasulursilor.ro\/wp-content\/uploads\/2022\/09\/cazare-arieseni-1024x683.jpg 1024w, https:\/\/popasulursilor.ro\/wp-content\/uploads\/2022\/09\/cazare-arieseni-768x513.jpg 768w, https:\/\/popasulursilor.ro\/wp-content\/uploads\/2022\/09\/cazare-arieseni-200x133.jpg 200w\" sizes=\"auto, (max-width: 1500px) 100vw, 1500px\" \/><\/figure>\n\n\n\n<h4 class=\"gb-headline gb-headline-fe1d47b3 gb-headline-text\">24 t\u00e1gas, tiszta szoba saj\u00e1t f\u00fcrd\u0151szob\u00e1val<\/h4>\n\n<\/div><\/div><\/div>\n\n<div class=\"gb-grid-column gb-grid-column-24671cb1\"><div class=\"gb-container gb-container-24671cb1\"><div class=\"gb-inside-container\">\n\n<figure class=\"wp-block-image size-large\"><img loading=\"lazy\" decoding=\"async\" width=\"1024\" height=\"683\" src=\"https:\/\/popasulursilor.ro\/wp-content\/uploads\/2022\/09\/cazare-pensiuni-arieseni-popasul-ursilor-1024x683.jpg\" alt=\"Sz\u00e1ll\u00e1s Panzio Popasul Ursilor Arieseni, Medve-barlang k\u00f6zel\u00e9ben, Apuseni hegys\u00e9gben\" class=\"wp-image-5516\" srcset=\"https:\/\/popasulursilor.ro\/wp-content\/uploads\/2022\/09\/cazare-pensiuni-arieseni-popasul-ursilor-1024x683.jpg 1024w, https:\/\/popasulursilor.ro\/wp-content\/uploads\/2022\/09\/cazare-pensiuni-arieseni-popasul-ursilor-300x200.jpg 300w, https:\/\/popasulursilor.ro\/wp-content\/uploads\/2022\/09\/cazare-pensiuni-arieseni-popasul-ursilor-768x512.jpg 768w, https:\/\/popasulursilor.ro\/wp-content\/uploads\/2022\/09\/cazare-pensiuni-arieseni-popasul-ursilor-1536x1024.jpg 1536w, https:\/\/popasulursilor.ro\/wp-content\/uploads\/2022\/09\/cazare-pensiuni-arieseni-popasul-ursilor-200x133.jpg 200w, https:\/\/popasulursilor.ro\/wp-content\/uploads\/2022\/09\/cazare-pensiuni-arieseni-popasul-ursilor.jpg 1920w\" sizes=\"auto, (max-width: 1024px) 100vw, 1024px\" \/><\/figure>\n\n\n\n<p class=\"gb-headline gb-headline-d7d1c745 gb-headline-text\"><meta charset=\"utf-8\">Csod\u00e1latos term\u00e9szeti t\u00e1jak csod\u00e1lhat\u00f3k k\u00f6zvetlen\u00fcl a teraszr\u00f3l<\/p>\n\n<\/div><\/div><\/div>\n\n<div class=\"gb-grid-column gb-grid-column-1395e122\"><div class=\"gb-container gb-container-1395e122\"><div class=\"gb-inside-container\">\n\n<figure class=\"wp-block-image size-large\"><img loading=\"lazy\" decoding=\"async\" width=\"1024\" height=\"683\" src=\"https:\/\/popasulursilor.ro\/wp-content\/uploads\/2022\/09\/pensiune-cu-restaurant-arieseni-1024x683.jpg\" alt=\"Panzi\u00f3 \u00e9tteremmel \u00e9s rendezv\u00e9nyteremmel Arieseniben, az Apuseni hegys\u00e9gben\" class=\"wp-image-5568\" srcset=\"https:\/\/popasulursilor.ro\/wp-content\/uploads\/2022\/09\/pensiune-cu-restaurant-arieseni-1024x683.jpg 1024w, https:\/\/popasulursilor.ro\/wp-content\/uploads\/2022\/09\/pensiune-cu-restaurant-arieseni-300x200.jpg 300w, https:\/\/popasulursilor.ro\/wp-content\/uploads\/2022\/09\/pensiune-cu-restaurant-arieseni-768x512.jpg 768w, https:\/\/popasulursilor.ro\/wp-content\/uploads\/2022\/09\/pensiune-cu-restaurant-arieseni-200x133.jpg 200w, https:\/\/popasulursilor.ro\/wp-content\/uploads\/2022\/09\/pensiune-cu-restaurant-arieseni.jpg 1500w\" sizes=\"auto, (max-width: 1024px) 100vw, 1024px\" \/><\/figure>\n\n\n\n<h4 class=\"gb-headline gb-headline-1acaee83 gb-headline-text\">200 f\u00e9r\u0151helyes rendezv\u00e9nyterem. Tov\u00e1bbi 150 f\u00e9r\u0151hellyel b\u0151v\u00edthet\u0151<\/h4>\n\n\n\n<p class=\"gb-headline gb-headline-67a62c4c gb-headline-text\">Rendezv\u00e9nyek szervez\u00e9se az Apuseni-hegys\u00e9g sz\u00edv\u00e9ben<\/p>\n\n<\/div><\/div><\/div>\n\n<div class=\"gb-grid-column gb-grid-column-c4b9d987\"><div class=\"gb-container gb-container-c4b9d987\"><div class=\"gb-inside-container\">\n\n<figure class=\"wp-block-image size-large\"><img loading=\"lazy\" decoding=\"async\" width=\"1024\" height=\"692\" src=\"https:\/\/popasulursilor.ro\/wp-content\/uploads\/2022\/09\/cazare-popasul-ursilor-apuseni-1024x692.jpg\" alt=\"Sz\u00e1ll\u00e1s Popasul Ursilor, Arieseni\" class=\"wp-image-5546\" srcset=\"https:\/\/popasulursilor.ro\/wp-content\/uploads\/2022\/09\/cazare-popasul-ursilor-apuseni-1024x692.jpg 1024w, https:\/\/popasulursilor.ro\/wp-content\/uploads\/2022\/09\/cazare-popasul-ursilor-apuseni-300x203.jpg 300w, https:\/\/popasulursilor.ro\/wp-content\/uploads\/2022\/09\/cazare-popasul-ursilor-apuseni-768x519.jpg 768w, https:\/\/popasulursilor.ro\/wp-content\/uploads\/2022\/09\/cazare-popasul-ursilor-apuseni-200x135.jpg 200w, https:\/\/popasulursilor.ro\/wp-content\/uploads\/2022\/09\/cazare-popasul-ursilor-apuseni.jpg 1500w\" sizes=\"auto, (max-width: 1024px) 100vw, 1024px\" \/><\/figure>\n\n\n\n<h4 class=\"gb-headline gb-headline-59cb2f5a gb-headline-text\">Tiszta, t\u00e1gas \u00e9s bar\u00e1ts\u00e1gos f\u00fcrd\u0151szob\u00e1k<\/h4>\n\n\n\n<p class=\"gb-headline gb-headline-c42ba1a5 gb-headline-text\"><meta charset=\"utf-8\">Arra t\u00f6reksz\u00fcnk, hogy vend\u00e9geinknek k\u00fcl\u00f6nleges sz\u00e1ll\u00e1sk\u00f6r\u00fclm\u00e9nyeket k\u00edn\u00e1ljunk.<\/p>\n\n<\/div><\/div><\/div>\n\n<div class=\"gb-grid-column gb-grid-column-6bf32184\"><div class=\"gb-container gb-container-6bf32184\"><div class=\"gb-inside-container\">\n\n<figure class=\"wp-block-image size-large\"><img loading=\"lazy\" decoding=\"async\" width=\"1024\" height=\"692\" src=\"https:\/\/popasulursilor.ro\/wp-content\/uploads\/2022\/09\/loc-de-joaca-copii-arieseni-1024x692.jpg\" alt=\"\" class=\"wp-image-5580\" srcset=\"https:\/\/popasulursilor.ro\/wp-content\/uploads\/2022\/09\/loc-de-joaca-copii-arieseni-1024x692.jpg 1024w, https:\/\/popasulursilor.ro\/wp-content\/uploads\/2022\/09\/loc-de-joaca-copii-arieseni-300x203.jpg 300w, https:\/\/popasulursilor.ro\/wp-content\/uploads\/2022\/09\/loc-de-joaca-copii-arieseni-768x519.jpg 768w, https:\/\/popasulursilor.ro\/wp-content\/uploads\/2022\/09\/loc-de-joaca-copii-arieseni-200x135.jpg 200w, https:\/\/popasulursilor.ro\/wp-content\/uploads\/2022\/09\/loc-de-joaca-copii-arieseni.jpg 1500w\" sizes=\"auto, (max-width: 1024px) 100vw, 1024px\" \/><\/figure>\n\n\n\n<h4 class=\"gb-headline gb-headline-934821d4 gb-headline-text\">J\u00e1tsz\u00f3t\u00e9r gyerekeknek<\/h4>\n\n\n\n<p class=\"gb-headline gb-headline-5dee6ec6 gb-headline-text\"><meta charset=\"utf-8\">A gyerekek a term\u00e9szetben j\u00e1tszanak, a sz\u00fcl\u0151k pedig pihennek. K\u00f6lcs\u00f6n\u00f6sen el\u0151ny\u00f6s helyzet \ud83d\ude09<\/p>\n\n<\/div><\/div><\/div>\n\n<div class=\"gb-grid-column gb-grid-column-b74973d2\"><div class=\"gb-container gb-container-b74973d2\"><div class=\"gb-inside-container\">\n\n<figure class=\"wp-block-image size-large\"><img loading=\"lazy\" decoding=\"async\" width=\"1024\" height=\"683\" src=\"https:\/\/popasulursilor.ro\/wp-content\/uploads\/2022\/09\/IMG_0252-1024x683.jpg\" alt=\"\" class=\"wp-image-5585\" srcset=\"https:\/\/popasulursilor.ro\/wp-content\/uploads\/2022\/09\/IMG_0252-1024x683.jpg 1024w, https:\/\/popasulursilor.ro\/wp-content\/uploads\/2022\/09\/IMG_0252-300x200.jpg 300w, https:\/\/popasulursilor.ro\/wp-content\/uploads\/2022\/09\/IMG_0252-768x512.jpg 768w, https:\/\/popasulursilor.ro\/wp-content\/uploads\/2022\/09\/IMG_0252-200x133.jpg 200w, https:\/\/popasulursilor.ro\/wp-content\/uploads\/2022\/09\/IMG_0252.jpg 1500w\" sizes=\"auto, (max-width: 1024px) 100vw, 1024px\" \/><\/figure>\n\n\n\n<h4 class=\"gb-headline gb-headline-2271b7c1 gb-headline-text\">Az udvarunk a term\u00e9szet<\/h4>\n\n\n\n<p class=\"gb-headline gb-headline-f19f3857 gb-headline-text\"><meta charset=\"utf-8\">Csak l\u00e9pjen ki a szob\u00e1b\u00f3l, \u00e9s m\u00e1ris gyakorlatilag a term\u00e9szet k\u00f6zep\u00e9n tal\u00e1lja mag\u00e1t. Mi lehetne enn\u00e9l szebb?<\/p>\n\n<\/div><\/div><\/div>\n<\/div>\n\n\n<div class=\"wp-block-buttons is-content-justification-center is-layout-flex wp-container-core-buttons-is-layout-16018d1d wp-block-buttons-is-layout-flex\">\n<div class=\"wp-block-button\"><a class=\"wp-block-button__link wp-element-button\" href=\"https:\/\/popasulursilor.ro\/hu\/latnivalok\/\">Helyi l\u00e1tnival\u00f3k megtekint\u00e9se<\/a><\/div>\n<\/div>\n\n<\/div><div class=\"gb-shapes\"><div class=\"gb-shape gb-shape-1\"><svg xmlns=\"http:\/\/www.w3.org\/2000\/svg\" viewBox=\"0 0 1200 360\" preserveAspectRatio=\"none\"><path d=\"M1200 360H0V0l1200 348z\"\/><\/svg><\/div><\/div><\/div>\n\n<div class=\"gb-container gb-container-ea6bcfcc\"><div class=\"gb-inside-container\">\n\n<h3 class=\"gb-headline gb-headline-36fc67ac gb-headline-text\">Sz\u00e1ll\u00e1st keres az Apuseni hegys\u00e9g sz\u00edv\u00e9ben?<\/h3>\n\n\n\n<p>T\u00f6lts\u00f6n el egy felejthetetlen id\u0151t az Apusztaszeri-hegys\u00e9g sz\u00edv\u00e9ben, a Medve-barlang k\u00f6zel\u00e9ben, egy k\u00fcl\u00f6nlegesen fest\u0151i helyen, ahol a hagyom\u00e1nyok otthonosan mozognak!<\/p>\n\n\n<div class=\"gb-container gb-container-003ba905\"><div class=\"gb-inside-container\">\n<div class=\"gb-grid-wrapper gb-grid-wrapper-3bfbdaa1\">\n<div class=\"gb-grid-column gb-grid-column-65ac58a2\"><div class=\"gb-container gb-container-65ac58a2\"><div class=\"gb-inside-container\">\n\n<h4 class=\"gb-headline gb-headline-f8165eb4 gb-headline-text\">Medvefalu fogad\u00e1s<\/h4>\n\n\n\n<h5 class=\"gb-headline gb-headline-65eb39a1\"><span class=\"gb-icon\"><svg xmlns=\"http:\/\/www.w3.org\/2000\/svg\" aria-hidden=\"true\" role=\"img\" height=\"1em\" width=\"1em\" viewbox=\"0 0 512 512\"><path fill=\"currentColor\" d=\"M493.4 24.6l-104-24c-11.3-2.6-22.9 3.3-27.5 13.9l-48 112c-4.2 9.8-1.4 21.3 6.9 28l60.6 49.6c-36 76.7-98.9 140.5-177.2 177.2l-49.6-60.6c-6.8-8.3-18.2-11.1-28-6.9l-112 48C3.9 366.5-2 378.1.6 389.4l24 104C27.1 504.2 36.7 512 48 512c256.1 0 464-207.5 464-464 0-11.2-7.7-20.9-18.6-23.4z\"><\/path><\/svg><\/span><span class=\"gb-headline-text\"><a href=\"tel:0040746772417\">0746.772.417<\/a><\/span><\/h5>\n\n\n\n<p>Foglal\u00e1ssal vagy inform\u00e1ci\u00f3val kapcsolatban sz\u00edvesen \u00e1llunk rendelkez\u00e9s\u00e9re, k\u00e9szs\u00e9ggel v\u00e1laszolunk minden k\u00e9rd\u00e9s\u00e9re, \u00e9s v\u00e1rjuk, hogy elt\u00f6lts\u00f6n n\u00e9h\u00e1ny felejthetetlen napot egy csod\u00e1latos helyen, tele t\u00f6rt\u00e9nelemmel \u00e9s hagyom\u00e1nyokkal, az Apuseni hegys\u00e9g sz\u00edv\u00e9ben!<\/p>\n\n\n<div class=\"gb-button-wrapper gb-button-wrapper-f9f60df4\">\n\n<a class=\"gb-button gb-button-bbf7fd78 gb-button-text button smooth-scroll\" href=\"tel:0040746772417\">H\u00edvjon most<\/a>\n\n\n\n<a class=\"gb-button gb-button-4e91cace gb-button-text button smooth-scroll\" href=\"https:\/\/popasulursilor.ro\/hu\/fenntartasok\/\">Foglaljon asztalt<\/a>\n\n<\/div>\n<\/div><\/div><\/div>\n<\/div>\n<\/div><\/div>\n<\/div><\/div>","protected":false},"excerpt":{"rendered":"<p>Minden oka megvan arra, hogy ell\u00e1togasson hozz\u00e1nk! ..csal\u00e1ddal \u00e9s bar\u00e1tokkal is ide\u00e1lis helysz\u00edn a kikapcsol\u00f3d\u00e1sra!<\/p>\n","protected":false},"author":1,"featured_media":0,"parent":0,"menu_order":0,"comment_status":"closed","ping_status":"closed","template":"","meta":{"footnotes":""},"class_list":{"0":"post-5994","1":"page","2":"type-page","3":"status-publish","5":"no-featured-image-padding"},"yoast_head":"<!-- This site is optimized with the Yoast SEO plugin v27.1.1 - https:\/\/yoast.com\/product\/yoast-seo-wordpress\/ -->\n<title>Sz\u00e1ll\u00e1s Apuseni hegyek Pestera Ursilor a Pension Popasul Ursilorban<\/title>\n<meta name=\"description\" content=\"Arieseni, Medve-barlang k\u00f6zel\u00e9ben keres sz\u00e1ll\u00e1st? Gyere a Popasul Ursilor Vend\u00e9gh\u00e1zba, a barlangba, \u00e9s fedezd fel az Apuseni hegys\u00e9get.\" \/>\n<meta name=\"robots\" content=\"index, follow, max-snippet:-1, max-image-preview:large, max-video-preview:-1\" \/>\n<link rel=\"canonical\" href=\"https:\/\/popasulursilor.ro\/hu\/\" \/>\n<meta property=\"og:locale\" content=\"hu_HU\" \/>\n<meta property=\"og:type\" content=\"article\" \/>\n<meta property=\"og:title\" content=\"Sz\u00e1ll\u00e1s Apuseni hegyek Pestera Ursilor a Pension Popasul Ursilorban\" \/>\n<meta property=\"og:description\" content=\"Arieseni, Medve-barlang k\u00f6zel\u00e9ben keres sz\u00e1ll\u00e1st? Gyere a Popasul Ursilor Vend\u00e9gh\u00e1zba, a barlangba, \u00e9s fedezd fel az Apuseni hegys\u00e9get.\" \/>\n<meta property=\"og:url\" content=\"https:\/\/popasulursilor.ro\/hu\/\" \/>\n<meta property=\"og:site_name\" content=\"Pensiunea Popasul Ursilor\" \/>\n<meta property=\"article:modified_time\" content=\"2024-12-05T18:24:31+00:00\" \/>\n<meta property=\"og:image\" content=\"https:\/\/popasulursilor.ro\/wp-content\/uploads\/2022\/09\/pensiune-cazare-apuseni.jpg\" \/>\n\t<meta property=\"og:image:width\" content=\"1920\" \/>\n\t<meta property=\"og:image:height\" content=\"1608\" \/>\n\t<meta property=\"og:image:type\" content=\"image\/jpeg\" \/>\n<meta name=\"twitter:card\" content=\"summary_large_image\" \/>\n<meta name=\"twitter:label1\" content=\"Becs\u00fclt olvas\u00e1si id\u0151\" \/>\n\t<meta name=\"twitter:data1\" content=\"3 perc\" \/>\n<script type=\"application\/ld+json\" class=\"yoast-schema-graph\">{\"@context\":\"https:\/\/schema.org\",\"@graph\":[{\"@type\":\"WebPage\",\"@id\":\"https:\/\/popasulursilor.ro\/hu\/\",\"url\":\"https:\/\/popasulursilor.ro\/hu\/\",\"name\":\"Sz\u00e1ll\u00e1s Apuseni hegyek Pestera Ursilor a Pension Popasul Ursilorban\",\"isPartOf\":{\"@id\":\"https:\/\/popasulursilor.ro\/hu\/#website\"},\"primaryImageOfPage\":{\"@id\":\"https:\/\/popasulursilor.ro\/hu\/#primaryimage\"},\"image\":{\"@id\":\"https:\/\/popasulursilor.ro\/hu\/#primaryimage\"},\"thumbnailUrl\":\"https:\/\/popasulursilor.ro\/wp-content\/uploads\/2022\/09\/pensiune-cazare-apuseni-1024x858.jpg\",\"datePublished\":\"2022-09-19T10:19:55+00:00\",\"dateModified\":\"2024-12-05T18:24:31+00:00\",\"description\":\"Arieseni, Medve-barlang k\u00f6zel\u00e9ben keres sz\u00e1ll\u00e1st? Gyere a Popasul Ursilor Vend\u00e9gh\u00e1zba, a barlangba, \u00e9s fedezd fel az Apuseni hegys\u00e9get.\",\"breadcrumb\":{\"@id\":\"https:\/\/popasulursilor.ro\/hu\/#breadcrumb\"},\"inLanguage\":\"hu\",\"potentialAction\":[{\"@type\":\"ReadAction\",\"target\":[\"https:\/\/popasulursilor.ro\/hu\/\"]}]},{\"@type\":\"ImageObject\",\"inLanguage\":\"hu\",\"@id\":\"https:\/\/popasulursilor.ro\/hu\/#primaryimage\",\"url\":\"https:\/\/popasulursilor.ro\/wp-content\/uploads\/2022\/09\/pensiune-cazare-apuseni-1024x858.jpg\",\"contentUrl\":\"https:\/\/popasulursilor.ro\/wp-content\/uploads\/2022\/09\/pensiune-cazare-apuseni-1024x858.jpg\"},{\"@type\":\"BreadcrumbList\",\"@id\":\"https:\/\/popasulursilor.ro\/hu\/#breadcrumb\",\"itemListElement\":[{\"@type\":\"ListItem\",\"position\":1,\"name\":\"Prima pagin\u0103\",\"item\":\"https:\/\/popasulursilor.ro\/hu\/\"},{\"@type\":\"ListItem\",\"position\":2,\"name\":\"K\u00f6sz\u00f6nt\u0151\"}]},{\"@type\":\"WebSite\",\"@id\":\"https:\/\/popasulursilor.ro\/hu\/#website\",\"url\":\"https:\/\/popasulursilor.ro\/hu\/\",\"name\":\"Pensiunea Popasul Ursilor\",\"description\":\"Cazare langa Pestera Ursilor Muntii Apuseni\",\"potentialAction\":[{\"@type\":\"SearchAction\",\"target\":{\"@type\":\"EntryPoint\",\"urlTemplate\":\"https:\/\/popasulursilor.ro\/hu\/?s={search_term_string}\"},\"query-input\":{\"@type\":\"PropertyValueSpecification\",\"valueRequired\":true,\"valueName\":\"search_term_string\"}}],\"inLanguage\":\"hu\"}]}<\/script>\n<!-- \/ Yoast SEO plugin. -->","yoast_head_json":{"title":"Sz\u00e1ll\u00e1s Apuseni hegyek Pestera Ursilor a Pension Popasul Ursilorban","description":"Arieseni, Medve-barlang k\u00f6zel\u00e9ben keres sz\u00e1ll\u00e1st? Gyere a Popasul Ursilor Vend\u00e9gh\u00e1zba, a barlangba, \u00e9s fedezd fel az Apuseni hegys\u00e9get.","robots":{"index":"index","follow":"follow","max-snippet":"max-snippet:-1","max-image-preview":"max-image-preview:large","max-video-preview":"max-video-preview:-1"},"canonical":"https:\/\/popasulursilor.ro\/hu\/","og_locale":"hu_HU","og_type":"article","og_title":"Sz\u00e1ll\u00e1s Apuseni hegyek Pestera Ursilor a Pension Popasul Ursilorban","og_description":"Arieseni, Medve-barlang k\u00f6zel\u00e9ben keres sz\u00e1ll\u00e1st? Gyere a Popasul Ursilor Vend\u00e9gh\u00e1zba, a barlangba, \u00e9s fedezd fel az Apuseni hegys\u00e9get.","og_url":"https:\/\/popasulursilor.ro\/hu\/","og_site_name":"Pensiunea Popasul Ursilor","article_modified_time":"2024-12-05T18:24:31+00:00","og_image":[{"width":1920,"height":1608,"url":"https:\/\/popasulursilor.ro\/wp-content\/uploads\/2022\/09\/pensiune-cazare-apuseni.jpg","type":"image\/jpeg"}],"twitter_card":"summary_large_image","twitter_misc":{"Becs\u00fclt olvas\u00e1si id\u0151":"3 perc"},"schema":{"@context":"https:\/\/schema.org","@graph":[{"@type":"WebPage","@id":"https:\/\/popasulursilor.ro\/hu\/","url":"https:\/\/popasulursilor.ro\/hu\/","name":"Sz\u00e1ll\u00e1s Apuseni hegyek Pestera Ursilor a Pension Popasul Ursilorban","isPartOf":{"@id":"https:\/\/popasulursilor.ro\/hu\/#website"},"primaryImageOfPage":{"@id":"https:\/\/popasulursilor.ro\/hu\/#primaryimage"},"image":{"@id":"https:\/\/popasulursilor.ro\/hu\/#primaryimage"},"thumbnailUrl":"https:\/\/popasulursilor.ro\/wp-content\/uploads\/2022\/09\/pensiune-cazare-apuseni-1024x858.jpg","datePublished":"2022-09-19T10:19:55+00:00","dateModified":"2024-12-05T18:24:31+00:00","description":"Arieseni, Medve-barlang k\u00f6zel\u00e9ben keres sz\u00e1ll\u00e1st? Gyere a Popasul Ursilor Vend\u00e9gh\u00e1zba, a barlangba, \u00e9s fedezd fel az Apuseni hegys\u00e9get.","breadcrumb":{"@id":"https:\/\/popasulursilor.ro\/hu\/#breadcrumb"},"inLanguage":"hu","potentialAction":[{"@type":"ReadAction","target":["https:\/\/popasulursilor.ro\/hu\/"]}]},{"@type":"ImageObject","inLanguage":"hu","@id":"https:\/\/popasulursilor.ro\/hu\/#primaryimage","url":"https:\/\/popasulursilor.ro\/wp-content\/uploads\/2022\/09\/pensiune-cazare-apuseni-1024x858.jpg","contentUrl":"https:\/\/popasulursilor.ro\/wp-content\/uploads\/2022\/09\/pensiune-cazare-apuseni-1024x858.jpg"},{"@type":"BreadcrumbList","@id":"https:\/\/popasulursilor.ro\/hu\/#breadcrumb","itemListElement":[{"@type":"ListItem","position":1,"name":"Prima pagin\u0103","item":"https:\/\/popasulursilor.ro\/hu\/"},{"@type":"ListItem","position":2,"name":"K\u00f6sz\u00f6nt\u0151"}]},{"@type":"WebSite","@id":"https:\/\/popasulursilor.ro\/hu\/#website","url":"https:\/\/popasulursilor.ro\/hu\/","name":"Pensiunea Popasul Ursilor","description":"Cazare langa Pestera Ursilor Muntii Apuseni","potentialAction":[{"@type":"SearchAction","target":{"@type":"EntryPoint","urlTemplate":"https:\/\/popasulursilor.ro\/hu\/?s={search_term_string}"},"query-input":{"@type":"PropertyValueSpecification","valueRequired":true,"valueName":"search_term_string"}}],"inLanguage":"hu"}]}},"_links":{"self":[{"href":"https:\/\/popasulursilor.ro\/hu\/wp-json\/wp\/v2\/pages\/5994","targetHints":{"allow":["GET"]}}],"collection":[{"href":"https:\/\/popasulursilor.ro\/hu\/wp-json\/wp\/v2\/pages"}],"about":[{"href":"https:\/\/popasulursilor.ro\/hu\/wp-json\/wp\/v2\/types\/page"}],"author":[{"embeddable":true,"href":"https:\/\/popasulursilor.ro\/hu\/wp-json\/wp\/v2\/users\/1"}],"replies":[{"embeddable":true,"href":"https:\/\/popasulursilor.ro\/hu\/wp-json\/wp\/v2\/comments?post=5994"}],"version-history":[{"count":13,"href":"https:\/\/popasulursilor.ro\/hu\/wp-json\/wp\/v2\/pages\/5994\/revisions"}],"predecessor-version":[{"id":6683,"href":"https:\/\/popasulursilor.ro\/hu\/wp-json\/wp\/v2\/pages\/5994\/revisions\/6683"}],"wp:attachment":[{"href":"https:\/\/popasulursilor.ro\/hu\/wp-json\/wp\/v2\/media?parent=5994"}],"curies":[{"name":"wp","href":"https:\/\/api.w.org\/{rel}","templated":true}]}}