{"id":6034,"date":"2022-09-19T11:49:32","date_gmt":"2022-09-19T11:49:32","guid":{"rendered":"https:\/\/popasulursilor.ro\/latnivalok\/"},"modified":"2024-12-05T18:21:45","modified_gmt":"2024-12-05T18:21:45","slug":"latnivalok","status":"publish","type":"page","link":"https:\/\/popasulursilor.ro\/hu\/latnivalok\/","title":{"rendered":"L\u00e1tnival\u00f3k"},"content":{"rendered":"\n<div class=\"wp-block-media-text alignfull is-stacked-on-mobile has-base-3-color has-contrast-3-background-color has-text-color has-background\"><figure class=\"wp-block-media-text__media\"><img loading=\"lazy\" decoding=\"async\" width=\"1024\" height=\"548\" src=\"https:\/\/popasulursilor.ro\/wp-content\/uploads\/2022\/09\/arieseni-1024x548.jpg\" alt=\"\" class=\"wp-image-5688 size-full\" srcset=\"https:\/\/popasulursilor.ro\/wp-content\/uploads\/2022\/09\/arieseni-1024x548.jpg 1024w, https:\/\/popasulursilor.ro\/wp-content\/uploads\/2022\/09\/arieseni-300x161.jpg 300w, https:\/\/popasulursilor.ro\/wp-content\/uploads\/2022\/09\/arieseni-768x411.jpg 768w, https:\/\/popasulursilor.ro\/wp-content\/uploads\/2022\/09\/arieseni-200x107.jpg 200w, https:\/\/popasulursilor.ro\/wp-content\/uploads\/2022\/09\/arieseni.jpg 1400w\" sizes=\"auto, (max-width: 1024px) 100vw, 1024px\" \/><\/figure><div class=\"wp-block-media-text__content\">\n<h1 class=\"wp-block-heading has-base-3-color has-text-color\">Turisztikai l\u00e1tv\u00e1nyoss\u00e1gok az Apuseni hegys\u00e9gben<\/h1>\n\n\n\n<p class=\"has-small-font-size\">\u00d6n az Apuseni hegys\u00e9g sz\u00edv\u00e9ben van, ahol a hagyom\u00e1nyok otthonosan mozognak, az emberek vend\u00e9gszeret\u0151ek, a term\u00e9szet pedig, nos, a term\u00e9szet n\u00e9ha vad \u00e9s v\u00e1ratlan dolgokkal teli lehet. Itt, Arieseniben olyan helyeket fedezhet fel, amelyekr\u0151l soha nem gondolta volna, hogy Rom\u00e1ni\u00e1ban l\u00e1tni fogja, \u00e9s amelyekr\u0151l m\u00e9g \u00e9vekig mes\u00e9lni fog a bar\u00e1tainak.<\/p>\n\n\n\n<p class=\"has-small-font-size\">Mik lenn\u00e9nek ezek a csod\u00e1latos l\u00e1tnival\u00f3k?<\/p>\n\n\n\n<p class=\"has-small-font-size\"><\/p>\n<\/div><\/div>\n\n\n\n<div style=\"height:80px\" aria-hidden=\"true\" class=\"wp-block-spacer\"><\/div>\n\n\n<div class=\"gb-container gb-container-f2c097fb\"><div class=\"gb-inside-container\">\n\n<p>A Popasul Ursilor Panzi\u00f3 az Apuseni hegys\u00e9g k\u00f6zpontj\u00e1ban tal\u00e1lhat\u00f3, a hegyek l\u00e1b\u00e1n\u00e1l, gyakorlatilag 450m-re a Medve-barlangt\u00f3l, mind\u00f6ssze 20 perc aut\u00f3\u00fatra a Padis k\u00f6rny\u00e9ki turisztikai l\u00e1tv\u00e1nyoss\u00e1gokt\u00f3l, mint p\u00e9ld\u00e1ul:<\/p>\n\n\n\n<ul class=\"wp-block-list\">\n<li>Ponor&nbsp;r\u00e9t <\/li>\n\n\n\n<li>H\u00e1romkir\u00e1lyok v\u00edzes\u00e9s Boga v\u00f6lgye<\/li>\n\n\n\n<li>Csodv\u00e1r<\/li>\n\n\n\n<li>M\u00f3cok temploma<\/li>\n<\/ul>\n\n\n\n<p>Kevesebb, mint 1 \u00f3ra aut\u00f3\u00fatra van a Popasul Ursilor Panzi\u00f3t\u00f3l:<\/p>\n\n\n\n<ul class=\"wp-block-list\">\n<li>M\u00e9zgedi-cseppk\u0151barlang<\/li>\n\n\n\n<li>Krist\u00e1ly-barlang Farcu<\/li>\n\n\n\n<li>Rozsda szakad\u00e9k<\/li>\n<\/ul>\n\n<\/div><\/div>\n\n\n<div style=\"height:80px\" aria-hidden=\"true\" class=\"wp-block-spacer\"><\/div>\n\n\n<div class=\"gb-grid-wrapper gb-grid-wrapper-5e220f2d\">\n<div class=\"gb-grid-column gb-grid-column-7dfe351b\"><div class=\"gb-container gb-container-7dfe351b\"><div class=\"gb-inside-container\">\n\n<figure class=\"wp-block-image size-large\"><img loading=\"lazy\" decoding=\"async\" width=\"1024\" height=\"682\" src=\"https:\/\/popasulursilor.ro\/wp-content\/uploads\/2022\/09\/pestera-ursilor-arieseni-1024x682.jpg\" alt=\"Arieseni medve barlang\" class=\"wp-image-5629\" srcset=\"https:\/\/popasulursilor.ro\/wp-content\/uploads\/2022\/09\/pestera-ursilor-arieseni-1024x682.jpg 1024w, https:\/\/popasulursilor.ro\/wp-content\/uploads\/2022\/09\/pestera-ursilor-arieseni-300x200.jpg 300w, https:\/\/popasulursilor.ro\/wp-content\/uploads\/2022\/09\/pestera-ursilor-arieseni-768x512.jpg 768w, https:\/\/popasulursilor.ro\/wp-content\/uploads\/2022\/09\/pestera-ursilor-arieseni-1536x1023.jpg 1536w, https:\/\/popasulursilor.ro\/wp-content\/uploads\/2022\/09\/pestera-ursilor-arieseni-200x133.jpg 200w, https:\/\/popasulursilor.ro\/wp-content\/uploads\/2022\/09\/pestera-ursilor-arieseni.jpg 1600w\" sizes=\"auto, (max-width: 1024px) 100vw, 1024px\" \/><\/figure>\n\n\n\n<h4 class=\"gb-headline gb-headline-fe1d47b3 gb-headline-text\">Medve barlang<\/h4>\n\n\n\n<p class=\"has-text-align-center\"><em>450 m a Popasul Ursilor panzi\u00f3t\u00f3l, id\u0151: 8 perc<\/em><\/p>\n\n\n\n<p class=\"has-text-align-center\">A Medve-barlangot 1975-ben fedezt\u00e9k fel a Chiscau massz\u00edvumban egy m\u00e1rv\u00e1nyb\u00e1nya felrobbant\u00e1sa ut\u00e1n, \u00e9s 1980-ban kezdt\u00e9k meg a turisztikai hasznos\u00edt\u00e1st.  <\/p>\n\n\n\n<p class=\"has-text-align-center\">A Medve-barlang nem a m\u00e9rete miatt figyelemre m\u00e9lt\u00f3, hanem a <strong>barlangi k\u00e9pz\u0151dm\u00e9nyek fenomen\u00e1lis agglomer\u00e1ci\u00f3ja<\/strong> miatt, amely ebben a tekintetben <strong>egyed\u00fcl\u00e1ll\u00f3<\/strong> a turisztikai c\u00e9l\u00fa barlangok k\u00f6z\u00f6tt.<\/p>\n\n\n\n<div class=\"gb-headline gb-headline-254f6174\"><span class=\"gb-icon\"><svg xmlns=\"http:\/\/www.w3.org\/2000\/svg\" aria-hidden=\"true\" role=\"img\" height=\"1em\" width=\"1em\" viewBox=\"0 0 384 512\"><path fill=\"currentColor\" d=\"M172.268 501.67C26.97 291.031 0 269.413 0 192 0 85.961 85.961 0 192 0s192 85.961 192 192c0 77.413-26.97 99.031-172.268 309.67-9.535 13.774-29.93 13.773-39.464 0zM192 272c44.183 0 80-35.817 80-80s-35.817-80-80-80-80 35.817-80 80 35.817 80 80 80z\"><\/path><\/svg><\/span><span class=\"gb-headline-text\"><a href=\"https:\/\/www.google.com\/maps\/dir\/''\/Pe%C8%99tera+Ur%C8%99ilor,+Chi%C8%99c%C4%83u\/@46.5536891,22.5668473,17z\/data=!3m1!4b1!4m13!4m12!1m5!1m1!1s0x4748c92bd4bd7f59:0xdbc721a1b0df4b4e!2m2!1d22.5698051!2d46.5546712!1m5!1m1!1s0x4748c9b93efb8deb:0x50341756ca4321b6!2m2!1d22.5695098!2d46.5537948\" target=\"_blank\" rel=\"noreferrer noopener nofollow\">Tekintse meg az \u00fatvonalat a Google T\u00e9rk\u00e9pen<\/a><\/span><\/div>\n\n<\/div><\/div><\/div>\n\n<div class=\"gb-grid-column gb-grid-column-24671cb1\"><div class=\"gb-container gb-container-24671cb1\"><div class=\"gb-inside-container\">\n\n<figure class=\"wp-block-image size-large\"><img loading=\"lazy\" decoding=\"async\" width=\"1024\" height=\"683\" src=\"https:\/\/popasulursilor.ro\/wp-content\/uploads\/2022\/09\/Pestera_Scarisoara_-_Sala_Biserica-1024x683.jpg\" alt=\"\" class=\"wp-image-5676\" srcset=\"https:\/\/popasulursilor.ro\/wp-content\/uploads\/2022\/09\/Pestera_Scarisoara_-_Sala_Biserica-1024x683.jpg 1024w, https:\/\/popasulursilor.ro\/wp-content\/uploads\/2022\/09\/Pestera_Scarisoara_-_Sala_Biserica-300x200.jpg 300w, https:\/\/popasulursilor.ro\/wp-content\/uploads\/2022\/09\/Pestera_Scarisoara_-_Sala_Biserica-768x512.jpg 768w, https:\/\/popasulursilor.ro\/wp-content\/uploads\/2022\/09\/Pestera_Scarisoara_-_Sala_Biserica-200x133.jpg 200w, https:\/\/popasulursilor.ro\/wp-content\/uploads\/2022\/09\/Pestera_Scarisoara_-_Sala_Biserica.jpg 1123w\" sizes=\"auto, (max-width: 1024px) 100vw, 1024px\" \/><\/figure>\n\n\n\n<p class=\"has-text-align-center\"><em>87 km, el\u00e9r\u00e9si id\u0151 2 \u00f3ra<\/em><\/p>\n\n\n\n<p class=\"gb-headline gb-headline-d7d1c745 gb-headline-text\"><meta charset=\"utf-8\">A 720 m hossz\u00fa \u00e9s 105 m m\u00e9lys\u00e9g\u0171 gleccser 75 000 m3 t\u00e9rfogat\u00fa \u00e9s \u00e1tlagosan 16 m vastags\u00e1g\u00fa j\u00e9gt\u00f6mbnek ad otthont, amely a nev\u00e9t is adja. K\u00fcl\u00f6n\u00f6sen n\u00e9pszer\u0171 \u00e9s l\u00e1togatott barlang, amelyet mindenk\u00e9ppen meg kell l\u00e1togatnia.<\/p>\n\n<\/div><\/div><\/div>\n<\/div>\n\n<div class=\"gb-container gb-container-ea6bcfcc\"><div class=\"gb-inside-container\">\n\n<h3 class=\"gb-headline gb-headline-36fc67ac gb-headline-text\">Sz\u00e1ll\u00e1st keres az Apuseni hegys\u00e9g sz\u00edv\u00e9ben?<\/h3>\n\n\n\n<p>T\u00f6lts\u00f6n el egy felejthetetlen id\u0151t az Apusztaszeri-hegys\u00e9g sz\u00edv\u00e9ben, a Medve-barlang k\u00f6zel\u00e9ben, egy k\u00fcl\u00f6nlegesen fest\u0151i helyen, ahol a hagyom\u00e1nyok otthonosan mozognak!<\/p>\n\n\n<div class=\"gb-container gb-container-003ba905\"><div class=\"gb-inside-container\">\n<div class=\"gb-grid-wrapper gb-grid-wrapper-3bfbdaa1\">\n<div class=\"gb-grid-column gb-grid-column-65ac58a2\"><div class=\"gb-container gb-container-65ac58a2\"><div class=\"gb-inside-container\">\n\n<h4 class=\"gb-headline gb-headline-f8165eb4 gb-headline-text\">Medvefalu fogad\u00e1s<\/h4>\n\n\n\n<h5 class=\"gb-headline gb-headline-65eb39a1\"><span class=\"gb-icon\"><svg xmlns=\"http:\/\/www.w3.org\/2000\/svg\" aria-hidden=\"true\" role=\"img\" height=\"1em\" width=\"1em\" viewbox=\"0 0 512 512\"><path fill=\"currentColor\" d=\"M493.4 24.6l-104-24c-11.3-2.6-22.9 3.3-27.5 13.9l-48 112c-4.2 9.8-1.4 21.3 6.9 28l60.6 49.6c-36 76.7-98.9 140.5-177.2 177.2l-49.6-60.6c-6.8-8.3-18.2-11.1-28-6.9l-112 48C3.9 366.5-2 378.1.6 389.4l24 104C27.1 504.2 36.7 512 48 512c256.1 0 464-207.5 464-464 0-11.2-7.7-20.9-18.6-23.4z\"><\/path><\/svg><\/span><span class=\"gb-headline-text\"><a href=\"tel:0040746772417\">0746.772.417<\/a><\/span><\/h5>\n\n\n\n<p>Foglal\u00e1ssal vagy inform\u00e1ci\u00f3val kapcsolatban sz\u00edvesen \u00e1llunk rendelkez\u00e9s\u00e9re, k\u00e9szs\u00e9ggel v\u00e1laszolunk minden k\u00e9rd\u00e9s\u00e9re, \u00e9s v\u00e1rjuk, hogy elt\u00f6lts\u00f6n n\u00e9h\u00e1ny felejthetetlen napot egy csod\u00e1latos helyen, tele t\u00f6rt\u00e9nelemmel \u00e9s hagyom\u00e1nyokkal, az Apuseni hegys\u00e9g sz\u00edv\u00e9ben!<\/p>\n\n\n<div class=\"gb-button-wrapper gb-button-wrapper-f9f60df4\">\n\n<a class=\"gb-button gb-button-bbf7fd78 gb-button-text button smooth-scroll\" href=\"tel:0040746772417\">H\u00edvjon most<\/a>\n\n\n\n<a class=\"gb-button gb-button-4e91cace gb-button-text button smooth-scroll\" href=\"https:\/\/popasulursilor.ro\/hu\/fenntartasok\/\">Foglaljon asztalt<\/a>\n\n<\/div>\n<\/div><\/div><\/div>\n<\/div>\n<\/div><\/div>\n<\/div><\/div>","protected":false},"excerpt":{"rendered":"<p>Turisztikai l\u00e1tv\u00e1nyoss\u00e1gok az Apuseni hegys\u00e9gben \u00d6n az Apuseni hegys\u00e9g sz\u00edv\u00e9ben van, ahol a hagyom\u00e1nyok otthonosan mozognak, az emberek vend\u00e9gszeret\u0151ek, a term\u00e9szet pedig, nos, a term\u00e9szet n\u00e9ha vad \u00e9s v\u00e1ratlan dolgokkal teli lehet. Itt, Arieseniben olyan helyeket fedezhet fel, amelyekr\u0151l soha nem gondolta volna, hogy Rom\u00e1ni\u00e1ban l\u00e1tni fogja, \u00e9s amelyekr\u0151l m\u00e9g \u00e9vekig mes\u00e9lni fog a bar\u00e1tainak. &#8230; <a title=\"L\u00e1tnival\u00f3k\" class=\"read-more\" href=\"https:\/\/popasulursilor.ro\/hu\/latnivalok\/\" aria-label=\"Read more about L\u00e1tnival\u00f3k\">Olvass tov\u00e1bb<\/a><\/p>\n","protected":false},"author":1,"featured_media":0,"parent":0,"menu_order":0,"comment_status":"closed","ping_status":"closed","template":"","meta":{"footnotes":""},"class_list":{"0":"post-6034","1":"page","2":"type-page","3":"status-publish","5":"no-featured-image-padding"},"yoast_head":"<!-- This site is optimized with the Yoast SEO plugin v27.1.1 - https:\/\/yoast.com\/product\/yoast-seo-wordpress\/ -->\n<title>L\u00e1tnival\u00f3k - Pensiunea Popasul Ursilor<\/title>\n<meta name=\"robots\" content=\"index, follow, max-snippet:-1, max-image-preview:large, max-video-preview:-1\" \/>\n<link rel=\"canonical\" href=\"https:\/\/popasulursilor.ro\/hu\/latnivalok\/\" \/>\n<meta property=\"og:locale\" content=\"hu_HU\" \/>\n<meta property=\"og:type\" content=\"article\" \/>\n<meta property=\"og:title\" content=\"L\u00e1tnival\u00f3k - Pensiunea Popasul Ursilor\" \/>\n<meta property=\"og:description\" content=\"Turisztikai l\u00e1tv\u00e1nyoss\u00e1gok az Apuseni hegys\u00e9gben \u00d6n az Apuseni hegys\u00e9g sz\u00edv\u00e9ben van, ahol a hagyom\u00e1nyok otthonosan mozognak, az emberek vend\u00e9gszeret\u0151ek, a term\u00e9szet pedig, nos, a term\u00e9szet n\u00e9ha vad \u00e9s v\u00e1ratlan dolgokkal teli lehet. Itt, Arieseniben olyan helyeket fedezhet fel, amelyekr\u0151l soha nem gondolta volna, hogy Rom\u00e1ni\u00e1ban l\u00e1tni fogja, \u00e9s amelyekr\u0151l m\u00e9g \u00e9vekig mes\u00e9lni fog a bar\u00e1tainak. ... Olvass tov\u00e1bb\" \/>\n<meta property=\"og:url\" content=\"https:\/\/popasulursilor.ro\/hu\/latnivalok\/\" \/>\n<meta property=\"og:site_name\" content=\"Pensiunea Popasul Ursilor\" \/>\n<meta property=\"article:modified_time\" content=\"2024-12-05T18:21:45+00:00\" \/>\n<meta property=\"og:image\" content=\"https:\/\/popasulursilor.ro\/wp-content\/uploads\/2022\/09\/arieseni.jpg\" \/>\n\t<meta property=\"og:image:width\" content=\"1400\" \/>\n\t<meta property=\"og:image:height\" content=\"749\" \/>\n\t<meta property=\"og:image:type\" content=\"image\/jpeg\" \/>\n<meta name=\"twitter:card\" content=\"summary_large_image\" \/>\n<meta name=\"twitter:label1\" content=\"Becs\u00fclt olvas\u00e1si id\u0151\" \/>\n\t<meta name=\"twitter:data1\" content=\"3 perc\" \/>\n<script type=\"application\/ld+json\" class=\"yoast-schema-graph\">{\"@context\":\"https:\/\/schema.org\",\"@graph\":[{\"@type\":\"WebPage\",\"@id\":\"https:\/\/popasulursilor.ro\/hu\/latnivalok\/\",\"url\":\"https:\/\/popasulursilor.ro\/hu\/latnivalok\/\",\"name\":\"L\u00e1tnival\u00f3k - Pensiunea Popasul Ursilor\",\"isPartOf\":{\"@id\":\"https:\/\/popasulursilor.ro\/hu\/#website\"},\"primaryImageOfPage\":{\"@id\":\"https:\/\/popasulursilor.ro\/hu\/latnivalok\/#primaryimage\"},\"image\":{\"@id\":\"https:\/\/popasulursilor.ro\/hu\/latnivalok\/#primaryimage\"},\"thumbnailUrl\":\"https:\/\/popasulursilor.ro\/wp-content\/uploads\/2022\/09\/arieseni-1024x548.jpg\",\"datePublished\":\"2022-09-19T11:49:32+00:00\",\"dateModified\":\"2024-12-05T18:21:45+00:00\",\"breadcrumb\":{\"@id\":\"https:\/\/popasulursilor.ro\/hu\/latnivalok\/#breadcrumb\"},\"inLanguage\":\"hu\",\"potentialAction\":[{\"@type\":\"ReadAction\",\"target\":[\"https:\/\/popasulursilor.ro\/hu\/latnivalok\/\"]}]},{\"@type\":\"ImageObject\",\"inLanguage\":\"hu\",\"@id\":\"https:\/\/popasulursilor.ro\/hu\/latnivalok\/#primaryimage\",\"url\":\"https:\/\/popasulursilor.ro\/wp-content\/uploads\/2022\/09\/arieseni-1024x548.jpg\",\"contentUrl\":\"https:\/\/popasulursilor.ro\/wp-content\/uploads\/2022\/09\/arieseni-1024x548.jpg\"},{\"@type\":\"BreadcrumbList\",\"@id\":\"https:\/\/popasulursilor.ro\/hu\/latnivalok\/#breadcrumb\",\"itemListElement\":[{\"@type\":\"ListItem\",\"position\":1,\"name\":\"Prima pagin\u0103\",\"item\":\"https:\/\/popasulursilor.ro\/hu\/\"},{\"@type\":\"ListItem\",\"position\":2,\"name\":\"L\u00e1tnival\u00f3k\"}]},{\"@type\":\"WebSite\",\"@id\":\"https:\/\/popasulursilor.ro\/hu\/#website\",\"url\":\"https:\/\/popasulursilor.ro\/hu\/\",\"name\":\"Pensiunea Popasul Ursilor\",\"description\":\"Cazare langa Pestera Ursilor Muntii Apuseni\",\"potentialAction\":[{\"@type\":\"SearchAction\",\"target\":{\"@type\":\"EntryPoint\",\"urlTemplate\":\"https:\/\/popasulursilor.ro\/hu\/?s={search_term_string}\"},\"query-input\":{\"@type\":\"PropertyValueSpecification\",\"valueRequired\":true,\"valueName\":\"search_term_string\"}}],\"inLanguage\":\"hu\"}]}<\/script>\n<!-- \/ Yoast SEO plugin. -->","yoast_head_json":{"title":"L\u00e1tnival\u00f3k - Pensiunea Popasul Ursilor","robots":{"index":"index","follow":"follow","max-snippet":"max-snippet:-1","max-image-preview":"max-image-preview:large","max-video-preview":"max-video-preview:-1"},"canonical":"https:\/\/popasulursilor.ro\/hu\/latnivalok\/","og_locale":"hu_HU","og_type":"article","og_title":"L\u00e1tnival\u00f3k - Pensiunea Popasul Ursilor","og_description":"Turisztikai l\u00e1tv\u00e1nyoss\u00e1gok az Apuseni hegys\u00e9gben \u00d6n az Apuseni hegys\u00e9g sz\u00edv\u00e9ben van, ahol a hagyom\u00e1nyok otthonosan mozognak, az emberek vend\u00e9gszeret\u0151ek, a term\u00e9szet pedig, nos, a term\u00e9szet n\u00e9ha vad \u00e9s v\u00e1ratlan dolgokkal teli lehet. Itt, Arieseniben olyan helyeket fedezhet fel, amelyekr\u0151l soha nem gondolta volna, hogy Rom\u00e1ni\u00e1ban l\u00e1tni fogja, \u00e9s amelyekr\u0151l m\u00e9g \u00e9vekig mes\u00e9lni fog a bar\u00e1tainak. ... Olvass tov\u00e1bb","og_url":"https:\/\/popasulursilor.ro\/hu\/latnivalok\/","og_site_name":"Pensiunea Popasul Ursilor","article_modified_time":"2024-12-05T18:21:45+00:00","og_image":[{"width":1400,"height":749,"url":"https:\/\/popasulursilor.ro\/wp-content\/uploads\/2022\/09\/arieseni.jpg","type":"image\/jpeg"}],"twitter_card":"summary_large_image","twitter_misc":{"Becs\u00fclt olvas\u00e1si id\u0151":"3 perc"},"schema":{"@context":"https:\/\/schema.org","@graph":[{"@type":"WebPage","@id":"https:\/\/popasulursilor.ro\/hu\/latnivalok\/","url":"https:\/\/popasulursilor.ro\/hu\/latnivalok\/","name":"L\u00e1tnival\u00f3k - Pensiunea Popasul Ursilor","isPartOf":{"@id":"https:\/\/popasulursilor.ro\/hu\/#website"},"primaryImageOfPage":{"@id":"https:\/\/popasulursilor.ro\/hu\/latnivalok\/#primaryimage"},"image":{"@id":"https:\/\/popasulursilor.ro\/hu\/latnivalok\/#primaryimage"},"thumbnailUrl":"https:\/\/popasulursilor.ro\/wp-content\/uploads\/2022\/09\/arieseni-1024x548.jpg","datePublished":"2022-09-19T11:49:32+00:00","dateModified":"2024-12-05T18:21:45+00:00","breadcrumb":{"@id":"https:\/\/popasulursilor.ro\/hu\/latnivalok\/#breadcrumb"},"inLanguage":"hu","potentialAction":[{"@type":"ReadAction","target":["https:\/\/popasulursilor.ro\/hu\/latnivalok\/"]}]},{"@type":"ImageObject","inLanguage":"hu","@id":"https:\/\/popasulursilor.ro\/hu\/latnivalok\/#primaryimage","url":"https:\/\/popasulursilor.ro\/wp-content\/uploads\/2022\/09\/arieseni-1024x548.jpg","contentUrl":"https:\/\/popasulursilor.ro\/wp-content\/uploads\/2022\/09\/arieseni-1024x548.jpg"},{"@type":"BreadcrumbList","@id":"https:\/\/popasulursilor.ro\/hu\/latnivalok\/#breadcrumb","itemListElement":[{"@type":"ListItem","position":1,"name":"Prima pagin\u0103","item":"https:\/\/popasulursilor.ro\/hu\/"},{"@type":"ListItem","position":2,"name":"L\u00e1tnival\u00f3k"}]},{"@type":"WebSite","@id":"https:\/\/popasulursilor.ro\/hu\/#website","url":"https:\/\/popasulursilor.ro\/hu\/","name":"Pensiunea Popasul Ursilor","description":"Cazare langa Pestera Ursilor Muntii Apuseni","potentialAction":[{"@type":"SearchAction","target":{"@type":"EntryPoint","urlTemplate":"https:\/\/popasulursilor.ro\/hu\/?s={search_term_string}"},"query-input":{"@type":"PropertyValueSpecification","valueRequired":true,"valueName":"search_term_string"}}],"inLanguage":"hu"}]}},"_links":{"self":[{"href":"https:\/\/popasulursilor.ro\/hu\/wp-json\/wp\/v2\/pages\/6034","targetHints":{"allow":["GET"]}}],"collection":[{"href":"https:\/\/popasulursilor.ro\/hu\/wp-json\/wp\/v2\/pages"}],"about":[{"href":"https:\/\/popasulursilor.ro\/hu\/wp-json\/wp\/v2\/types\/page"}],"author":[{"embeddable":true,"href":"https:\/\/popasulursilor.ro\/hu\/wp-json\/wp\/v2\/users\/1"}],"replies":[{"embeddable":true,"href":"https:\/\/popasulursilor.ro\/hu\/wp-json\/wp\/v2\/comments?post=6034"}],"version-history":[{"count":3,"href":"https:\/\/popasulursilor.ro\/hu\/wp-json\/wp\/v2\/pages\/6034\/revisions"}],"predecessor-version":[{"id":6681,"href":"https:\/\/popasulursilor.ro\/hu\/wp-json\/wp\/v2\/pages\/6034\/revisions\/6681"}],"wp:attachment":[{"href":"https:\/\/popasulursilor.ro\/hu\/wp-json\/wp\/v2\/media?parent=6034"}],"curies":[{"name":"wp","href":"https:\/\/api.w.org\/{rel}","templated":true}]}}