{"id":6074,"date":"2022-09-19T11:49:40","date_gmt":"2022-09-19T11:49:40","guid":{"rendered":"https:\/\/popasulursilor.ro\/cookie-szabalyzat\/"},"modified":"2022-09-19T11:49:41","modified_gmt":"2022-09-19T11:49:41","slug":"cookie-szabalyzat","status":"publish","type":"page","link":"https:\/\/popasulursilor.ro\/hu\/cookie-szabalyzat\/","title":{"rendered":"Cookie szab\u00e1lyzat"},"content":{"rendered":"<div class=\"gb-container gb-container-a76c6499\"><div class=\"gb-inside-container\">\n<div class=\"gb-grid-wrapper gb-grid-wrapper-7559b467\">\n<div class=\"gb-grid-column gb-grid-column-142248bf\"><div class=\"gb-container gb-container-142248bf\"><div class=\"gb-inside-container\">\n\n<h3 class=\"gb-headline gb-headline-87ae2cbe gb-headline-text\">A Cookie szab\u00e1lyzatr\u00f3l<\/h3>\n\n\n\n<p>Ez a Cookie-szab\u00e1lyzat elmagyar\u00e1zza, hogy mik azok a s\u00fctik \u00e9s hogyan haszn\u00e1ljuk \u0151ket, milyen t\u00edpus\u00fa s\u00fctiket haszn\u00e1lunk, azaz milyen inform\u00e1ci\u00f3kat gy\u0171jt\u00fcnk a s\u00fctik seg\u00edts\u00e9g\u00e9vel \u00e9s hogyan haszn\u00e1ljuk fel ezeket az inform\u00e1ci\u00f3kat, valamint hogyan szab\u00e1lyozhatja a s\u00fctikre vonatkoz\u00f3 be\u00e1ll\u00edt\u00e1sokat. Tov\u00e1bbi inform\u00e1ci\u00f3kat arr\u00f3l, hogy hogyan haszn\u00e1ljuk, t\u00e1roljuk \u00e9s tartjuk biztons\u00e1gban az \u00d6n szem\u00e9lyes adatait, az Adatv\u00e9delmi szab\u00e1lyzatunkban tal\u00e1l.<\/p>\n\n\n\n<p>\u00d6n b\u00e1rmikor megv\u00e1ltoztathatja vagy visszavonhatja hozz\u00e1j\u00e1rul\u00e1s\u00e1t a weboldalunkon tal\u00e1lhat\u00f3 Cookie-nyilatkozatban.<\/p>\n\n\n\n<p>Adatv\u00e9delmi szab\u00e1lyzatunkban t\u00f6bbet megtudhat arr\u00f3l, hogy kik vagyunk, hogyan l\u00e9phet kapcsolatba vel\u00fcnk, \u00e9s hogyan kezelj\u00fck a szem\u00e9lyes adatokat.<\/p>\n\n\n\n<p>Az \u00d6n hozz\u00e1j\u00e1rul\u00e1sa a k\u00f6vetkez\u0151 domainekre vonatkozik: popasulursilor.ro<\/p>\n\n\n<div class=\"cli_user_consent_state\">Your current state: No consent given. <a class=\"cli_manage_current_consent\" style=\"cursor:pointer;text-decoration:underline;\">Manage your consent.<\/a> <\/div>\n\n<\/div><\/div><\/div>\n<\/div>\n\n\n<h3 class=\"wp-block-heading\">Mik azok a s\u00fctik?<\/h3>\n\n\n\n<p>A s\u00fctik olyan kis sz\u00f6veges f\u00e1jlok, amelyek kis inform\u00e1ci\u00f3k t\u00e1rol\u00e1s\u00e1ra szolg\u00e1lnak. Ezeket a k\u00e9sz\u00fcl\u00e9k\u00e9n t\u00e1rolja. amikor a weboldal bet\u00f6lt\u0151dik a b\u00f6ng\u00e9sz\u0151ben. Ezek a s\u00fctik seg\u00edtenek nek\u00fcnk abban, hogy a weboldal megfelel\u0151en m\u0171k\u00f6dj\u00f6n, biztons\u00e1gosabb\u00e1 tegy\u00fck, jobb felhaszn\u00e1l\u00f3i \u00e9lm\u00e9nyt ny\u00fajtsunk, valamint hogy meg\u00e9rts\u00fck, hogyan m\u0171k\u00f6dik a weboldal, \u00e9s elemezz\u00fck, mi m\u0171k\u00f6dik, \u00e9s hol van m\u00e9g jav\u00edtanival\u00f3.<\/p>\n\n\n\n<h3 class=\"wp-block-heading\">Hogyan haszn\u00e1ljuk a s\u00fctiket?<\/h3>\n\n\n\n<p>Mint a legt\u00f6bb online szolg\u00e1ltat\u00e1s, weboldalunk is t\u00f6bbf\u00e9le c\u00e9lb\u00f3l haszn\u00e1l els\u0151 \u00e9s harmadik f\u00e9lt\u0151l sz\u00e1rmaz\u00f3 s\u00fctiket. Az els\u0151 r\u00e9szben szerepl\u0151 s\u00fctik t\u00f6bbnyire a weboldal megfelel\u0151 m\u0171k\u00f6d\u00e9s\u00e9hez sz\u00fcks\u00e9gesek, \u00e9s nem gy\u0171jtenek semmilyen szem\u00e9lyazonos\u00edt\u00e1sra alkalmas adatot.<\/p>\n\n\n\n<p>A weboldalunkon haszn\u00e1lt harmadik f\u00e9lt\u0151l sz\u00e1rmaz\u00f3 s\u00fctik els\u0151sorban a weboldal m\u0171k\u00f6d\u00e9s\u00e9nek meg\u00e9rt\u00e9s\u00e9re, a weboldalunkkal val\u00f3 interakci\u00f3kra, szolg\u00e1ltat\u00e1saink biztons\u00e1g\u00e1nak meg\u0151rz\u00e9s\u00e9re, valamint az \u00d6n sz\u00e1m\u00e1ra relev\u00e1ns hirdet\u00e9sek biztos\u00edt\u00e1s\u00e1ra szolg\u00e1lnak. \u00e9s \u00e1ltal\u00e1ban v\u00e9ve jobb \u00e9s jobb felhaszn\u00e1l\u00f3v\u00e1 v\u00e1lhat. \u00e9lm\u00e9nyt, \u00e9s seg\u00edt felgyors\u00edtani az \u00d6n j\u00f6v\u0151beli interakci\u00f3it a weboldalunkkal.<\/p>\n\n\n\n<h3 class=\"wp-block-heading\">Milyen t\u00edpus\u00fa s\u00fctiket haszn\u00e1lunk?<\/h3>\n\n\n\n<p>L\u00e9nyeges: N\u00e9h\u00e1ny cookie elengedhetetlen a weboldalunk teljes funkcionalit\u00e1s\u00e1nak megtapasztal\u00e1s\u00e1hoz. Ezek lehet\u0151v\u00e9 teszik sz\u00e1munkra a felhaszn\u00e1l\u00f3i munkamenetek fenntart\u00e1s\u00e1t \u00e9s a biztons\u00e1gi fenyeget\u00e9sek megel\u0151z\u00e9s\u00e9t. Nem gy\u0171jtenek vagy t\u00e1rolnak szem\u00e9lyes adatokat. Ezek a s\u00fctik p\u00e9ld\u00e1ul lehet\u0151v\u00e9 teszik, hogy bejelentkezzen a fi\u00f3kj\u00e1ba. \u00e9s tegye a term\u00e9keket a kosar\u00e1ba. \u00e9s v\u00e1s\u00e1roljon biztons\u00e1gosan.<\/p>\n\n\n\n<p>Statisztik\u00e1k: ezek a s\u00fctik olyan inform\u00e1ci\u00f3kat t\u00e1rolnak, mint p\u00e9ld\u00e1ul a weboldal l\u00e1togat\u00f3inak sz\u00e1ma, az egyedi l\u00e1togat\u00f3k sz\u00e1ma, a weboldal mely oldalainak l\u00e1togat\u00e1sa, a l\u00e1togat\u00e1s forr\u00e1sa stb. Ezek az adatok seg\u00edtenek meg\u00e9rteni \u00e9s elemezni a weboldal teljes\u00edtm\u00e9ny\u00e9t. \u00e9s hol van sz\u00fcks\u00e9g jav\u00edt\u00e1sra.<\/p>\n\n\n\n<p>Marketing: weboldalunkon hirdet\u00e9sek jelennek meg. Ezeket a cookie-kat arra haszn\u00e1ljuk, hogy szem\u00e9lyre szabjuk az \u00d6n sz\u00e1m\u00e1ra megjelen\u00edtett hirdet\u00e9seket, hogy azok \u00e9rtelmesek legyenek az \u00d6n sz\u00e1m\u00e1ra. Ezek a s\u00fctik seg\u00edtenek nyomon k\u00f6vetni a rekl\u00e1mkamp\u00e1nyok hat\u00e9konys\u00e1g\u00e1t is.<\/p>\n\n\n\n<p>Az ezekben a cookie-kban t\u00e1rolt inform\u00e1ci\u00f3kat harmadik f\u00e9l hirdet\u00e9si szolg\u00e1ltat\u00f3k is felhaszn\u00e1lhatj\u00e1k arra, hogy hirdet\u00e9seket jelen\u00edtsenek meg \u00d6nnek \u00e9s m\u00e1s weboldalaknak az \u00d6n b\u00f6ng\u00e9sz\u0151j\u00e9b\u0151l.<\/p>\n\n\n\n<p>Funkcion\u00e1lis: Ezek olyan s\u00fctik, amelyek seg\u00edtenek a weboldalunk bizonyos nem alapvet\u0151 funkci\u00f3it. Ezek k\u00f6z\u00e9 a funkci\u00f3k k\u00f6z\u00e9 tartozik a tartalmak, p\u00e9ld\u00e1ul vide\u00f3k be\u00e1gyaz\u00e1sa vagy a weboldal tartalm\u00e1nak megoszt\u00e1sa a k\u00f6z\u00f6ss\u00e9gi m\u00e9dia platformokon.<\/p>\n\n\n\n<p>El\u0151ny\u00f6k: Ezek a s\u00fctik seg\u00edtenek nek\u00fcnk abban, hogy t\u00e1roljuk az \u00d6n b\u00f6ng\u00e9sz\u00e9si be\u00e1ll\u00edt\u00e1sait \u00e9s preferenci\u00e1it, p\u00e9ld\u00e1ul a nyelvi preferenci\u00e1kat, hogy a j\u00f6v\u0151beni l\u00e1togat\u00e1sai sor\u00e1n jobb \u00e9s hat\u00e9konyabb \u00e9lm\u00e9nyben legyen r\u00e9sze.<\/p>\n\n\n<p>Lista de mai jos detaliaz\u0103 cookie-urile utilizate pe site-ul nostru web.<\/p><table class=\"cookielawinfo-row-cat-table cookielawinfo-classic\"><thead><tr><th class=\"cookielawinfo-column-1\">Cookie<\/th><th class=\"cookielawinfo-column-4\">Description<\/th><\/tr><\/thead><tbody><tr class=\"cookielawinfo-row\"><td class=\"cookielawinfo-column-1\">cookielawinfo-checkbox-analytics<\/td><td class=\"cookielawinfo-column-4\">Ezt a s\u00fctit a GDPR Cookie Consent plugin \u00e1ll\u00edtja be. A s\u00fcti az \"Analytics\" kateg\u00f3ri\u00e1ba tartoz\u00f3 s\u00fctikre vonatkoz\u00f3 felhaszn\u00e1l\u00f3i hozz\u00e1j\u00e1rul\u00e1s t\u00e1rol\u00e1s\u00e1ra szolg\u00e1l.<\/td><\/tr><tr class=\"cookielawinfo-row\"><td class=\"cookielawinfo-column-1\">cookielawinfo-checkbox-functional<\/td><td class=\"cookielawinfo-column-4\">A s\u00fcti a GDPR s\u00fcti hozz\u00e1j\u00e1rul\u00e1s alapj\u00e1n ker\u00fcl be\u00e1ll\u00edt\u00e1sra, hogy r\u00f6gz\u00edtse a felhaszn\u00e1l\u00f3 hozz\u00e1j\u00e1rul\u00e1s\u00e1t a \"Funkcion\u00e1lis\" kateg\u00f3ri\u00e1ba tartoz\u00f3 s\u00fctikhez.<\/td><\/tr><tr class=\"cookielawinfo-row\"><td class=\"cookielawinfo-column-1\">cookielawinfo-checkbox-necessary<\/td><td class=\"cookielawinfo-column-4\">Ezt a s\u00fctit a GDPR Cookie Consent plugin \u00e1ll\u00edtja be. A s\u00fctik a \"Sz\u00fcks\u00e9ges\" kateg\u00f3ri\u00e1ba tartoz\u00f3 s\u00fctikre vonatkoz\u00f3 felhaszn\u00e1l\u00f3i hozz\u00e1j\u00e1rul\u00e1s t\u00e1rol\u00e1s\u00e1ra szolg\u00e1lnak.<\/td><\/tr><tr class=\"cookielawinfo-row\"><td class=\"cookielawinfo-column-1\">cookielawinfo-checkbox-others<\/td><td class=\"cookielawinfo-column-4\">Ezt a s\u00fctit a GDPR Cookie Consent plugin \u00e1ll\u00edtja be. A s\u00fcti az \"Egy\u00e9b\" kateg\u00f3ri\u00e1ba tartoz\u00f3 s\u00fctikre vonatkoz\u00f3 felhaszn\u00e1l\u00f3i hozz\u00e1j\u00e1rul\u00e1s t\u00e1rol\u00e1s\u00e1ra szolg\u00e1l.<\/td><\/tr><tr class=\"cookielawinfo-row\"><td class=\"cookielawinfo-column-1\">cookielawinfo-checkbox-performance<\/td><td class=\"cookielawinfo-column-4\">Ezt a s\u00fctit a GDPR Cookie Consent plugin \u00e1ll\u00edtja be. A cookie a \"Teljes\u00edtm\u00e9ny\" kateg\u00f3ri\u00e1ba tartoz\u00f3 cookie-kra vonatkoz\u00f3 felhaszn\u00e1l\u00f3i hozz\u00e1j\u00e1rul\u00e1s t\u00e1rol\u00e1s\u00e1ra szolg\u00e1l.<\/td><\/tr><tr class=\"cookielawinfo-row\"><td class=\"cookielawinfo-column-1\">megtekintett_cookie_policy<\/td><td class=\"cookielawinfo-column-4\">A cookie-t a GDPR Cookie Consent plugin \u00e1ll\u00edtja be, \u00e9s arra szolg\u00e1l, hogy t\u00e1rolja, hogy a felhaszn\u00e1l\u00f3 hozz\u00e1j\u00e1rult-e a cookie-k haszn\u00e1lat\u00e1hoz. Nem t\u00e1rol szem\u00e9lyes adatokat.<\/td><\/tr><\/tbody><\/table>\n\n\n\n<h3 class=\"wp-block-heading\">Hogyan szab\u00e1lyozhatom a s\u00fctik be\u00e1ll\u00edt\u00e1sait?<\/h3>\n\n\n\n<p>Ha \u00fagy d\u00f6nt, hogy a b\u00f6ng\u00e9sz\u00e9s sor\u00e1n k\u00e9s\u0151bb m\u00f3dos\u00edtani k\u00edv\u00e1nja a be\u00e1ll\u00edt\u00e1sait, akkor kattintson a k\u00e9perny\u0151n az &#8222;Adatv\u00e9delmi \u00e9s s\u00fctikre vonatkoz\u00f3 ir\u00e1nyelvek&#8221; f\u00fclre. Ism\u00e9t megjelenik a hozz\u00e1j\u00e1rul\u00e1sr\u00f3l sz\u00f3l\u00f3 \u00e9rtes\u00edt\u00e9s, amely lehet\u0151v\u00e9 teszi, hogy megv\u00e1ltoztassa a be\u00e1ll\u00edt\u00e1sait, vagy teljesen visszavonja a hozz\u00e1j\u00e1rul\u00e1s\u00e1t.<\/p>\n\n\n\n<p>Ezenk\u00edv\u00fcl a k\u00fcl\u00f6nb\u00f6z\u0151 b\u00f6ng\u00e9sz\u0151k k\u00fcl\u00f6nb\u00f6z\u0151 m\u00f3dszereket k\u00edn\u00e1lnak a webhelyek \u00e1ltal haszn\u00e1lt s\u00fctik blokkol\u00e1s\u00e1ra \u00e9s t\u00f6rl\u00e9s\u00e9re. Megv\u00e1ltoztathatja b\u00f6ng\u00e9sz\u0151je be\u00e1ll\u00edt\u00e1sait a s\u00fctik blokkol\u00e1sa\/t\u00f6rl\u00e9se \u00e9rdek\u00e9ben. Ha t\u00f6bbet szeretne megtudni a s\u00fctik kezel\u00e9s\u00e9r\u0151l \u00e9s t\u00f6rl\u00e9s\u00e9r\u0151l, l\u00e1togasson el a wikipedia.org oldalra, www.allaboutcookies.org.<\/p>\n\n<\/div><\/div>","protected":false},"excerpt":{"rendered":"<p>Mik azok a s\u00fctik? A s\u00fctik olyan kis sz\u00f6veges f\u00e1jlok, amelyek kis inform\u00e1ci\u00f3k t\u00e1rol\u00e1s\u00e1ra szolg\u00e1lnak. Ezeket a k\u00e9sz\u00fcl\u00e9k\u00e9n t\u00e1rolja. amikor a weboldal bet\u00f6lt\u0151dik a b\u00f6ng\u00e9sz\u0151ben. Ezek a s\u00fctik seg\u00edtenek nek\u00fcnk abban, hogy a weboldal megfelel\u0151en m\u0171k\u00f6dj\u00f6n, biztons\u00e1gosabb\u00e1 tegy\u00fck, jobb felhaszn\u00e1l\u00f3i \u00e9lm\u00e9nyt ny\u00fajtsunk, valamint hogy meg\u00e9rts\u00fck, hogyan m\u0171k\u00f6dik a weboldal, \u00e9s elemezz\u00fck, mi m\u0171k\u00f6dik, \u00e9s hol &#8230; <a title=\"Cookie szab\u00e1lyzat\" class=\"read-more\" href=\"https:\/\/popasulursilor.ro\/hu\/cookie-szabalyzat\/\" aria-label=\"Read more about Cookie szab\u00e1lyzat\">Olvass tov\u00e1bb<\/a><\/p>\n","protected":false},"author":1,"featured_media":0,"parent":0,"menu_order":0,"comment_status":"closed","ping_status":"closed","template":"","meta":{"footnotes":""},"class_list":{"0":"post-6074","1":"page","2":"type-page","3":"status-publish","5":"no-featured-image-padding"},"yoast_head":"<!-- This site is optimized with the Yoast SEO plugin v27.1.1 - https:\/\/yoast.com\/product\/yoast-seo-wordpress\/ -->\n<title>Cookie szab\u00e1lyzat - Pensiunea Popasul Ursilor<\/title>\n<meta name=\"robots\" content=\"index, follow, max-snippet:-1, max-image-preview:large, max-video-preview:-1\" \/>\n<link rel=\"canonical\" href=\"https:\/\/popasulursilor.ro\/hu\/cookie-szabalyzat\/\" \/>\n<meta property=\"og:locale\" content=\"hu_HU\" \/>\n<meta property=\"og:type\" content=\"article\" \/>\n<meta property=\"og:title\" content=\"Cookie szab\u00e1lyzat - Pensiunea Popasul Ursilor\" \/>\n<meta property=\"og:description\" content=\"Mik azok a s\u00fctik? A s\u00fctik olyan kis sz\u00f6veges f\u00e1jlok, amelyek kis inform\u00e1ci\u00f3k t\u00e1rol\u00e1s\u00e1ra szolg\u00e1lnak. Ezeket a k\u00e9sz\u00fcl\u00e9k\u00e9n t\u00e1rolja. amikor a weboldal bet\u00f6lt\u0151dik a b\u00f6ng\u00e9sz\u0151ben. Ezek a s\u00fctik seg\u00edtenek nek\u00fcnk abban, hogy a weboldal megfelel\u0151en m\u0171k\u00f6dj\u00f6n, biztons\u00e1gosabb\u00e1 tegy\u00fck, jobb felhaszn\u00e1l\u00f3i \u00e9lm\u00e9nyt ny\u00fajtsunk, valamint hogy meg\u00e9rts\u00fck, hogyan m\u0171k\u00f6dik a weboldal, \u00e9s elemezz\u00fck, mi m\u0171k\u00f6dik, \u00e9s hol ... Olvass tov\u00e1bb\" \/>\n<meta property=\"og:url\" content=\"https:\/\/popasulursilor.ro\/hu\/cookie-szabalyzat\/\" \/>\n<meta property=\"og:site_name\" content=\"Pensiunea Popasul Ursilor\" \/>\n<meta property=\"article:modified_time\" content=\"2022-09-19T11:49:41+00:00\" \/>\n<meta name=\"twitter:card\" content=\"summary_large_image\" \/>\n<meta name=\"twitter:label1\" content=\"Becs\u00fclt olvas\u00e1si id\u0151\" \/>\n\t<meta name=\"twitter:data1\" content=\"5 perc\" \/>\n<script type=\"application\/ld+json\" class=\"yoast-schema-graph\">{\"@context\":\"https:\/\/schema.org\",\"@graph\":[{\"@type\":\"WebPage\",\"@id\":\"https:\/\/popasulursilor.ro\/hu\/cookie-szabalyzat\/\",\"url\":\"https:\/\/popasulursilor.ro\/hu\/cookie-szabalyzat\/\",\"name\":\"Cookie szab\u00e1lyzat - Pensiunea Popasul Ursilor\",\"isPartOf\":{\"@id\":\"https:\/\/popasulursilor.ro\/hu\/#website\"},\"datePublished\":\"2022-09-19T11:49:40+00:00\",\"dateModified\":\"2022-09-19T11:49:41+00:00\",\"breadcrumb\":{\"@id\":\"https:\/\/popasulursilor.ro\/hu\/cookie-szabalyzat\/#breadcrumb\"},\"inLanguage\":\"hu\",\"potentialAction\":[{\"@type\":\"ReadAction\",\"target\":[\"https:\/\/popasulursilor.ro\/hu\/cookie-szabalyzat\/\"]}]},{\"@type\":\"BreadcrumbList\",\"@id\":\"https:\/\/popasulursilor.ro\/hu\/cookie-szabalyzat\/#breadcrumb\",\"itemListElement\":[{\"@type\":\"ListItem\",\"position\":1,\"name\":\"Prima pagin\u0103\",\"item\":\"https:\/\/popasulursilor.ro\/hu\/\"},{\"@type\":\"ListItem\",\"position\":2,\"name\":\"Cookie szab\u00e1lyzat\"}]},{\"@type\":\"WebSite\",\"@id\":\"https:\/\/popasulursilor.ro\/hu\/#website\",\"url\":\"https:\/\/popasulursilor.ro\/hu\/\",\"name\":\"Pensiunea Popasul Ursilor\",\"description\":\"Cazare langa Pestera Ursilor Muntii Apuseni\",\"potentialAction\":[{\"@type\":\"SearchAction\",\"target\":{\"@type\":\"EntryPoint\",\"urlTemplate\":\"https:\/\/popasulursilor.ro\/hu\/?s={search_term_string}\"},\"query-input\":{\"@type\":\"PropertyValueSpecification\",\"valueRequired\":true,\"valueName\":\"search_term_string\"}}],\"inLanguage\":\"hu\"}]}<\/script>\n<!-- \/ Yoast SEO plugin. -->","yoast_head_json":{"title":"Cookie szab\u00e1lyzat - Pensiunea Popasul Ursilor","robots":{"index":"index","follow":"follow","max-snippet":"max-snippet:-1","max-image-preview":"max-image-preview:large","max-video-preview":"max-video-preview:-1"},"canonical":"https:\/\/popasulursilor.ro\/hu\/cookie-szabalyzat\/","og_locale":"hu_HU","og_type":"article","og_title":"Cookie szab\u00e1lyzat - Pensiunea Popasul Ursilor","og_description":"Mik azok a s\u00fctik? A s\u00fctik olyan kis sz\u00f6veges f\u00e1jlok, amelyek kis inform\u00e1ci\u00f3k t\u00e1rol\u00e1s\u00e1ra szolg\u00e1lnak. Ezeket a k\u00e9sz\u00fcl\u00e9k\u00e9n t\u00e1rolja. amikor a weboldal bet\u00f6lt\u0151dik a b\u00f6ng\u00e9sz\u0151ben. Ezek a s\u00fctik seg\u00edtenek nek\u00fcnk abban, hogy a weboldal megfelel\u0151en m\u0171k\u00f6dj\u00f6n, biztons\u00e1gosabb\u00e1 tegy\u00fck, jobb felhaszn\u00e1l\u00f3i \u00e9lm\u00e9nyt ny\u00fajtsunk, valamint hogy meg\u00e9rts\u00fck, hogyan m\u0171k\u00f6dik a weboldal, \u00e9s elemezz\u00fck, mi m\u0171k\u00f6dik, \u00e9s hol ... Olvass tov\u00e1bb","og_url":"https:\/\/popasulursilor.ro\/hu\/cookie-szabalyzat\/","og_site_name":"Pensiunea Popasul Ursilor","article_modified_time":"2022-09-19T11:49:41+00:00","twitter_card":"summary_large_image","twitter_misc":{"Becs\u00fclt olvas\u00e1si id\u0151":"5 perc"},"schema":{"@context":"https:\/\/schema.org","@graph":[{"@type":"WebPage","@id":"https:\/\/popasulursilor.ro\/hu\/cookie-szabalyzat\/","url":"https:\/\/popasulursilor.ro\/hu\/cookie-szabalyzat\/","name":"Cookie szab\u00e1lyzat - Pensiunea Popasul Ursilor","isPartOf":{"@id":"https:\/\/popasulursilor.ro\/hu\/#website"},"datePublished":"2022-09-19T11:49:40+00:00","dateModified":"2022-09-19T11:49:41+00:00","breadcrumb":{"@id":"https:\/\/popasulursilor.ro\/hu\/cookie-szabalyzat\/#breadcrumb"},"inLanguage":"hu","potentialAction":[{"@type":"ReadAction","target":["https:\/\/popasulursilor.ro\/hu\/cookie-szabalyzat\/"]}]},{"@type":"BreadcrumbList","@id":"https:\/\/popasulursilor.ro\/hu\/cookie-szabalyzat\/#breadcrumb","itemListElement":[{"@type":"ListItem","position":1,"name":"Prima pagin\u0103","item":"https:\/\/popasulursilor.ro\/hu\/"},{"@type":"ListItem","position":2,"name":"Cookie szab\u00e1lyzat"}]},{"@type":"WebSite","@id":"https:\/\/popasulursilor.ro\/hu\/#website","url":"https:\/\/popasulursilor.ro\/hu\/","name":"Pensiunea Popasul Ursilor","description":"Cazare langa Pestera Ursilor Muntii Apuseni","potentialAction":[{"@type":"SearchAction","target":{"@type":"EntryPoint","urlTemplate":"https:\/\/popasulursilor.ro\/hu\/?s={search_term_string}"},"query-input":{"@type":"PropertyValueSpecification","valueRequired":true,"valueName":"search_term_string"}}],"inLanguage":"hu"}]}},"_links":{"self":[{"href":"https:\/\/popasulursilor.ro\/hu\/wp-json\/wp\/v2\/pages\/6074","targetHints":{"allow":["GET"]}}],"collection":[{"href":"https:\/\/popasulursilor.ro\/hu\/wp-json\/wp\/v2\/pages"}],"about":[{"href":"https:\/\/popasulursilor.ro\/hu\/wp-json\/wp\/v2\/types\/page"}],"author":[{"embeddable":true,"href":"https:\/\/popasulursilor.ro\/hu\/wp-json\/wp\/v2\/users\/1"}],"replies":[{"embeddable":true,"href":"https:\/\/popasulursilor.ro\/hu\/wp-json\/wp\/v2\/comments?post=6074"}],"version-history":[{"count":1,"href":"https:\/\/popasulursilor.ro\/hu\/wp-json\/wp\/v2\/pages\/6074\/revisions"}],"predecessor-version":[{"id":6076,"href":"https:\/\/popasulursilor.ro\/hu\/wp-json\/wp\/v2\/pages\/6074\/revisions\/6076"}],"wp:attachment":[{"href":"https:\/\/popasulursilor.ro\/hu\/wp-json\/wp\/v2\/media?parent=6074"}],"curies":[{"name":"wp","href":"https:\/\/api.w.org\/{rel}","templated":true}]}}