{"id":6161,"date":"2022-09-29T07:00:15","date_gmt":"2022-09-29T07:00:15","guid":{"rendered":"https:\/\/popasulursilor.ro\/szilveszter\/"},"modified":"2024-12-05T14:53:38","modified_gmt":"2024-12-05T14:53:38","slug":"szilveszter","status":"publish","type":"page","link":"https:\/\/popasulursilor.ro\/hu\/szilveszter\/","title":{"rendered":"Szilveszter"},"content":{"rendered":"\n<p>Megh\u00edvjuk \u00d6nt, hogy \u00fcnnepelje vel\u00fcnk az \u00faj \u00e9vet egy k\u00fcl\u00f6nleges zenei \u00e9s vid\u00e1m programmal, hagyom\u00e1nyos \u00e9telekkel \u00e9s italokkal, a ter\u00fclet saj\u00e1tos szok\u00e1saival.<\/p>\n\n\n\n<h2 class=\"wp-block-heading\">&#8222;Apuseni Szilveszter 2024&#8221; szolg\u00e1ltat\u00e1scsomag:<\/h2>\n\n\n\n<ul class=\"wp-block-list\">\n<li>Sz\u00e1ll\u00e1s 3 \u00e9jszak\u00e1ra 2024. December 30- 2025. Janu\u00e1r 2<\/li>\n\n\n\n<li>F\u00e9lpanzi\u00f3 (reggeli \u00e9s vacsora)<\/li>\n\n\n\n<li>Szilveszter este t\u00f6bb fog\u00e1sos \u00fcnnepi men\u00fc \u00e9s egy fergeteges hangulat\u00fa buli DJ k\u00eds\u00e9ret\u00e9ben<\/li>\n<\/ul>\n\n\n\n<h3 class=\"wp-block-heading\"> PROGRAM:<\/h3>\n\n\n\n<p><strong>Els\u0151 nap,  December 30<\/strong><\/p>\n\n\n\n<ul class=\"wp-block-list\">\n<li>Vend\u00e9gv\u00e1r\u00e1s \u00e9s sz\u00e1ll\u00e1s elfoglal\u00e1sa<\/li>\n\n\n\n<li>\u00dcdv\u00f6zl\u0151 vacsora hagyom\u00e1nyos \u00e9telekkel<\/li>\n<\/ul>\n\n\n\n<p><strong>M\u00e1sodik nap, December 31<\/strong><\/p>\n\n\n\n<ul class=\"wp-block-list\">\n<li>Hagyom\u00e1nyos reggeli<\/li>\n\n\n\n<li>T\u00f6bb fog\u00e1sos \u00fcnnepi szilveszteri vacsora, mulats\u00e1g DJ-vel<\/li>\n<\/ul>\n\n\n\n<p><strong>Harmadik nap,  Janu\u00e1r 1<\/strong><\/p>\n\n\n\n<ul class=\"wp-block-list\">\n<li><a href=\"https:\/\/hu.wikipedia.org\/wiki\/%C3%9A\">\u00da<\/a>j\u00e9vi Brunch<\/li>\n\n\n\n<li>Hagyom\u00e1nyos vacsora<\/li>\n<\/ul>\n\n\n\n<p><strong>Negyedik nap, Janu\u00e1r 2<\/strong><\/p>\n\n\n\n<ul class=\"wp-block-list\">\n<li>Hagyom\u00e1nyos reggeli<\/li>\n\n\n\n<li>Vend\u00e9gek t\u00e1voz\u00e1sa.<\/li>\n<\/ul>\n\n\n\n<p>Az \u00e9tkez\u00e9sek el\u0151re meghat\u00e1rozott men\u00fc alapj\u00e1n ker\u00fclnek felszolg\u00e1l\u00e1sra. Hagyom\u00e1nyos \u00e9s modern rom\u00e1n \u00e9teleket, szilveszter este alkoholos \u00e9s alkoholmentes italok gazdag \u00e9s v\u00e1ltozatos v\u00e1laszt\u00e9k\u00e1t k\u00edn\u00e1lj\u00e1k.<\/p>\n\n\n\n<p><strong> <a href=\"https:\/\/hu.wikipedia.org\/wiki\/%C3%81\">\u00c1<\/a>raj\u00e1nlat  1250 RON \/ f\u0151<\/strong><br><strong> Gyerekeknek 12 \u00e9ves kor alatt 50% kedvezm\u00e9ny<\/strong><\/p>\n","protected":false},"excerpt":{"rendered":"<p>Megh\u00edvjuk \u00d6nt, hogy \u00fcnnepelje vel\u00fcnk az \u00faj \u00e9vet egy k\u00fcl\u00f6nleges zenei \u00e9s vid\u00e1m programmal, hagyom\u00e1nyos \u00e9telekkel \u00e9s italokkal, a ter\u00fclet saj\u00e1tos szok\u00e1saival. &#8222;Apuseni Szilveszter 2024&#8221; szolg\u00e1ltat\u00e1scsomag: PROGRAM: Els\u0151 nap, December 30 M\u00e1sodik nap, December 31 Harmadik nap, Janu\u00e1r 1 Negyedik nap, Janu\u00e1r 2 Az \u00e9tkez\u00e9sek el\u0151re meghat\u00e1rozott men\u00fc alapj\u00e1n ker\u00fclnek felszolg\u00e1l\u00e1sra. Hagyom\u00e1nyos \u00e9s modern rom\u00e1n &#8230; <a title=\"Szilveszter\" class=\"read-more\" href=\"https:\/\/popasulursilor.ro\/hu\/szilveszter\/\" aria-label=\"Read more about Szilveszter\">Olvass tov\u00e1bb<\/a><\/p>\n","protected":false},"author":1,"featured_media":0,"parent":0,"menu_order":0,"comment_status":"closed","ping_status":"closed","template":"","meta":{"footnotes":""},"class_list":{"0":"post-6161","1":"page","2":"type-page","3":"status-publish","5":"no-featured-image-padding"},"yoast_head":"<!-- This site is optimized with the Yoast SEO plugin v27.1.1 - https:\/\/yoast.com\/product\/yoast-seo-wordpress\/ -->\n<title>Szilveszter - Pensiunea Popasul Ursilor<\/title>\n<meta name=\"robots\" content=\"index, follow, max-snippet:-1, max-image-preview:large, max-video-preview:-1\" \/>\n<link rel=\"canonical\" href=\"https:\/\/popasulursilor.ro\/hu\/szilveszter\/\" \/>\n<meta property=\"og:locale\" content=\"hu_HU\" \/>\n<meta property=\"og:type\" content=\"article\" \/>\n<meta property=\"og:title\" content=\"Szilveszter - Pensiunea Popasul Ursilor\" \/>\n<meta property=\"og:description\" content=\"Megh\u00edvjuk \u00d6nt, hogy \u00fcnnepelje vel\u00fcnk az \u00faj \u00e9vet egy k\u00fcl\u00f6nleges zenei \u00e9s vid\u00e1m programmal, hagyom\u00e1nyos \u00e9telekkel \u00e9s italokkal, a ter\u00fclet saj\u00e1tos szok\u00e1saival. &#8222;Apuseni Szilveszter 2024&#8221; szolg\u00e1ltat\u00e1scsomag: PROGRAM: Els\u0151 nap, December 30 M\u00e1sodik nap, December 31 Harmadik nap, Janu\u00e1r 1 Negyedik nap, Janu\u00e1r 2 Az \u00e9tkez\u00e9sek el\u0151re meghat\u00e1rozott men\u00fc alapj\u00e1n ker\u00fclnek felszolg\u00e1l\u00e1sra. Hagyom\u00e1nyos \u00e9s modern rom\u00e1n ... Olvass tov\u00e1bb\" \/>\n<meta property=\"og:url\" content=\"https:\/\/popasulursilor.ro\/hu\/szilveszter\/\" \/>\n<meta property=\"og:site_name\" content=\"Pensiunea Popasul Ursilor\" \/>\n<meta property=\"article:modified_time\" content=\"2024-12-05T14:53:38+00:00\" \/>\n<meta name=\"twitter:card\" content=\"summary_large_image\" \/>\n<meta name=\"twitter:label1\" content=\"Becs\u00fclt olvas\u00e1si id\u0151\" \/>\n\t<meta name=\"twitter:data1\" content=\"1 perc\" \/>\n<script type=\"application\/ld+json\" class=\"yoast-schema-graph\">{\"@context\":\"https:\/\/schema.org\",\"@graph\":[{\"@type\":\"WebPage\",\"@id\":\"https:\/\/popasulursilor.ro\/hu\/szilveszter\/\",\"url\":\"https:\/\/popasulursilor.ro\/hu\/szilveszter\/\",\"name\":\"Szilveszter - Pensiunea Popasul Ursilor\",\"isPartOf\":{\"@id\":\"https:\/\/popasulursilor.ro\/hu\/#website\"},\"datePublished\":\"2022-09-29T07:00:15+00:00\",\"dateModified\":\"2024-12-05T14:53:38+00:00\",\"breadcrumb\":{\"@id\":\"https:\/\/popasulursilor.ro\/hu\/szilveszter\/#breadcrumb\"},\"inLanguage\":\"hu\",\"potentialAction\":[{\"@type\":\"ReadAction\",\"target\":[\"https:\/\/popasulursilor.ro\/hu\/szilveszter\/\"]}]},{\"@type\":\"BreadcrumbList\",\"@id\":\"https:\/\/popasulursilor.ro\/hu\/szilveszter\/#breadcrumb\",\"itemListElement\":[{\"@type\":\"ListItem\",\"position\":1,\"name\":\"Prima pagin\u0103\",\"item\":\"https:\/\/popasulursilor.ro\/hu\/\"},{\"@type\":\"ListItem\",\"position\":2,\"name\":\"Szilveszter\"}]},{\"@type\":\"WebSite\",\"@id\":\"https:\/\/popasulursilor.ro\/hu\/#website\",\"url\":\"https:\/\/popasulursilor.ro\/hu\/\",\"name\":\"Pensiunea Popasul Ursilor\",\"description\":\"Cazare langa Pestera Ursilor Muntii Apuseni\",\"potentialAction\":[{\"@type\":\"SearchAction\",\"target\":{\"@type\":\"EntryPoint\",\"urlTemplate\":\"https:\/\/popasulursilor.ro\/hu\/?s={search_term_string}\"},\"query-input\":{\"@type\":\"PropertyValueSpecification\",\"valueRequired\":true,\"valueName\":\"search_term_string\"}}],\"inLanguage\":\"hu\"}]}<\/script>\n<!-- \/ Yoast SEO plugin. -->","yoast_head_json":{"title":"Szilveszter - Pensiunea Popasul Ursilor","robots":{"index":"index","follow":"follow","max-snippet":"max-snippet:-1","max-image-preview":"max-image-preview:large","max-video-preview":"max-video-preview:-1"},"canonical":"https:\/\/popasulursilor.ro\/hu\/szilveszter\/","og_locale":"hu_HU","og_type":"article","og_title":"Szilveszter - Pensiunea Popasul Ursilor","og_description":"Megh\u00edvjuk \u00d6nt, hogy \u00fcnnepelje vel\u00fcnk az \u00faj \u00e9vet egy k\u00fcl\u00f6nleges zenei \u00e9s vid\u00e1m programmal, hagyom\u00e1nyos \u00e9telekkel \u00e9s italokkal, a ter\u00fclet saj\u00e1tos szok\u00e1saival. &#8222;Apuseni Szilveszter 2024&#8221; szolg\u00e1ltat\u00e1scsomag: PROGRAM: Els\u0151 nap, December 30 M\u00e1sodik nap, December 31 Harmadik nap, Janu\u00e1r 1 Negyedik nap, Janu\u00e1r 2 Az \u00e9tkez\u00e9sek el\u0151re meghat\u00e1rozott men\u00fc alapj\u00e1n ker\u00fclnek felszolg\u00e1l\u00e1sra. Hagyom\u00e1nyos \u00e9s modern rom\u00e1n ... Olvass tov\u00e1bb","og_url":"https:\/\/popasulursilor.ro\/hu\/szilveszter\/","og_site_name":"Pensiunea Popasul Ursilor","article_modified_time":"2024-12-05T14:53:38+00:00","twitter_card":"summary_large_image","twitter_misc":{"Becs\u00fclt olvas\u00e1si id\u0151":"1 perc"},"schema":{"@context":"https:\/\/schema.org","@graph":[{"@type":"WebPage","@id":"https:\/\/popasulursilor.ro\/hu\/szilveszter\/","url":"https:\/\/popasulursilor.ro\/hu\/szilveszter\/","name":"Szilveszter - Pensiunea Popasul Ursilor","isPartOf":{"@id":"https:\/\/popasulursilor.ro\/hu\/#website"},"datePublished":"2022-09-29T07:00:15+00:00","dateModified":"2024-12-05T14:53:38+00:00","breadcrumb":{"@id":"https:\/\/popasulursilor.ro\/hu\/szilveszter\/#breadcrumb"},"inLanguage":"hu","potentialAction":[{"@type":"ReadAction","target":["https:\/\/popasulursilor.ro\/hu\/szilveszter\/"]}]},{"@type":"BreadcrumbList","@id":"https:\/\/popasulursilor.ro\/hu\/szilveszter\/#breadcrumb","itemListElement":[{"@type":"ListItem","position":1,"name":"Prima pagin\u0103","item":"https:\/\/popasulursilor.ro\/hu\/"},{"@type":"ListItem","position":2,"name":"Szilveszter"}]},{"@type":"WebSite","@id":"https:\/\/popasulursilor.ro\/hu\/#website","url":"https:\/\/popasulursilor.ro\/hu\/","name":"Pensiunea Popasul Ursilor","description":"Cazare langa Pestera Ursilor Muntii Apuseni","potentialAction":[{"@type":"SearchAction","target":{"@type":"EntryPoint","urlTemplate":"https:\/\/popasulursilor.ro\/hu\/?s={search_term_string}"},"query-input":{"@type":"PropertyValueSpecification","valueRequired":true,"valueName":"search_term_string"}}],"inLanguage":"hu"}]}},"_links":{"self":[{"href":"https:\/\/popasulursilor.ro\/hu\/wp-json\/wp\/v2\/pages\/6161","targetHints":{"allow":["GET"]}}],"collection":[{"href":"https:\/\/popasulursilor.ro\/hu\/wp-json\/wp\/v2\/pages"}],"about":[{"href":"https:\/\/popasulursilor.ro\/hu\/wp-json\/wp\/v2\/types\/page"}],"author":[{"embeddable":true,"href":"https:\/\/popasulursilor.ro\/hu\/wp-json\/wp\/v2\/users\/1"}],"replies":[{"embeddable":true,"href":"https:\/\/popasulursilor.ro\/hu\/wp-json\/wp\/v2\/comments?post=6161"}],"version-history":[{"count":10,"href":"https:\/\/popasulursilor.ro\/hu\/wp-json\/wp\/v2\/pages\/6161\/revisions"}],"predecessor-version":[{"id":6666,"href":"https:\/\/popasulursilor.ro\/hu\/wp-json\/wp\/v2\/pages\/6161\/revisions\/6666"}],"wp:attachment":[{"href":"https:\/\/popasulursilor.ro\/hu\/wp-json\/wp\/v2\/media?parent=6161"}],"curies":[{"name":"wp","href":"https:\/\/api.w.org\/{rel}","templated":true}]}}