{"id":6385,"date":"2022-10-07T19:28:07","date_gmt":"2022-10-07T19:28:07","guid":{"rendered":"https:\/\/popasulursilor.ro\/casa\/"},"modified":"2024-12-07T14:37:25","modified_gmt":"2024-12-07T14:37:25","slug":"casa","status":"publish","type":"page","link":"https:\/\/popasulursilor.ro\/it\/","title":{"rendered":"home"},"content":{"rendered":"\n<div class=\"wp-block-media-text alignfull is-stacked-on-mobile has-contrast-color has-global-color-9-background-color has-text-color has-background\"><figure class=\"wp-block-media-text__media\"><img loading=\"lazy\" decoding=\"async\" width=\"1024\" height=\"858\" src=\"https:\/\/popasulursilor.ro\/wp-content\/uploads\/2022\/09\/pensiune-cazare-apuseni-1024x858.jpg\" alt=\"Popasul Ursilor Pension, una splendida pensione che offre ottime condizioni di alloggio sui Monti Apuseni\" class=\"wp-image-5418 size-full\" srcset=\"https:\/\/popasulursilor.ro\/wp-content\/uploads\/2022\/09\/pensiune-cazare-apuseni-1024x858.jpg 1024w, https:\/\/popasulursilor.ro\/wp-content\/uploads\/2022\/09\/pensiune-cazare-apuseni-300x251.jpg 300w, https:\/\/popasulursilor.ro\/wp-content\/uploads\/2022\/09\/pensiune-cazare-apuseni-768x643.jpg 768w, https:\/\/popasulursilor.ro\/wp-content\/uploads\/2022\/09\/pensiune-cazare-apuseni-1536x1286.jpg 1536w, https:\/\/popasulursilor.ro\/wp-content\/uploads\/2022\/09\/pensiune-cazare-apuseni-200x168.jpg 200w, https:\/\/popasulursilor.ro\/wp-content\/uploads\/2022\/09\/pensiune-cazare-apuseni.jpg 1920w\" sizes=\"auto, (max-width: 1024px) 100vw, 1024px\" \/><\/figure><div class=\"wp-block-media-text__content\">\n<div style=\"height:30px\" aria-hidden=\"true\" class=\"wp-block-spacer\"><\/div>\n\n\n\n<h1 class=\"gb-headline gb-headline-d38ab841 gb-headline-text\">Alloggio nelle Montagne Apuseni presso casale POPASUL URSILOR<\/h1>\n\n\n\n<h3 class=\"wp-block-heading\">Trascorrere un soggiorno da favola al 0 k della Grotta dell&#8217;Orso<\/h3>\n\n\n\n<p class=\"has-small-font-size\">Potreste pensare che stiamo scherzando, ma vedrete che \u00e8 proprio cos\u00ec! Qui, nelle motagne Apuseni, non si scherza quando si parla di ospiti, ospitalit\u00e0, pulizia, cibo e&#8230; palinca!<\/p>\n\n\n\n<p class=\"has-small-font-size\">Ci aspettiamo che vi convinciate<\/p>\n\n\n\n<p class=\"has-small-font-size\">Poi probabilmente esplorerete i dintorni e scoprirete la natura come dovrebbe essere ovunque, selvaggia, eccitante, bella, fresca, scoprirete <strong>Parco Naturale Apuseni<\/strong>, area protetta di interesse nazionale, <strong>Grotta dell&#8217;Orso<\/strong>, Burgo Ponor, Burgo Radesei, Bisericuta Motului, il Ghiacciaio del Fuoco Vivente, <strong>Grotta Ghetarul Scarisoara<\/strong>Museo Etnografico &#8211; Horea e Aurel Flutur, oltre a molti altri.<a href=\"https:\/\/popasulursilor.ro\/it\/attrazioni\/\">  attrazioni locali<\/a>.<\/p>\n\n\n\n<div style=\"height:30px\" aria-hidden=\"true\" class=\"wp-block-spacer\"><\/div>\n<\/div><\/div>\n\n\n<div class=\"gb-container gb-container-f642de2b\" id=\"listings\"><div class=\"gb-inside-container\">\n\n<h3 class=\"gb-headline gb-headline-f2a2a107 gb-headline-text\">Avete tutte le ragioni per restare con noi!<\/h3>\n\n\n\n<p class=\"has-text-align-center\">&#8230;e ve ne daremo ancora, quindi portate i vostri amici la prossima volta!<\/p>\n\n\n<div class=\"gb-grid-wrapper gb-grid-wrapper-5e220f2d\">\n<div class=\"gb-grid-column gb-grid-column-7dfe351b\"><div class=\"gb-container gb-container-7dfe351b\"><div class=\"gb-inside-container\">\n\n<figure class=\"wp-block-image size-full\"><img loading=\"lazy\" decoding=\"async\" width=\"1500\" height=\"1001\" src=\"https:\/\/popasulursilor.ro\/wp-content\/uploads\/2022\/09\/cazare-arieseni.jpg\" alt=\"\" class=\"wp-image-5541\" srcset=\"https:\/\/popasulursilor.ro\/wp-content\/uploads\/2022\/09\/cazare-arieseni.jpg 1500w, https:\/\/popasulursilor.ro\/wp-content\/uploads\/2022\/09\/cazare-arieseni-300x200.jpg 300w, https:\/\/popasulursilor.ro\/wp-content\/uploads\/2022\/09\/cazare-arieseni-1024x683.jpg 1024w, https:\/\/popasulursilor.ro\/wp-content\/uploads\/2022\/09\/cazare-arieseni-768x513.jpg 768w, https:\/\/popasulursilor.ro\/wp-content\/uploads\/2022\/09\/cazare-arieseni-200x133.jpg 200w\" sizes=\"auto, (max-width: 1500px) 100vw, 1500px\" \/><\/figure>\n\n\n\n<h4 class=\"gb-headline gb-headline-fe1d47b3 gb-headline-text\">24 camere spaziose e pulite con bagno privato<\/h4>\n\n\n\n<p class=\"gb-headline gb-headline-7f33dc80 gb-headline-text\"><meta charset=\"utf-8\"><\/meta>Camere con 2, 3, 5, 6 letti <\/p>\n\n<\/div><\/div><\/div>\n\n<div class=\"gb-grid-column gb-grid-column-24671cb1\"><div class=\"gb-container gb-container-24671cb1\"><div class=\"gb-inside-container\">\n\n<figure class=\"wp-block-image size-large\"><img loading=\"lazy\" decoding=\"async\" width=\"1024\" height=\"683\" src=\"https:\/\/popasulursilor.ro\/wp-content\/uploads\/2022\/09\/cazare-pensiuni-arieseni-popasul-ursilor-1024x683.jpg\" alt=\"Alloggio Pensione Popasul Ursilor Arieseni, vicino alla Grotta dell'Orso, Monti Apuseni\" class=\"wp-image-5516\" srcset=\"https:\/\/popasulursilor.ro\/wp-content\/uploads\/2022\/09\/cazare-pensiuni-arieseni-popasul-ursilor-1024x683.jpg 1024w, https:\/\/popasulursilor.ro\/wp-content\/uploads\/2022\/09\/cazare-pensiuni-arieseni-popasul-ursilor-300x200.jpg 300w, https:\/\/popasulursilor.ro\/wp-content\/uploads\/2022\/09\/cazare-pensiuni-arieseni-popasul-ursilor-768x512.jpg 768w, https:\/\/popasulursilor.ro\/wp-content\/uploads\/2022\/09\/cazare-pensiuni-arieseni-popasul-ursilor-1536x1024.jpg 1536w, https:\/\/popasulursilor.ro\/wp-content\/uploads\/2022\/09\/cazare-pensiuni-arieseni-popasul-ursilor-200x133.jpg 200w, https:\/\/popasulursilor.ro\/wp-content\/uploads\/2022\/09\/cazare-pensiuni-arieseni-popasul-ursilor.jpg 1920w\" sizes=\"auto, (max-width: 1024px) 100vw, 1024px\" \/><\/figure>\n\n\n\n<h4 class=\"gb-headline gb-headline-636f1ed4 gb-headline-text\"><meta charset=\"utf-8\"><meta charset=\"utf-8\">Ampie e accoglienti terrazze con&#8230;vista<\/h4>\n\n\n\n<p class=\"gb-headline gb-headline-d7d1c745 gb-headline-text\"><meta charset=\"utf-8\">Meravigliosi paesaggi naturali possono essere ammirati direttamente dalla terrazza<\/p>\n\n<\/div><\/div><\/div>\n\n<div class=\"gb-grid-column gb-grid-column-1395e122\"><div class=\"gb-container gb-container-1395e122\"><div class=\"gb-inside-container\">\n\n<figure class=\"wp-block-image size-large\"><img loading=\"lazy\" decoding=\"async\" width=\"1024\" height=\"683\" src=\"https:\/\/popasulursilor.ro\/wp-content\/uploads\/2022\/09\/pensiune-cu-restaurant-arieseni-1024x683.jpg\" alt=\"Pensione con ristorante e sala eventi a Arieseni, Monti Apuseni\" class=\"wp-image-5568\" srcset=\"https:\/\/popasulursilor.ro\/wp-content\/uploads\/2022\/09\/pensiune-cu-restaurant-arieseni-1024x683.jpg 1024w, https:\/\/popasulursilor.ro\/wp-content\/uploads\/2022\/09\/pensiune-cu-restaurant-arieseni-300x200.jpg 300w, https:\/\/popasulursilor.ro\/wp-content\/uploads\/2022\/09\/pensiune-cu-restaurant-arieseni-768x512.jpg 768w, https:\/\/popasulursilor.ro\/wp-content\/uploads\/2022\/09\/pensiune-cu-restaurant-arieseni-200x133.jpg 200w, https:\/\/popasulursilor.ro\/wp-content\/uploads\/2022\/09\/pensiune-cu-restaurant-arieseni.jpg 1500w\" sizes=\"auto, (max-width: 1024px) 100vw, 1024px\" \/><\/figure>\n\n\n\n<h4 class=\"gb-headline gb-headline-1acaee83 gb-headline-text\">Sala eventi con 200 posti a sedere. Possiamo espanderci di altri 150 posti<\/h4>\n\n\n\n<p class=\"gb-headline gb-headline-67a62c4c gb-headline-text\"><meta charset=\"utf-8\"><\/meta>Organizzate il vostro evento proprio nel cuore delle montagne Apuseni<\/p>\n\n<\/div><\/div><\/div>\n\n<div class=\"gb-grid-column gb-grid-column-c4b9d987\"><div class=\"gb-container gb-container-c4b9d987\"><div class=\"gb-inside-container\">\n\n<figure class=\"wp-block-image size-large\"><img loading=\"lazy\" decoding=\"async\" width=\"1024\" height=\"692\" src=\"https:\/\/popasulursilor.ro\/wp-content\/uploads\/2022\/09\/cazare-popasul-ursilor-apuseni-1024x692.jpg\" alt=\"Alloggio Popasul Ursilor, Arieseni\" class=\"wp-image-5546\" srcset=\"https:\/\/popasulursilor.ro\/wp-content\/uploads\/2022\/09\/cazare-popasul-ursilor-apuseni-1024x692.jpg 1024w, https:\/\/popasulursilor.ro\/wp-content\/uploads\/2022\/09\/cazare-popasul-ursilor-apuseni-300x203.jpg 300w, https:\/\/popasulursilor.ro\/wp-content\/uploads\/2022\/09\/cazare-popasul-ursilor-apuseni-768x519.jpg 768w, https:\/\/popasulursilor.ro\/wp-content\/uploads\/2022\/09\/cazare-popasul-ursilor-apuseni-200x135.jpg 200w, https:\/\/popasulursilor.ro\/wp-content\/uploads\/2022\/09\/cazare-popasul-ursilor-apuseni.jpg 1500w\" sizes=\"auto, (max-width: 1024px) 100vw, 1024px\" \/><\/figure>\n\n\n\n<h4 class=\"gb-headline gb-headline-59cb2f5a gb-headline-text\">Bagni puliti, spaziosi e accoglienti<\/h4>\n\n\n\n<p class=\"gb-headline gb-headline-c42ba1a5 gb-headline-text\"><meta charset=\"utf-8\">Ci sforziamo di offrire ai nostri ospiti condizioni di alloggio speciali<\/p>\n\n<\/div><\/div><\/div>\n\n<div class=\"gb-grid-column gb-grid-column-6bf32184\"><div class=\"gb-container gb-container-6bf32184\"><div class=\"gb-inside-container\">\n\n<figure class=\"wp-block-image size-large\"><img loading=\"lazy\" decoding=\"async\" width=\"1024\" height=\"692\" src=\"https:\/\/popasulursilor.ro\/wp-content\/uploads\/2022\/09\/loc-de-joaca-copii-arieseni-1024x692.jpg\" alt=\"\" class=\"wp-image-5580\" srcset=\"https:\/\/popasulursilor.ro\/wp-content\/uploads\/2022\/09\/loc-de-joaca-copii-arieseni-1024x692.jpg 1024w, https:\/\/popasulursilor.ro\/wp-content\/uploads\/2022\/09\/loc-de-joaca-copii-arieseni-300x203.jpg 300w, https:\/\/popasulursilor.ro\/wp-content\/uploads\/2022\/09\/loc-de-joaca-copii-arieseni-768x519.jpg 768w, https:\/\/popasulursilor.ro\/wp-content\/uploads\/2022\/09\/loc-de-joaca-copii-arieseni-200x135.jpg 200w, https:\/\/popasulursilor.ro\/wp-content\/uploads\/2022\/09\/loc-de-joaca-copii-arieseni.jpg 1500w\" sizes=\"auto, (max-width: 1024px) 100vw, 1024px\" \/><\/figure>\n\n\n\n<h4 class=\"gb-headline gb-headline-934821d4 gb-headline-text\">Parco giochi per bambini<\/h4>\n\n\n\n<p class=\"gb-headline gb-headline-5dee6ec6 gb-headline-text\"><meta charset=\"utf-8\">I bambini giocano nella natura e i genitori si rilassano. Una situazione reciprocamente vantaggiosa \ud83d\ude09<\/p>\n\n<\/div><\/div><\/div>\n\n<div class=\"gb-grid-column gb-grid-column-b74973d2\"><div class=\"gb-container gb-container-b74973d2\"><div class=\"gb-inside-container\">\n\n<figure class=\"wp-block-image size-large\"><img loading=\"lazy\" decoding=\"async\" width=\"1024\" height=\"683\" src=\"https:\/\/popasulursilor.ro\/wp-content\/uploads\/2022\/09\/IMG_0252-1024x683.jpg\" alt=\"\" class=\"wp-image-5585\" srcset=\"https:\/\/popasulursilor.ro\/wp-content\/uploads\/2022\/09\/IMG_0252-1024x683.jpg 1024w, https:\/\/popasulursilor.ro\/wp-content\/uploads\/2022\/09\/IMG_0252-300x200.jpg 300w, https:\/\/popasulursilor.ro\/wp-content\/uploads\/2022\/09\/IMG_0252-768x512.jpg 768w, https:\/\/popasulursilor.ro\/wp-content\/uploads\/2022\/09\/IMG_0252-200x133.jpg 200w, https:\/\/popasulursilor.ro\/wp-content\/uploads\/2022\/09\/IMG_0252.jpg 1500w\" sizes=\"auto, (max-width: 1024px) 100vw, 1024px\" \/><\/figure>\n\n\n\n<h4 class=\"gb-headline gb-headline-2271b7c1 gb-headline-text\">Il nostro giardino \u00e8 natura<\/h4>\n\n\n\n<p class=\"gb-headline gb-headline-f19f3857 gb-headline-text\"><meta charset=\"utf-8\">Basta uscire dalla stanza per trovarsi praticamente in mezzo alla natura. Cosa c&#8217;\u00e8 di pi\u00f9 bello?<\/p>\n\n<\/div><\/div><\/div>\n<\/div>\n\n\n<div class=\"wp-block-buttons is-content-justification-center is-layout-flex wp-container-core-buttons-is-layout-16018d1d wp-block-buttons-is-layout-flex\">\n<div class=\"wp-block-button\"><a class=\"wp-block-button__link wp-element-button\" href=\"https:\/\/popasulursilor.ro\/it\/attrazioni\/\">Vedere le attrazioni locali<\/a><\/div>\n<\/div>\n\n<\/div><div class=\"gb-shapes\"><div class=\"gb-shape gb-shape-1\"><svg xmlns=\"http:\/\/www.w3.org\/2000\/svg\" viewBox=\"0 0 1200 360\" preserveAspectRatio=\"none\"><path d=\"M1200 360H0V0l1200 348z\"\/><\/svg><\/div><\/div><\/div>\n\n<div class=\"gb-container gb-container-ea6bcfcc\"><div class=\"gb-inside-container\">\n\n<h3 class=\"gb-headline gb-headline-36fc67ac gb-headline-text\">Cercate un alloggio nel cuore dei Monti Apuseni?<\/h3>\n\n\n\n<p>Trascorrete un momento indimenticabile nel cuore dei Monti Apuseni, nei pressi della Grotta dell&#8217;Orso, un luogo di un pittoresco speciale, dove le tradizioni sono di casa!<\/p>\n\n\n<div class=\"gb-container gb-container-003ba905\"><div class=\"gb-inside-container\">\n<div class=\"gb-grid-wrapper gb-grid-wrapper-3bfbdaa1\">\n<div class=\"gb-grid-column gb-grid-column-65ac58a2\"><div class=\"gb-container gb-container-65ac58a2\"><div class=\"gb-inside-container\">\n\n<h4 class=\"gb-headline gb-headline-f8165eb4 gb-headline-text\">Ricevimento del Villaggio degli Orsi<\/h4>\n\n\n\n<h5 class=\"gb-headline gb-headline-65eb39a1\"><span class=\"gb-icon\"><svg xmlns=\"http:\/\/www.w3.org\/2000\/svg\" aria-hidden=\"true\" role=\"img\" height=\"1em\" width=\"1em\" viewbox=\"0 0 512 512\"><path fill=\"currentColor\" d=\"M493.4 24.6l-104-24c-11.3-2.6-22.9 3.3-27.5 13.9l-48 112c-4.2 9.8-1.4 21.3 6.9 28l60.6 49.6c-36 76.7-98.9 140.5-177.2 177.2l-49.6-60.6c-6.8-8.3-18.2-11.1-28-6.9l-112 48C3.9 366.5-2 378.1.6 389.4l24 104C27.1 504.2 36.7 512 48 512c256.1 0 464-207.5 464-464 0-11.2-7.7-20.9-18.6-23.4z\"><\/path><\/svg><\/span><span class=\"gb-headline-text\"><a href=\"tel:0040746772417\">0746.772.417<\/a><\/span><\/h5>\n\n\n\n<p>Per prenotazioni o informazioni siamo volentieri a vostra disposizione, pronti a rispondere a qualsiasi domanda e vi aspettiamo per trascorrere qualche giorno indimenticabile in una localit\u00e0 meravigliosa, ricca di storia e tradizioni, nel cuore dei Monti Apuseni!<\/p>\n\n\n<div class=\"gb-button-wrapper gb-button-wrapper-f9f60df4\">\n\n<a class=\"gb-button gb-button-bbf7fd78 gb-button-text button smooth-scroll\" href=\"tel:0040746772417\">Chiama ora<\/a>\n\n\n\n<a class=\"gb-button gb-button-4e91cace gb-button-text button smooth-scroll\" href=\"https:\/\/popasulursilor.ro\/it\/prenotazioni\/\">Effettuare una prenotazione<\/a>\n\n<\/div>\n<\/div><\/div><\/div>\n<\/div>\n<\/div><\/div>\n<\/div><\/div>","protected":false},"excerpt":{"rendered":"<p>Avete tutte le ragioni per restare con noi! &#8230;e ve ne daremo ancora, quindi portate i vostri amici la prossima volta!<\/p>\n","protected":false},"author":1,"featured_media":0,"parent":0,"menu_order":0,"comment_status":"closed","ping_status":"closed","template":"","meta":{"footnotes":""},"class_list":{"0":"post-6385","1":"page","2":"type-page","3":"status-publish","5":"no-featured-image-padding"},"yoast_head":"<!-- This site is optimized with the Yoast SEO plugin v27.1.1 - https:\/\/yoast.com\/product\/yoast-seo-wordpress\/ -->\n<title>Alloggio Montagne Apuseni Pestera Ursilor alla Pensione Popasul Ursilor<\/title>\n<meta name=\"description\" content=\"Stai cercando un alloggio ad Arieseni, vicino alla Grotta dell&#039;Orso? Venite a Popasul Ursilor Guesthouse, nella grotta ed esplorate i Monti Apuseni\" \/>\n<meta name=\"robots\" content=\"index, follow, max-snippet:-1, max-image-preview:large, max-video-preview:-1\" \/>\n<link rel=\"canonical\" href=\"https:\/\/popasulursilor.ro\/it\/\" \/>\n<meta property=\"og:locale\" content=\"it_IT\" \/>\n<meta property=\"og:type\" content=\"article\" \/>\n<meta property=\"og:title\" content=\"Alloggio Montagne Apuseni Pestera Ursilor alla Pensione Popasul Ursilor\" \/>\n<meta property=\"og:description\" content=\"Stai cercando un alloggio ad Arieseni, vicino alla Grotta dell&#039;Orso? Venite a Popasul Ursilor Guesthouse, nella grotta ed esplorate i Monti Apuseni\" \/>\n<meta property=\"og:url\" content=\"https:\/\/popasulursilor.ro\/it\/\" \/>\n<meta property=\"og:site_name\" content=\"Pensiunea Popasul Ursilor\" \/>\n<meta property=\"article:modified_time\" content=\"2024-12-07T14:37:25+00:00\" \/>\n<meta property=\"og:image\" content=\"https:\/\/popasulursilor.ro\/wp-content\/uploads\/2022\/09\/pensiune-cazare-apuseni.jpg\" \/>\n\t<meta property=\"og:image:width\" content=\"1920\" \/>\n\t<meta property=\"og:image:height\" content=\"1608\" \/>\n\t<meta property=\"og:image:type\" content=\"image\/jpeg\" \/>\n<meta name=\"twitter:card\" content=\"summary_large_image\" \/>\n<meta name=\"twitter:label1\" content=\"Tempo di lettura stimato\" \/>\n\t<meta name=\"twitter:data1\" content=\"4 minuti\" \/>\n<script type=\"application\/ld+json\" class=\"yoast-schema-graph\">{\"@context\":\"https:\/\/schema.org\",\"@graph\":[{\"@type\":\"WebPage\",\"@id\":\"https:\/\/popasulursilor.ro\/it\/\",\"url\":\"https:\/\/popasulursilor.ro\/it\/\",\"name\":\"Alloggio Montagne Apuseni Pestera Ursilor alla Pensione Popasul Ursilor\",\"isPartOf\":{\"@id\":\"https:\/\/popasulursilor.ro\/it\/#website\"},\"primaryImageOfPage\":{\"@id\":\"https:\/\/popasulursilor.ro\/it\/#primaryimage\"},\"image\":{\"@id\":\"https:\/\/popasulursilor.ro\/it\/#primaryimage\"},\"thumbnailUrl\":\"https:\/\/popasulursilor.ro\/wp-content\/uploads\/2022\/09\/pensiune-cazare-apuseni-1024x858.jpg\",\"datePublished\":\"2022-10-07T19:28:07+00:00\",\"dateModified\":\"2024-12-07T14:37:25+00:00\",\"description\":\"Stai cercando un alloggio ad Arieseni, vicino alla Grotta dell'Orso? Venite a Popasul Ursilor Guesthouse, nella grotta ed esplorate i Monti Apuseni\",\"breadcrumb\":{\"@id\":\"https:\/\/popasulursilor.ro\/it\/#breadcrumb\"},\"inLanguage\":\"it-IT\",\"potentialAction\":[{\"@type\":\"ReadAction\",\"target\":[\"https:\/\/popasulursilor.ro\/it\/\"]}]},{\"@type\":\"ImageObject\",\"inLanguage\":\"it-IT\",\"@id\":\"https:\/\/popasulursilor.ro\/it\/#primaryimage\",\"url\":\"https:\/\/popasulursilor.ro\/wp-content\/uploads\/2022\/09\/pensiune-cazare-apuseni-1024x858.jpg\",\"contentUrl\":\"https:\/\/popasulursilor.ro\/wp-content\/uploads\/2022\/09\/pensiune-cazare-apuseni-1024x858.jpg\"},{\"@type\":\"BreadcrumbList\",\"@id\":\"https:\/\/popasulursilor.ro\/it\/#breadcrumb\",\"itemListElement\":[{\"@type\":\"ListItem\",\"position\":1,\"name\":\"Prima pagin\u0103\",\"item\":\"https:\/\/popasulursilor.ro\/it\/\"},{\"@type\":\"ListItem\",\"position\":2,\"name\":\"home\"}]},{\"@type\":\"WebSite\",\"@id\":\"https:\/\/popasulursilor.ro\/it\/#website\",\"url\":\"https:\/\/popasulursilor.ro\/it\/\",\"name\":\"Pensiunea Popasul Ursilor\",\"description\":\"Cazare langa Pestera Ursilor Muntii Apuseni\",\"potentialAction\":[{\"@type\":\"SearchAction\",\"target\":{\"@type\":\"EntryPoint\",\"urlTemplate\":\"https:\/\/popasulursilor.ro\/it\/?s={search_term_string}\"},\"query-input\":{\"@type\":\"PropertyValueSpecification\",\"valueRequired\":true,\"valueName\":\"search_term_string\"}}],\"inLanguage\":\"it-IT\"}]}<\/script>\n<!-- \/ Yoast SEO plugin. -->","yoast_head_json":{"title":"Alloggio Montagne Apuseni Pestera Ursilor alla Pensione Popasul Ursilor","description":"Stai cercando un alloggio ad Arieseni, vicino alla Grotta dell'Orso? Venite a Popasul Ursilor Guesthouse, nella grotta ed esplorate i Monti Apuseni","robots":{"index":"index","follow":"follow","max-snippet":"max-snippet:-1","max-image-preview":"max-image-preview:large","max-video-preview":"max-video-preview:-1"},"canonical":"https:\/\/popasulursilor.ro\/it\/","og_locale":"it_IT","og_type":"article","og_title":"Alloggio Montagne Apuseni Pestera Ursilor alla Pensione Popasul Ursilor","og_description":"Stai cercando un alloggio ad Arieseni, vicino alla Grotta dell'Orso? Venite a Popasul Ursilor Guesthouse, nella grotta ed esplorate i Monti Apuseni","og_url":"https:\/\/popasulursilor.ro\/it\/","og_site_name":"Pensiunea Popasul Ursilor","article_modified_time":"2024-12-07T14:37:25+00:00","og_image":[{"width":1920,"height":1608,"url":"https:\/\/popasulursilor.ro\/wp-content\/uploads\/2022\/09\/pensiune-cazare-apuseni.jpg","type":"image\/jpeg"}],"twitter_card":"summary_large_image","twitter_misc":{"Tempo di lettura stimato":"4 minuti"},"schema":{"@context":"https:\/\/schema.org","@graph":[{"@type":"WebPage","@id":"https:\/\/popasulursilor.ro\/it\/","url":"https:\/\/popasulursilor.ro\/it\/","name":"Alloggio Montagne Apuseni Pestera Ursilor alla Pensione Popasul Ursilor","isPartOf":{"@id":"https:\/\/popasulursilor.ro\/it\/#website"},"primaryImageOfPage":{"@id":"https:\/\/popasulursilor.ro\/it\/#primaryimage"},"image":{"@id":"https:\/\/popasulursilor.ro\/it\/#primaryimage"},"thumbnailUrl":"https:\/\/popasulursilor.ro\/wp-content\/uploads\/2022\/09\/pensiune-cazare-apuseni-1024x858.jpg","datePublished":"2022-10-07T19:28:07+00:00","dateModified":"2024-12-07T14:37:25+00:00","description":"Stai cercando un alloggio ad Arieseni, vicino alla Grotta dell'Orso? Venite a Popasul Ursilor Guesthouse, nella grotta ed esplorate i Monti Apuseni","breadcrumb":{"@id":"https:\/\/popasulursilor.ro\/it\/#breadcrumb"},"inLanguage":"it-IT","potentialAction":[{"@type":"ReadAction","target":["https:\/\/popasulursilor.ro\/it\/"]}]},{"@type":"ImageObject","inLanguage":"it-IT","@id":"https:\/\/popasulursilor.ro\/it\/#primaryimage","url":"https:\/\/popasulursilor.ro\/wp-content\/uploads\/2022\/09\/pensiune-cazare-apuseni-1024x858.jpg","contentUrl":"https:\/\/popasulursilor.ro\/wp-content\/uploads\/2022\/09\/pensiune-cazare-apuseni-1024x858.jpg"},{"@type":"BreadcrumbList","@id":"https:\/\/popasulursilor.ro\/it\/#breadcrumb","itemListElement":[{"@type":"ListItem","position":1,"name":"Prima pagin\u0103","item":"https:\/\/popasulursilor.ro\/it\/"},{"@type":"ListItem","position":2,"name":"home"}]},{"@type":"WebSite","@id":"https:\/\/popasulursilor.ro\/it\/#website","url":"https:\/\/popasulursilor.ro\/it\/","name":"Pensiunea Popasul Ursilor","description":"Cazare langa Pestera Ursilor Muntii Apuseni","potentialAction":[{"@type":"SearchAction","target":{"@type":"EntryPoint","urlTemplate":"https:\/\/popasulursilor.ro\/it\/?s={search_term_string}"},"query-input":{"@type":"PropertyValueSpecification","valueRequired":true,"valueName":"search_term_string"}}],"inLanguage":"it-IT"}]}},"_links":{"self":[{"href":"https:\/\/popasulursilor.ro\/it\/wp-json\/wp\/v2\/pages\/6385","targetHints":{"allow":["GET"]}}],"collection":[{"href":"https:\/\/popasulursilor.ro\/it\/wp-json\/wp\/v2\/pages"}],"about":[{"href":"https:\/\/popasulursilor.ro\/it\/wp-json\/wp\/v2\/types\/page"}],"author":[{"embeddable":true,"href":"https:\/\/popasulursilor.ro\/it\/wp-json\/wp\/v2\/users\/1"}],"replies":[{"embeddable":true,"href":"https:\/\/popasulursilor.ro\/it\/wp-json\/wp\/v2\/comments?post=6385"}],"version-history":[{"count":8,"href":"https:\/\/popasulursilor.ro\/it\/wp-json\/wp\/v2\/pages\/6385\/revisions"}],"predecessor-version":[{"id":6742,"href":"https:\/\/popasulursilor.ro\/it\/wp-json\/wp\/v2\/pages\/6385\/revisions\/6742"}],"wp:attachment":[{"href":"https:\/\/popasulursilor.ro\/it\/wp-json\/wp\/v2\/media?parent=6385"}],"curies":[{"name":"wp","href":"https:\/\/api.w.org\/{rel}","templated":true}]}}