{"id":6440,"date":"2022-10-07T19:28:43","date_gmt":"2022-10-07T19:28:43","guid":{"rendered":"https:\/\/popasulursilor.ro\/informativa-sulla-privacy\/"},"modified":"2022-10-07T19:29:18","modified_gmt":"2022-10-07T19:29:18","slug":"informativa-sulla-privacy","status":"publish","type":"page","link":"https:\/\/popasulursilor.ro\/it\/informativa-sulla-privacy\/","title":{"rendered":"Informativa sulla privacy"},"content":{"rendered":"\n<p>SC FIRMA AICI srl, CUI <strong>\n  <em>\n    <strong>, registrato presso il Registro del Commercio della contea _<\/strong>\n  <\/em>\n<\/strong>, in qualit\u00e0 di titolare del trattamento dei dati personali raccoglie e tratta i dati in conformit\u00e0 alle disposizioni della Legge n. 677 del 21.11.2001, e dal 25.05.2018 e alle disposizioni del Regolamento n. 679 del 27.04.2016 relativo alla protezione delle persone fisiche con riguardo al trattamento dei dati personali, nonch\u00e9 alla libera circolazione di tali dati.<\/p>\n\n<p>Lo scopo di questo documento \u00e8 quello di informare l&#8217;utente in modo accurato, specifico e inequivocabile su come e per quale scopo vengono raccolti e trattati i dati, sul periodo di conservazione degli stessi, sulle modalit\u00e0 di esercizio dei diritti individuali nonch\u00e9 sulle finalit\u00e0 secondarie del trattamento, se i dati saranno trattati per uno scopo diverso da quello per cui sono stati raccolti dai titolari del trattamento associati.<\/p>\n\n<p>Nel trattare questi dati, teniamo conto delle leggi vigenti in materia di protezione e trattamento dei dati personali. A tal fine, abbiamo condotto un audit interno sulla raccolta, l&#8217;elaborazione e la trasmissione dei dati personali, abbiamo adottato misure tecniche adeguate e stabilito una serie di procedure tecniche e amministrative interne, abbiamo condotto una formazione all&#8217;interno del team al fine di sensibilizzare e responsabilizzare i membri del team.<\/p>\n\n<p>Dati personali raccolti dalla nostra azienda, attraverso il sito web o tramite comunicazioni dirette, per lo svolgimento di attivit\u00e0 lavorative<br\/>Se siete nostri clienti, raccogliamo ed elaboriamo i seguenti dati per il legittimo scopo di fatturare e consegnare i vostri ordini in condizioni ottimali:<\/p>\n\n<ul class=\"wp-block-list\"><li>nome, cognome, indirizzo, citt\u00e0, provincia, codice postale, e-mail e numero di telefono, banca e conto corrente, ai fini della redazione della fattura fiscale e del contratto di servizio.<\/li><li>se scegliete di iscrivervi alla newsletter dell&#8217;azienda senza essere clienti, raccogliamo il vostro indirizzo e-mail per le comunicazioni di marketing, il vostro nome e la data di registrazione nel database, al fine di costituire una prova della vostra iscrizione alla newsletter dell&#8217;azienda<\/li><li>altre informazioni trasmesse dal cliente alla nostra societ\u00e0 nell&#8217;ambito e ai fini dell&#8217;esecuzione dei servizi<\/li><\/ul>\n\n<p>Se l&#8217;utente \u00e8 un visitatore, vengono registrati solo i dati dei cookie accettati dal visitatore al momento della prima visita al sito, attraverso la finestra di notifica della cookie policy e descritti nella pagina Cookie Policy.<\/p>\n\n<h3 class=\"wp-block-heading\">Durata del trattamento dei dati personali<\/h3>\n\n<p>La durata della conservazione e del trattamento dei dati personali \u00e8 strettamente legata al rapporto di lavoro tra la nostra azienda e il cliente o il potenziale cliente. I dati possono essere cancellati su richiesta esplicita del titolare dell&#8217;account o nella misura in cui ci\u00f2 sia necessario per raggiungere gli scopi indicati in questa pagina.<\/p>\n\n<p>I dati necessari per la preparazione delle fatture fiscali e dei contratti vengono conservati per il periodo necessario ad adempiere agli obblighi legali (fiscali, di archiviazione) imposti dalla legge rumena.<\/p>\n\n<h3 class=\"wp-block-heading\">Destinatari dei dati personali<\/h3>\n\n<p>I dati personali possono essere comunicati o consultati dalle seguenti persone o enti nell&#8217;ambito del processo lavorativo quotidiano:<\/p>\n\n<ul class=\"wp-block-list\"><li>dipendenti della nostra azienda al fine di svolgere l&#8217;attivit\u00e0<\/li><li>ai collaboratori della societ\u00e0, limitatamente, al fine di svolgere l&#8217;attivit\u00e0 della societ\u00e0 in buone condizioni (ai fornitori di servizi contabili, al fornitore di servizi di hosting tramite l&#8217;invio di moduli, al fornitore di servizi di fatturazione)<\/li><li>laddove tale comunicazione sia necessaria per l&#8217;assegnazione di premi o altre agevolazioni agli interessati ottenute a seguito della loro partecipazione a varie campagne promozionali organizzate da HERE FIRM attraverso il sito web o i canali promozionali associati, ad esempio la pagina Facebook, Instagram ecc.<\/li><li>per la misurazione delle visite, l&#8217;analisi dei dati, i test e le ricerche, il monitoraggio delle tendenze di utilizzo e delle attivit\u00e0, lo sviluppo di funzioni di sicurezza e l&#8217;autenticazione degli utenti, a moduli specifici come Google Analytics o simili;<\/li><li>quando la divulgazione dei dati personali \u00e8 richiesta dalla legge<\/li><li>ai fornitori di servizi di marketing e promozionali automatizzati e LIMITATI (attraverso i cookie), come ad esempio<ul><li>Google.com<\/li><li>Facebook.com<\/li><li>Pinterest.com<\/li><li>YouTube.com<\/li><li>Instagram.com<\/li><li>Tawk.to<\/li><li>WordPress.com<\/li><li>PushEngage.com<\/li><li>Mailchimp.com<\/li><\/ul><\/li><\/ul>\n\n<h3 class=\"wp-block-heading\">Informazioni sulle modalit\u00e0 di raccolta dei dati e sul consenso alla loro raccolta<\/h3>\n\n<p>A ciascun utente del nostro sito viene presentato, al momento della prima visita al sito, un elenco dei cookie raccolti o che raccolgono, in un modo o nell&#8217;altro, esplicitamente o implicitamente, dati che possono rientrare nella categoria dei dati personali. Ci\u00f2 avviene tramite la notifica in fondo al sito web, attraverso la quale il visitatore ha la possibilit\u00e0 di accettare l&#8217;informativa sulla privacy e sulla protezione dei dati.<\/p>\n\n<p>Nel caso dei moduli, essi vengono inviati solo se la politica di raccolta e protezione dei dati \u00e8 stata letta e accettata, come attestano le spunte obbligatorie in fondo a ogni modulo che lo richiede, come il modulo della pagina di contatto e il modulo di prenotazione.<\/p>\n\n<h3 class=\"wp-block-heading\">Diritti delle persone i cui dati sono raccolti<\/h3>\n\n<p>a) Diritto di accesso ai dati e alle informazioni Le persone i cui dati sono stati raccolti hanno il diritto di essere informate sui dati raccolti, sulle finalit\u00e0 e sulla durata della raccolta di tali dati.<\/p>\n\n<p>b) Diritto di intervento sui dati Le persone i cui dati sono stati raccolti hanno il diritto di ottenere su richiesta i dati raccolti, di chiedere la correzione, l&#8217;aggiornamento, il completamento o la cancellazione di tali dati, in particolare di quelli inesatti.<\/p>\n\n<p>La richiesta di modifica, aggiornamento, cancellazione dei dati deve essere indirizzata per iscritto o all&#8217;indirizzo e-mail dpo@popasulursilor.ro e deve includere informazioni sull&#8217;opzione di comunicazione della risposta, ossia in forma fisica o elettronica. La risposta a tali richieste sar\u00e0 comunicata entro 30 giorni dal ricevimento della richiesta.<\/p>\n\n<p>c) Diritto di opposizione Le persone di cui sono stati raccolti i dati possono opporsi in qualsiasi momento al trattamento dei dati personali che le riguardano, a meno che ci\u00f2 non sia contrario alla legislazione in vigore (fisco, archiviazione).<\/p>\n\n<p>A tal fine, cos\u00ec come per qualsiasi altra finalit\u00e0 relativa ai dati personali, gli interessati dovranno scrivere all&#8217;indirizzo della societ\u00e0 o inviare una e-mail a dpo@popasulursilor.ro, e la risposta sar\u00e0 inviata entro 30 giorni dalla data di ricezione della richiesta.<\/p>\n\n<p>Per qualsiasi domanda sul modo in cui vengono utilizzati i dati degli interessati o se sono necessari ulteriori chiarimenti su qualsiasi aspetto del trattamento dei dati, \u00e8 possibile contattare il responsabile della protezione dei dati della societ\u00e0 all&#8217;indirizzo e-mail dpo@popasulursilor.ro o inviando personalmente una notifica firmata olograficamente al nostro punto di lavoro situato all&#8217;indirizzo Localitatea Chiscau, nr.81c, Punct Turistic Pe\u0219tera Ur\u0219ilor 3633 Comuna Pietroasa, Bihor.<\/p>\n","protected":false},"excerpt":{"rendered":"<p>SC FIRMA AICI srl, CUI , registrato presso il Registro del Commercio della contea _ , in qualit\u00e0 di titolare del trattamento dei dati personali raccoglie e tratta i dati in conformit\u00e0 alle disposizioni della Legge n. 677 del 21.11.2001, e dal 25.05.2018 e alle disposizioni del Regolamento n. 679 del 27.04.2016 relativo alla protezione &#8230; <a title=\"Informativa sulla privacy\" class=\"read-more\" href=\"https:\/\/popasulursilor.ro\/it\/informativa-sulla-privacy\/\" aria-label=\"Per saperne di pi\u00f9 su Informativa sulla privacy\">Leggi tutto<\/a><\/p>\n","protected":false},"author":1,"featured_media":0,"parent":0,"menu_order":0,"comment_status":"closed","ping_status":"closed","template":"","meta":{"footnotes":""},"class_list":{"0":"post-6440","1":"page","2":"type-page","3":"status-publish","5":"no-featured-image-padding"},"yoast_head":"<!-- This site is optimized with the Yoast SEO plugin v27.1.1 - https:\/\/yoast.com\/product\/yoast-seo-wordpress\/ -->\n<title>Informativa sulla privacy - Pensiunea Popasul Ursilor<\/title>\n<meta name=\"robots\" content=\"index, follow, max-snippet:-1, max-image-preview:large, max-video-preview:-1\" \/>\n<link rel=\"canonical\" href=\"https:\/\/popasulursilor.ro\/it\/informativa-sulla-privacy\/\" \/>\n<meta property=\"og:locale\" content=\"it_IT\" \/>\n<meta property=\"og:type\" content=\"article\" \/>\n<meta property=\"og:title\" content=\"Informativa sulla privacy - Pensiunea Popasul Ursilor\" \/>\n<meta property=\"og:description\" content=\"SC FIRMA AICI srl, CUI , registrato presso il Registro del Commercio della contea _ , in qualit\u00e0 di titolare del trattamento dei dati personali raccoglie e tratta i dati in conformit\u00e0 alle disposizioni della Legge n. 677 del 21.11.2001, e dal 25.05.2018 e alle disposizioni del Regolamento n. 679 del 27.04.2016 relativo alla protezione ... Leggi tutto\" \/>\n<meta property=\"og:url\" content=\"https:\/\/popasulursilor.ro\/it\/informativa-sulla-privacy\/\" \/>\n<meta property=\"og:site_name\" content=\"Pensiunea Popasul Ursilor\" \/>\n<meta property=\"article:modified_time\" content=\"2022-10-07T19:29:18+00:00\" \/>\n<meta name=\"twitter:card\" content=\"summary_large_image\" \/>\n<meta name=\"twitter:label1\" content=\"Tempo di lettura stimato\" \/>\n\t<meta name=\"twitter:data1\" content=\"5 minuti\" \/>\n<script type=\"application\/ld+json\" class=\"yoast-schema-graph\">{\"@context\":\"https:\/\/schema.org\",\"@graph\":[{\"@type\":\"WebPage\",\"@id\":\"https:\/\/popasulursilor.ro\/it\/informativa-sulla-privacy\/\",\"url\":\"https:\/\/popasulursilor.ro\/it\/informativa-sulla-privacy\/\",\"name\":\"Informativa sulla privacy - Pensiunea Popasul Ursilor\",\"isPartOf\":{\"@id\":\"https:\/\/popasulursilor.ro\/it\/#website\"},\"datePublished\":\"2022-10-07T19:28:43+00:00\",\"dateModified\":\"2022-10-07T19:29:18+00:00\",\"breadcrumb\":{\"@id\":\"https:\/\/popasulursilor.ro\/it\/informativa-sulla-privacy\/#breadcrumb\"},\"inLanguage\":\"it-IT\",\"potentialAction\":[{\"@type\":\"ReadAction\",\"target\":[\"https:\/\/popasulursilor.ro\/it\/informativa-sulla-privacy\/\"]}]},{\"@type\":\"BreadcrumbList\",\"@id\":\"https:\/\/popasulursilor.ro\/it\/informativa-sulla-privacy\/#breadcrumb\",\"itemListElement\":[{\"@type\":\"ListItem\",\"position\":1,\"name\":\"Prima pagin\u0103\",\"item\":\"https:\/\/popasulursilor.ro\/it\/\"},{\"@type\":\"ListItem\",\"position\":2,\"name\":\"Informativa sulla privacy\"}]},{\"@type\":\"WebSite\",\"@id\":\"https:\/\/popasulursilor.ro\/it\/#website\",\"url\":\"https:\/\/popasulursilor.ro\/it\/\",\"name\":\"Pensiunea Popasul Ursilor\",\"description\":\"Cazare langa Pestera Ursilor Muntii Apuseni\",\"potentialAction\":[{\"@type\":\"SearchAction\",\"target\":{\"@type\":\"EntryPoint\",\"urlTemplate\":\"https:\/\/popasulursilor.ro\/it\/?s={search_term_string}\"},\"query-input\":{\"@type\":\"PropertyValueSpecification\",\"valueRequired\":true,\"valueName\":\"search_term_string\"}}],\"inLanguage\":\"it-IT\"}]}<\/script>\n<!-- \/ Yoast SEO plugin. -->","yoast_head_json":{"title":"Informativa sulla privacy - Pensiunea Popasul Ursilor","robots":{"index":"index","follow":"follow","max-snippet":"max-snippet:-1","max-image-preview":"max-image-preview:large","max-video-preview":"max-video-preview:-1"},"canonical":"https:\/\/popasulursilor.ro\/it\/informativa-sulla-privacy\/","og_locale":"it_IT","og_type":"article","og_title":"Informativa sulla privacy - Pensiunea Popasul Ursilor","og_description":"SC FIRMA AICI srl, CUI , registrato presso il Registro del Commercio della contea _ , in qualit\u00e0 di titolare del trattamento dei dati personali raccoglie e tratta i dati in conformit\u00e0 alle disposizioni della Legge n. 677 del 21.11.2001, e dal 25.05.2018 e alle disposizioni del Regolamento n. 679 del 27.04.2016 relativo alla protezione ... Leggi tutto","og_url":"https:\/\/popasulursilor.ro\/it\/informativa-sulla-privacy\/","og_site_name":"Pensiunea Popasul Ursilor","article_modified_time":"2022-10-07T19:29:18+00:00","twitter_card":"summary_large_image","twitter_misc":{"Tempo di lettura stimato":"5 minuti"},"schema":{"@context":"https:\/\/schema.org","@graph":[{"@type":"WebPage","@id":"https:\/\/popasulursilor.ro\/it\/informativa-sulla-privacy\/","url":"https:\/\/popasulursilor.ro\/it\/informativa-sulla-privacy\/","name":"Informativa sulla privacy - Pensiunea Popasul Ursilor","isPartOf":{"@id":"https:\/\/popasulursilor.ro\/it\/#website"},"datePublished":"2022-10-07T19:28:43+00:00","dateModified":"2022-10-07T19:29:18+00:00","breadcrumb":{"@id":"https:\/\/popasulursilor.ro\/it\/informativa-sulla-privacy\/#breadcrumb"},"inLanguage":"it-IT","potentialAction":[{"@type":"ReadAction","target":["https:\/\/popasulursilor.ro\/it\/informativa-sulla-privacy\/"]}]},{"@type":"BreadcrumbList","@id":"https:\/\/popasulursilor.ro\/it\/informativa-sulla-privacy\/#breadcrumb","itemListElement":[{"@type":"ListItem","position":1,"name":"Prima pagin\u0103","item":"https:\/\/popasulursilor.ro\/it\/"},{"@type":"ListItem","position":2,"name":"Informativa sulla privacy"}]},{"@type":"WebSite","@id":"https:\/\/popasulursilor.ro\/it\/#website","url":"https:\/\/popasulursilor.ro\/it\/","name":"Pensiunea Popasul Ursilor","description":"Cazare langa Pestera Ursilor Muntii Apuseni","potentialAction":[{"@type":"SearchAction","target":{"@type":"EntryPoint","urlTemplate":"https:\/\/popasulursilor.ro\/it\/?s={search_term_string}"},"query-input":{"@type":"PropertyValueSpecification","valueRequired":true,"valueName":"search_term_string"}}],"inLanguage":"it-IT"}]}},"_links":{"self":[{"href":"https:\/\/popasulursilor.ro\/it\/wp-json\/wp\/v2\/pages\/6440","targetHints":{"allow":["GET"]}}],"collection":[{"href":"https:\/\/popasulursilor.ro\/it\/wp-json\/wp\/v2\/pages"}],"about":[{"href":"https:\/\/popasulursilor.ro\/it\/wp-json\/wp\/v2\/types\/page"}],"author":[{"embeddable":true,"href":"https:\/\/popasulursilor.ro\/it\/wp-json\/wp\/v2\/users\/1"}],"replies":[{"embeddable":true,"href":"https:\/\/popasulursilor.ro\/it\/wp-json\/wp\/v2\/comments?post=6440"}],"version-history":[{"count":7,"href":"https:\/\/popasulursilor.ro\/it\/wp-json\/wp\/v2\/pages\/6440\/revisions"}],"predecessor-version":[{"id":6487,"href":"https:\/\/popasulursilor.ro\/it\/wp-json\/wp\/v2\/pages\/6440\/revisions\/6487"}],"wp:attachment":[{"href":"https:\/\/popasulursilor.ro\/it\/wp-json\/wp\/v2\/media?parent=6440"}],"curies":[{"name":"wp","href":"https:\/\/api.w.org\/{rel}","templated":true}]}}